{"id":6746,"date":"2020-12-28T10:25:40","date_gmt":"2020-12-28T10:25:40","guid":{"rendered":"https:\/\/demo4.drfuri.com\/razzi\/?page_id=6746"},"modified":"2020-12-28T10:25:40","modified_gmt":"2020-12-28T10:25:40","slug":"products-grid","status":"publish","type":"page","link":"https:\/\/tavieta.lt\/lv\/products-grid\/","title":{"rendered":"Products Grid"},"content":{"rendered":"<div data-elementor-type=\"wp-page\" data-elementor-id=\"6746\" class=\"elementor elementor-6746\">\n\t\t\t\t\t\t<section class=\"elementor-section elementor-top-section elementor-element elementor-element-dcaf71c elementor-section-boxed elementor-section-height-default elementor-section-height-default\" data-id=\"dcaf71c\" data-element_type=\"section\">\n\t\t\t\t\t\t<div class=\"elementor-container elementor-column-gap-default\">\n\t\t\t\t\t<div class=\"elementor-column elementor-col-100 elementor-top-column elementor-element elementor-element-b6422d6\" data-id=\"b6422d6\" data-element_type=\"column\">\n\t\t\t<div class=\"elementor-widget-wrap elementor-element-populated\">\n\t\t\t\t\t\t<div class=\"elementor-element elementor-element-1e67eee elementor-widget elementor-widget-razzi-products-grid\" data-id=\"1e67eee\" data-element_type=\"widget\" data-settings=\"{&quot;per_page&quot;:8,&quot;columns&quot;:4,&quot;products&quot;:&quot;recent&quot;}\" data-widget_type=\"razzi-products-grid.default\">\n\t\t\t\t<div class=\"elementor-widget-container\">\n\t\t\t\t\t\t\t<div class=\"razzi-products-grid woocommerce\">\r\n\t\t\t<div class=\"product-content\"><ul class=\"products columns-4\">\n<li class=\"product type-product post-12429 status-publish first outofstock product_cat-atramos-ir-stovai-knygoms has-post-thumbnail product-type-simple\">\n\t<a href=\"https:\/\/tavieta.lt\/lv\/products\/a4-formato-rotaciniai-stendai\/\" class=\"woocommerce-LoopProduct-link woocommerce-loop-product__link\"><img decoding=\"async\" width=\"114\" height=\"370\" src=\"https:\/\/tavieta.lt\/wp-content\/uploads\/2024\/02\/image291-e1608298479985-114x370.jpeg\" class=\"attachment-woocommerce_thumbnail size-woocommerce_thumbnail\" alt=\"A4 formato rotacinis stendas\" \/><h2 class=\"woocommerce-loop-product__title\">A4 form\u0101ta rot\u0113jo\u0161ais stat\u012bvs<\/h2><\/a><\/li>\n<li class=\"product type-product post-12441 status-publish outofstock product_cat-knygu-taisymas-ir-prieziura product_cat-knygu-valymo-priemones has-post-thumbnail product-type-simple\">\n\t<a href=\"https:\/\/tavieta.lt\/lv\/products\/absorene-nesvarumu-trintukas-ir-valiklis\/\" class=\"woocommerce-LoopProduct-link woocommerce-loop-product__link\"><img fetchpriority=\"high\" decoding=\"async\" width=\"370\" height=\"370\" src=\"https:\/\/tavieta.lt\/wp-content\/uploads\/2024\/02\/Absorene-nesvarumu-trintukas-ir-valiklis-444x444.jpeg\" class=\"attachment-woocommerce_thumbnail size-woocommerce_thumbnail\" alt=\"Absorene - ne\u0161varum\u0173 trintukas ir valiklis\" srcset=\"https:\/\/tavieta.lt\/wp-content\/uploads\/2024\/02\/Absorene-nesvarumu-trintukas-ir-valiklis-444x444.jpeg 444w, https:\/\/tavieta.lt\/wp-content\/uploads\/2024\/02\/Absorene-nesvarumu-trintukas-ir-valiklis-100x100.jpeg 100w, https:\/\/tavieta.lt\/wp-content\/uploads\/2024\/02\/Absorene-nesvarumu-trintukas-ir-valiklis-800x800.jpeg 800w, https:\/\/tavieta.lt\/wp-content\/uploads\/2024\/02\/Absorene-nesvarumu-trintukas-ir-valiklis-150x150.jpeg 150w, https:\/\/tavieta.lt\/wp-content\/uploads\/2024\/02\/Absorene-nesvarumu-trintukas-ir-valiklis-300x300.jpeg 300w, https:\/\/tavieta.lt\/wp-content\/uploads\/2024\/02\/Absorene-nesvarumu-trintukas-ir-valiklis-768x768.jpeg 768w, https:\/\/tavieta.lt\/wp-content\/uploads\/2024\/02\/Absorene-nesvarumu-trintukas-ir-valiklis-1024x1024.jpeg 1024w, https:\/\/tavieta.lt\/wp-content\/uploads\/2024\/02\/Absorene-nesvarumu-trintukas-ir-valiklis.jpeg 250w\" sizes=\"(max-width: 370px) 100vw, 370px\" \/><h2 class=\"woocommerce-loop-product__title\">Absorene - net\u012brumu no\u0146\u0113m\u0113js un t\u012br\u012b\u0161anas l\u012bdzeklis<\/h2><\/a><\/li>\n<li class=\"product type-product post-12452 status-publish outofstock product_cat-knygu-taisymas-ir-prieziura product_cat-knygu-virseliu-apsauga has-post-thumbnail product-type-simple\">\n\t<a href=\"https:\/\/tavieta.lt\/lv\/products\/adaptaroll-knygu-aplankalai\/\" class=\"woocommerce-LoopProduct-link woocommerce-loop-product__link\"><img decoding=\"async\" width=\"370\" height=\"370\" src=\"https:\/\/tavieta.lt\/wp-content\/uploads\/2024\/02\/238-O-adaptaroll-444x444.jpg\" class=\"attachment-woocommerce_thumbnail size-woocommerce_thumbnail\" alt=\"Adaptaroll - knyg\u0173 aplankalai\" srcset=\"https:\/\/tavieta.lt\/wp-content\/uploads\/2024\/02\/238-O-adaptaroll-444x444.jpg 444w, https:\/\/tavieta.lt\/wp-content\/uploads\/2024\/02\/238-O-adaptaroll-100x100.jpg 100w, https:\/\/tavieta.lt\/wp-content\/uploads\/2024\/02\/238-O-adaptaroll-800x800.jpg 800w, https:\/\/tavieta.lt\/wp-content\/uploads\/2024\/02\/238-O-adaptaroll-150x150.jpg 150w, https:\/\/tavieta.lt\/wp-content\/uploads\/2024\/02\/238-O-adaptaroll-300x300.jpg 300w, https:\/\/tavieta.lt\/wp-content\/uploads\/2024\/02\/238-O-adaptaroll-768x768.jpg 768w, https:\/\/tavieta.lt\/wp-content\/uploads\/2024\/02\/238-O-adaptaroll-1024x1024.jpg 1024w, https:\/\/tavieta.lt\/wp-content\/uploads\/2024\/02\/238-O-adaptaroll.jpg 350w\" sizes=\"(max-width: 370px) 100vw, 370px\" \/><h2 class=\"woocommerce-loop-product__title\">Adaptaroll - gr\u0101matu mapes<\/h2><\/a><\/li>\n<li class=\"product type-product post-12646 status-publish last outofstock product_cat-restauratoriams product_cat-valymas-ir-prieziura has-post-thumbnail product-type-simple\">\n\t<a href=\"https:\/\/tavieta.lt\/lv\/products\/ajatin-plus-priesgrybelinis-dezinfektantas\/\" class=\"woocommerce-LoopProduct-link woocommerce-loop-product__link\"><img loading=\"lazy\" decoding=\"async\" width=\"370\" height=\"370\" src=\"https:\/\/tavieta.lt\/wp-content\/uploads\/2024\/02\/Ajatin-Plus-priesgrybelinis-dezinfektantas-444x444.jpeg\" class=\"attachment-woocommerce_thumbnail size-woocommerce_thumbnail\" alt=\"Ajatin Plus - prie\u0161grybelinis dezinfektantas\" srcset=\"https:\/\/tavieta.lt\/wp-content\/uploads\/2024\/02\/Ajatin-Plus-priesgrybelinis-dezinfektantas-444x444.jpeg 444w, https:\/\/tavieta.lt\/wp-content\/uploads\/2024\/02\/Ajatin-Plus-priesgrybelinis-dezinfektantas-100x100.jpeg 100w, https:\/\/tavieta.lt\/wp-content\/uploads\/2024\/02\/Ajatin-Plus-priesgrybelinis-dezinfektantas-800x800.jpeg 800w, https:\/\/tavieta.lt\/wp-content\/uploads\/2024\/02\/Ajatin-Plus-priesgrybelinis-dezinfektantas-150x150.jpeg 150w, https:\/\/tavieta.lt\/wp-content\/uploads\/2024\/02\/Ajatin-Plus-priesgrybelinis-dezinfektantas-300x300.jpeg 300w, https:\/\/tavieta.lt\/wp-content\/uploads\/2024\/02\/Ajatin-Plus-priesgrybelinis-dezinfektantas-768x768.jpeg 768w, https:\/\/tavieta.lt\/wp-content\/uploads\/2024\/02\/Ajatin-Plus-priesgrybelinis-dezinfektantas-1024x1024.jpeg 1024w\" sizes=\"(max-width: 370px) 100vw, 370px\" \/><h2 class=\"woocommerce-loop-product__title\">Ajatin Plus ir prets\u0113n\u012b\u0161u dezinfekcijas l\u012bdzeklis<\/h2><\/a><\/li>\n<li class=\"product type-product post-12683 status-publish first outofstock product_cat-restauratoriams product_cat-restauravimo-priemones has-post-thumbnail product-type-simple\">\n\t<a href=\"https:\/\/tavieta.lt\/lv\/products\/akrylep-545-archyvo-klijai\/\" class=\"woocommerce-LoopProduct-link woocommerce-loop-product__link\"><img loading=\"lazy\" decoding=\"async\" width=\"370\" height=\"370\" src=\"https:\/\/tavieta.lt\/wp-content\/uploads\/2024\/02\/Akrylep-545-\u2013-archyvo-klijai-370x370.jpeg\" class=\"attachment-woocommerce_thumbnail size-woocommerce_thumbnail\" alt=\"Akrylep 545 \u2013 archyvo klijai\" srcset=\"https:\/\/tavieta.lt\/wp-content\/uploads\/2024\/02\/Akrylep-545-\u2013-archyvo-klijai-370x370.jpeg 370w, https:\/\/tavieta.lt\/wp-content\/uploads\/2024\/02\/Akrylep-545-\u2013-archyvo-klijai-100x100.jpeg 100w, https:\/\/tavieta.lt\/wp-content\/uploads\/2024\/02\/Akrylep-545-\u2013-archyvo-klijai-800x800.jpeg 800w, https:\/\/tavieta.lt\/wp-content\/uploads\/2024\/02\/Akrylep-545-\u2013-archyvo-klijai-150x150.jpeg 150w, https:\/\/tavieta.lt\/wp-content\/uploads\/2024\/02\/Akrylep-545-\u2013-archyvo-klijai-300x300.jpeg 300w, https:\/\/tavieta.lt\/wp-content\/uploads\/2024\/02\/Akrylep-545-\u2013-archyvo-klijai-768x768.jpeg 768w, https:\/\/tavieta.lt\/wp-content\/uploads\/2024\/02\/Akrylep-545-\u2013-archyvo-klijai-1024x1024.jpeg 1024w, https:\/\/tavieta.lt\/wp-content\/uploads\/2024\/02\/Akrylep-545-\u2013-archyvo-klijai-444x444.jpeg 444w\" sizes=\"(max-width: 370px) 100vw, 370px\" \/><h2 class=\"woocommerce-loop-product__title\">Akrylep 545 - arh\u012bva l\u012bme<\/h2><\/a><\/li>\n<li class=\"product type-product post-12742 status-publish outofstock product_cat-restauratoriams product_cat-restauravimo-iranga has-post-thumbnail product-type-simple\">\n\t<a href=\"https:\/\/tavieta.lt\/lv\/products\/alto-attix-360-11-dulkiu-siurblys\/\" class=\"woocommerce-LoopProduct-link woocommerce-loop-product__link\"><img loading=\"lazy\" decoding=\"async\" width=\"370\" height=\"370\" src=\"https:\/\/tavieta.lt\/wp-content\/uploads\/2024\/02\/ALTO-ATTIX-360-11-dulkiu-siurblys-370x370.jpeg\" class=\"attachment-woocommerce_thumbnail size-woocommerce_thumbnail\" alt=\"ALTO ATTIX 360-11 dulki\u0173 siurblys\" srcset=\"https:\/\/tavieta.lt\/wp-content\/uploads\/2024\/02\/ALTO-ATTIX-360-11-dulkiu-siurblys-370x370.jpeg 370w, https:\/\/tavieta.lt\/wp-content\/uploads\/2024\/02\/ALTO-ATTIX-360-11-dulkiu-siurblys-100x100.jpeg 100w, https:\/\/tavieta.lt\/wp-content\/uploads\/2024\/02\/ALTO-ATTIX-360-11-dulkiu-siurblys-800x800.jpeg 800w, https:\/\/tavieta.lt\/wp-content\/uploads\/2024\/02\/ALTO-ATTIX-360-11-dulkiu-siurblys-150x150.jpeg 150w, https:\/\/tavieta.lt\/wp-content\/uploads\/2024\/02\/ALTO-ATTIX-360-11-dulkiu-siurblys-300x300.jpeg 300w, https:\/\/tavieta.lt\/wp-content\/uploads\/2024\/02\/ALTO-ATTIX-360-11-dulkiu-siurblys-768x768.jpeg 768w, https:\/\/tavieta.lt\/wp-content\/uploads\/2024\/02\/ALTO-ATTIX-360-11-dulkiu-siurblys-1024x1024.jpeg 1024w, https:\/\/tavieta.lt\/wp-content\/uploads\/2024\/02\/ALTO-ATTIX-360-11-dulkiu-siurblys-444x444.jpeg 444w\" sizes=\"(max-width: 370px) 100vw, 370px\" \/><h2 class=\"woocommerce-loop-product__title\">ALTO ATTIX 360-11 putek\u013cu s\u016bc\u0113js<\/h2><\/a><\/li>\n<li class=\"product type-product post-12477 status-publish outofstock product_cat-atramos-ir-stovai-knygoms has-post-thumbnail product-type-simple\">\n\t<a href=\"https:\/\/tavieta.lt\/lv\/products\/ant-grindu-statomas-stovas-a4\/\" class=\"woocommerce-LoopProduct-link woocommerce-loop-product__link\"><img loading=\"lazy\" decoding=\"async\" width=\"180\" height=\"370\" src=\"https:\/\/tavieta.lt\/wp-content\/uploads\/2024\/02\/image285-180x370.jpeg\" class=\"attachment-woocommerce_thumbnail size-woocommerce_thumbnail\" alt=\"Ant grind\u0173 statomas stovas A4\" \/><h2 class=\"woocommerce-loop-product__title\">Stat\u012bvs A4 ir novietots uz gr\u012bdas<\/h2><\/a><\/li>\n<li class=\"product type-product post-12590 status-publish last outofstock product_cat-dezutes-saugojimui has-post-thumbnail product-type-simple\">\n\t<a href=\"https:\/\/tavieta.lt\/lv\/products\/apgaubianti-dezute-ks-1\/\" class=\"woocommerce-LoopProduct-link woocommerce-loop-product__link\"><img loading=\"lazy\" decoding=\"async\" width=\"370\" height=\"370\" src=\"https:\/\/tavieta.lt\/wp-content\/uploads\/2024\/02\/202_l-370x370.jpg\" class=\"attachment-woocommerce_thumbnail size-woocommerce_thumbnail\" alt=\"Apgaubianti d\u0117\u017eut\u0117 KS 1\" srcset=\"https:\/\/tavieta.lt\/wp-content\/uploads\/2024\/02\/202_l-370x370.jpg 370w, https:\/\/tavieta.lt\/wp-content\/uploads\/2024\/02\/202_l-100x100.jpg 100w, https:\/\/tavieta.lt\/wp-content\/uploads\/2024\/02\/202_l-800x800.jpg 800w, https:\/\/tavieta.lt\/wp-content\/uploads\/2024\/02\/202_l-150x150.jpg 150w, https:\/\/tavieta.lt\/wp-content\/uploads\/2024\/02\/202_l-300x300.jpg 300w, https:\/\/tavieta.lt\/wp-content\/uploads\/2024\/02\/202_l-768x768.jpg 768w, https:\/\/tavieta.lt\/wp-content\/uploads\/2024\/02\/202_l-1024x1024.jpg 1024w, https:\/\/tavieta.lt\/wp-content\/uploads\/2024\/02\/202_l-444x444.jpg 444w\" sizes=\"(max-width: 370px) 100vw, 370px\" \/><h2 class=\"woocommerce-loop-product__title\">Nosl\u0113dzo\u0161\u0101 kaste KS 1<\/h2><\/a><\/li>\n<\/ul>\n<\/div><a href=\"#\" class=\"ajax-load-products razzi-button button-larger\" data-page=\"2\" rel=\"nofollow\">\r\n\t\t\t\t\t\t\t\t\t<span class=\"button-text\">Iel\u0101d\u0113t vair\u0101k<\/span>\r\n\t\t\t\t\t\t\t\t\t<span class=\"dots razzi-gooey\">\r\n\t\t\t\t\t\t\t\t\t\t<span><\/span>\r\n\t\t\t\t\t\t\t\t\t\t<span><\/span>\r\n\t\t\t\t\t\t\t\t\t\t<span><\/span>\r\n\t\t\t\t\t\t\t\t\t<\/span>\r\n\t\t\t\t\t\t\t\t<\/a>\t\t<\/div>\r\n\t\t\t\t\t\t<\/div>\n\t\t\t\t<\/div>\n\t\t\t\t\t<\/div>\n\t\t<\/div>\n\t\t\t\t\t<\/div>\n\t\t<\/section>\n\t\t\t\t<\/div>","protected":false},"excerpt":{"rendered":"<p>Add to cart Quick View Add to wishlist Bag Bag with Flap &pound;&nbsp;8.16 -9% Add to cart Quick View Add to wishlist Dresses Basic Dress Green &pound;&nbsp;174.30 &pound;&nbsp;158.79 NewAdd to cart Quick View Add to wishlist Kids Basic Knit Pompom &pound;&nbsp;101.92 New View products Quick View Add to wishlist T-Shirts Basic Long Sleeve &pound;&nbsp;21.42 &ndash; [&hellip;]<\/p>","protected":false},"author":1,"featured_media":0,"parent":0,"menu_order":0,"comment_status":"closed","ping_status":"closed","template":"","meta":{"footnotes":""},"class_list":["post-6746","page","type-page","status-publish","hentry"],"_links":{"self":[{"href":"https:\/\/tavieta.lt\/lv\/wp-json\/wp\/v2\/pages\/6746","targetHints":{"allow":["GET"]}}],"collection":[{"href":"https:\/\/tavieta.lt\/lv\/wp-json\/wp\/v2\/pages"}],"about":[{"href":"https:\/\/tavieta.lt\/lv\/wp-json\/wp\/v2\/types\/page"}],"author":[{"embeddable":true,"href":"https:\/\/tavieta.lt\/lv\/wp-json\/wp\/v2\/users\/1"}],"replies":[{"embeddable":true,"href":"https:\/\/tavieta.lt\/lv\/wp-json\/wp\/v2\/comments?post=6746"}],"version-history":[{"count":0,"href":"https:\/\/tavieta.lt\/lv\/wp-json\/wp\/v2\/pages\/6746\/revisions"}],"wp:attachment":[{"href":"https:\/\/tavieta.lt\/lv\/wp-json\/wp\/v2\/media?parent=6746"}],"curies":[{"name":"wp","href":"https:\/\/api.w.org\/{rel}","templated":true}]}}