{"id":12406,"date":"2024-02-07T08:30:27","date_gmt":"2024-02-07T08:30:27","guid":{"rendered":"http:\/\/tavieta.lt\/produktas\/filmoplast-p-skaidri-juosta\/"},"modified":"2025-01-31T13:18:49","modified_gmt":"2025-01-31T13:18:49","slug":"filmoplast-p-skaidri-juosta","status":"publish","type":"product","link":"https:\/\/tavieta.lt\/lv\/products\/filmoplast-p-skaidri-juosta\/","title":{"rendered":"Filmoplast P caursp\u012bd\u012bga lente"},"content":{"rendered":"<p><iframe title=\"Neschen \u2013 dokumenti: filmoplast P (EN)\" width=\"640\" height=\"360\" src=\"https:\/\/www.youtube.com\/embed\/FZj12J_wZ30?feature=oembed\" frameborder=\"0\" allow=\"accelerometer; autoplay; clipboard-write; encrypted-media; gyroscope; picture-in-picture; web-share\" referrerpolicy=\"strict-origin-when-cross-origin\" allowfullscreen><\/iframe><\/p>\n<p>&nbsp;<\/p>\n<p>Filmoplast P caursp\u012bd\u012bga lente - caursp\u012bd\u012bga \u0161\u0137iedra, bezsk\u0101bs, novecojo\u0161s speci\u0101ls pap\u012brs, bez koksnes 20 g\/m2, nedzelt\u0113jo\u0161s, ilgsto\u0161as elast\u012bbas neitr\u0101la l\u012bmjava, pastiprin\u0101ta ar CaCO3. Izmanto remontam, aizsardz\u012bbai un iegul\u0161anai Moderns pap\u012brs, ide\u0101li piem\u0113rots boj\u0101tu lapu un dokumentu neman\u0101mai labo\u0161anai.<\/p>\n<table style=\"width: 64.6403%; height: 167px;\" cellspacing=\"0\" cellpadding=\"0\">\n<tbody>\n<tr>\n<td style=\"text-align: center;\" valign=\"top\"><strong><span style=\"color: #000000; font-size: 15px;\">Materi\u0101la kods<\/span><\/strong><\/td>\n<td style=\"text-align: center;\" valign=\"top\"><strong><span style=\"color: #000000; font-size: 15px;\">Apraksts<\/span><\/strong><\/td>\n<td style=\"text-align: center;\" valign=\"top\"><strong><span style=\"color: #000000; font-size: 15px;\">Iepakojums<\/span><\/strong><\/td>\n<\/tr>\n<tr>\n<td style=\"text-align: center;\" valign=\"top\"><span style=\"color: #000000; font-size: 15px;\">10142<\/span><\/td>\n<td style=\"text-align: center;\" valign=\"top\"><span style=\"color: #000000; font-size: 15px;\">Filmoplasts P 50 mx 1,3 cm<\/span><\/td>\n<td style=\"text-align: center;\" valign=\"top\"><span style=\"color: #000000; font-size: 15px;\">1 gab.<\/span><\/td>\n<\/tr>\n<tr>\n<td style=\"text-align: center;\" valign=\"top\"><span style=\"color: #000000; font-size: 15px;\">10143<\/span><\/td>\n<td style=\"text-align: center;\" valign=\"top\"><span style=\"color: #000000; font-size: 15px;\">Filmoplasts P 50 mx 2 cm<\/span><\/td>\n<td style=\"text-align: center;\" valign=\"top\"><span style=\"color: #000000; font-size: 15px;\">1 gab.<\/span><\/td>\n<\/tr>\n<tr>\n<td style=\"text-align: center;\" valign=\"top\"><span style=\"color: #000000; font-size: 15px;\">10145<\/span><\/td>\n<td style=\"text-align: center;\" valign=\"top\"><span style=\"color: #000000; font-size: 15px;\">Filmoplasts P 50 mx 4 cm<\/span><\/td>\n<td style=\"text-align: center;\" valign=\"top\"><span style=\"color: #000000; font-size: 15px;\">1 gab.<\/span><\/td>\n<\/tr>\n<tr>\n<td style=\"text-align: center;\" valign=\"top\"><span style=\"color: #000000; font-size: 15px;\">10146<\/span><\/td>\n<td style=\"text-align: center;\" valign=\"top\"><span style=\"color: #000000; font-size: 15px;\">Filmoplasts P 10 mx 40 cm<\/span><\/td>\n<td style=\"text-align: center;\" valign=\"top\"><span style=\"color: #000000; font-size: 15px;\">1 gab.<\/span><\/td>\n<\/tr>\n<\/tbody>\n<\/table>","protected":false},"excerpt":{"rendered":"<p>Filmoplast P caursp\u012bd\u012bga lente - caursp\u012bd\u012bga \u0161\u0137iedra, bezsk\u0101bs, novecojo\u0161s speci\u0101ls pap\u012brs, bez koksnes 20 g\/m2, nedzelt\u0113jo\u0161s, ilgsto\u0161as elast\u012bbas neitr\u0101la l\u012bmjava, pastiprin\u0101ta ar CaCO3. Izmanto remontam, aizsardz\u012bbai un iegul\u0161anai Moderns pap\u012brs, ide\u0101li piem\u0113rots boj\u0101tu lapu un dokumentu neman\u0101mai labo\u0161anai.<\/p>","protected":false},"featured_media":11274,"template":"","meta":[],"product_brand":[],"product_cat":[218,102,103],"product_tag":[],"class_list":{"0":"post-12406","1":"product","2":"type-product","3":"status-publish","4":"has-post-thumbnail","6":"product_cat-populiariausi-produktai","7":"product_cat-knygu-taisymas-ir-prieziura","8":"product_cat-knygu-taisymo-juostos","10":"first","11":"outofstock","12":"product-type-simple"},"_links":{"self":[{"href":"https:\/\/tavieta.lt\/lv\/wp-json\/wp\/v2\/product\/12406","targetHints":{"allow":["GET"]}}],"collection":[{"href":"https:\/\/tavieta.lt\/lv\/wp-json\/wp\/v2\/product"}],"about":[{"href":"https:\/\/tavieta.lt\/lv\/wp-json\/wp\/v2\/types\/product"}],"wp:featuredmedia":[{"embeddable":true,"href":"https:\/\/tavieta.lt\/lv\/wp-json\/wp\/v2\/media\/11274"}],"wp:attachment":[{"href":"https:\/\/tavieta.lt\/lv\/wp-json\/wp\/v2\/media?parent=12406"}],"wp:term":[{"taxonomy":"product_brand","embeddable":true,"href":"https:\/\/tavieta.lt\/lv\/wp-json\/wp\/v2\/product_brand?post=12406"},{"taxonomy":"product_cat","embeddable":true,"href":"https:\/\/tavieta.lt\/lv\/wp-json\/wp\/v2\/product_cat?post=12406"},{"taxonomy":"product_tag","embeddable":true,"href":"https:\/\/tavieta.lt\/lv\/wp-json\/wp\/v2\/product_tag?post=12406"}],"curies":[{"name":"wp","href":"https:\/\/api.w.org\/{rel}","templated":true}]}}