{"id":12407,"date":"2024-02-07T08:30:27","date_gmt":"2024-02-07T08:30:27","guid":{"rendered":"http:\/\/tavieta.lt\/produktas\/universali-plevele-filmolux-609\/"},"modified":"2024-02-07T08:30:29","modified_gmt":"2024-02-07T08:30:29","slug":"universali-plevele-filmolux-609","status":"publish","type":"product","link":"https:\/\/tavieta.lt\/lv\/products\/universali-plevele-filmolux-609\/","title":{"rendered":"Univers\u0101l\u0101 filma filmolux 609"},"content":{"rendered":"<p>Univers\u0101l\u0101 pl\u0113ve filmolux 609 \u2013 sp\u012bd\u012bga caursp\u012bd\u012bga PVC lente, 70 \u00b5m, sp\u0113c\u012bga un \u0101tra sa\u0137ere.<\/p>\n<p>Paredz\u0113ts univers\u0101lai lieto\u0161anai: gr\u0101matu v\u0101ku, eti\u0137e\u0161u l\u012bm\u0113\u0161anai un aizsardz\u012bbai, ide\u0101li piem\u0113rots izdruku, mapju, pl\u0101nu aizsardz\u012bbai. Piem\u0113rots ar\u012b pude\u013cu mar\u0137\u0113\u0161anai aptiek\u0101s un laboratorij\u0101s.<\/p>\n<table style=\"width: 77.5875463339216%;\" cellspacing=\"0\" cellpadding=\"0\">\n<tbody>\n<tr>\n<td style=\"width: 24.786324786324787%; text-align: center;\" valign=\"top\">\n<p><strong><span style=\"color: #000000; font-size: 16px;\">Kods<\/span><\/strong><\/p>\n<\/td>\n<td style=\"width: 50.427350427350426%; text-align: center;\" valign=\"top\">\n<p><strong><span style=\"color: #000000; font-size: 16px;\">Izm\u0113ri<\/span><\/strong><\/p>\n<\/td>\n<td style=\"width: 292.2777404792745%; text-align: center;\" valign=\"top\">\n<p><strong><span style=\"color: #000000; font-size: 16px;\">Daudzums<\/span><\/strong><\/p>\n<\/td>\n<\/tr>\n<tr>\n<td style=\"width: 24.786324786324787%; text-align: center;\" valign=\"top\">\n<p><span style=\"color: #000000; font-size: 16px;\">10016<\/span><\/p>\n<\/td>\n<td style=\"width: 50.427350427350426%; text-align: center;\" valign=\"top\">\n<p><span style=\"color: #000000; font-size: 16px;\">Univers\u0101l\u0101 filma filmolux 609 <\/span><\/p>\n<p><span style=\"color: #000000; font-size: 16px;\">10 x 124 cm<\/span><\/p>\n<\/td>\n<td style=\"width: 292.2777404792745%; text-align: center;\" valign=\"top\">\n<p><span style=\"color: #000000; font-size: 16px;\">1 gab.<\/span><\/p>\n<\/td>\n<\/tr>\n<tr>\n<td style=\"width: 24.786324786324787%; text-align: center;\" valign=\"top\">\n<p align=\"center\"><span style=\"color: #000000; font-size: 16px;\">10021<\/span><\/p>\n<\/td>\n<td style=\"width: 50.427350427350426%; text-align: center;\" valign=\"top\">\n<p><span style=\"color: #000000; font-size: 16px;\">25 x 20 cm<\/span><\/p>\n<\/td>\n<td style=\"width: 292.2777404792745%; text-align: center;\" valign=\"top\">\n<p><span style=\"color: #000000; font-size: 16px;\">1 gab.<\/span><\/p>\n<\/td>\n<\/tr>\n<tr>\n<td style=\"width: 24.786324786324787%; text-align: center;\" valign=\"top\">\n<p align=\"center\"><span style=\"color: #000000; font-size: 16px;\">10022<\/span><\/p>\n<\/td>\n<td style=\"width: 50.427350427350426%; text-align: center;\" valign=\"top\">\n<p><span style=\"color: #000000; font-size: 16px;\">25 x 22 cm<\/span><\/p>\n<\/td>\n<td style=\"width: 292.2777404792745%; text-align: center;\" valign=\"top\">\n<p><span style=\"color: #000000; font-size: 16px;\">1 gab.<\/span><\/p>\n<\/td>\n<\/tr>\n<tr>\n<td style=\"width: 24.786324786324787%; text-align: center;\" valign=\"top\">\n<p align=\"center\"><span style=\"color: #000000; font-size: 16px;\">10023<\/span><\/p>\n<\/td>\n<td style=\"width: 50.427350427350426%; text-align: center;\" valign=\"top\">\n<p><span style=\"color: #000000; font-size: 16px;\">25 x 24 cm<\/span><\/p>\n<\/td>\n<td style=\"width: 292.2777404792745%; text-align: center;\" valign=\"top\">\n<p><span style=\"color: #000000; font-size: 16px;\">1 gab.<\/span><\/p>\n<\/td>\n<\/tr>\n<tr>\n<td style=\"width: 24.786324786324787%; text-align: center;\" valign=\"top\">\n<p align=\"center\"><span style=\"color: #000000; font-size: 16px;\">10024<\/span><\/p>\n<\/td>\n<td style=\"width: 50.427350427350426%; text-align: center;\" valign=\"top\">\n<p><span style=\"color: #000000; font-size: 16px;\">25 x 26 cm<\/span><\/p>\n<\/td>\n<td style=\"width: 292.2777404792745%; text-align: center;\" valign=\"top\">\n<p><span style=\"color: #000000; font-size: 16px;\">1 gab.<\/span><\/p>\n<\/td>\n<\/tr>\n<tr>\n<td style=\"width: 24.786324786324787%; text-align: center;\" valign=\"top\">\n<p align=\"center\"><span style=\"color: #000000; font-size: 16px;\">10025<\/span><\/p>\n<\/td>\n<td style=\"width: 50.427350427350426%; text-align: center;\" valign=\"top\">\n<p><span style=\"color: #000000; font-size: 16px;\">25 x 28 cm<\/span><\/p>\n<\/td>\n<td style=\"width: 292.2777404792745%; text-align: center;\" valign=\"top\">\n<p><span style=\"color: #000000; font-size: 16px;\">1 gab.<\/span><\/p>\n<\/td>\n<\/tr>\n<tr>\n<td style=\"width: 24.786324786324787%; text-align: center;\" valign=\"top\">\n<p align=\"center\"><span style=\"color: #000000; font-size: 16px;\">10026<\/span><\/p>\n<\/td>\n<td style=\"width: 50.427350427350426%; text-align: center;\" valign=\"top\">\n<p><span style=\"color: #000000; font-size: 16px;\">25 x 30 cm<\/span><\/p>\n<\/td>\n<td style=\"width: 292.2777404792745%; text-align: center;\" valign=\"top\">\n<p><span style=\"color: #000000; font-size: 16px;\">1 gab.<\/span><\/p>\n<\/td>\n<\/tr>\n<tr>\n<td style=\"width: 24.786324786324787%; text-align: center;\" valign=\"top\">\n<p align=\"center\"><span style=\"color: #000000; font-size: 16px;\">10027<\/span><\/p>\n<\/td>\n<td style=\"width: 50.427350427350426%; text-align: center;\" valign=\"top\">\n<p><span style=\"color: #000000; font-size: 16px;\">25 x 32 cm<\/span><\/p>\n<\/td>\n<td style=\"width: 292.2777404792745%; text-align: center;\" valign=\"top\">\n<p><span style=\"color: #000000; font-size: 16px;\">1 gab.<\/span><\/p>\n<\/td>\n<\/tr>\n<tr>\n<td style=\"width: 24.786324786324787%; text-align: center;\" valign=\"top\">\n<p align=\"center\"><span style=\"color: #000000; font-size: 16px;\">10028<\/span><\/p>\n<\/td>\n<td style=\"width: 50.427350427350426%; text-align: center;\" valign=\"top\">\n<p><span style=\"color: #000000; font-size: 16px;\">25 x 34 cm<\/span><\/p>\n<\/td>\n<td style=\"width: 292.2777404792745%; text-align: center;\" valign=\"top\">\n<p><span style=\"color: #000000; font-size: 16px;\">1 gab.<\/span><\/p>\n<\/td>\n<\/tr>\n<tr>\n<td style=\"width: 24.786324786324787%; text-align: center;\" valign=\"top\">\n<p align=\"center\"><span style=\"color: #000000; font-size: 16px;\">10029<\/span><\/p>\n<\/td>\n<td style=\"width: 50.427350427350426%; text-align: center;\" valign=\"top\">\n<p><span style=\"color: #000000; font-size: 16px;\">25 x 36 cm<\/span><\/p>\n<\/td>\n<td style=\"width: 292.2777404792745%; text-align: center;\" valign=\"top\">\n<p><span style=\"color: #000000; font-size: 16px;\">1 gab.<\/span><\/p>\n<\/td>\n<\/tr>\n<tr>\n<td style=\"width: 24.786324786324787%; text-align: center;\" valign=\"top\">\n<p align=\"center\"><span style=\"color: #000000; font-size: 16px;\">10030<\/span><\/p>\n<\/td>\n<td style=\"width: 50.427350427350426%; text-align: center;\" valign=\"top\">\n<p><span style=\"color: #000000; font-size: 16px;\">25 x 41 cm<\/span><\/p>\n<\/td>\n<td style=\"width: 292.2777404792745%; text-align: center;\" valign=\"top\">\n<p><span style=\"color: #000000; font-size: 16px;\">1 gab.<\/span><\/p>\n<\/td>\n<\/tr>\n<tr>\n<td style=\"width: 24.786324786324787%; text-align: center;\" valign=\"top\">\n<p align=\"center\"><span style=\"color: #000000; font-size: 16px;\">10031<\/span><\/p>\n<\/td>\n<td style=\"width: 50.427350427350426%; text-align: center;\" valign=\"top\">\n<p><span style=\"color: #000000; font-size: 16px;\">25 x 62 cm<\/span><\/p>\n<\/td>\n<td style=\"width: 292.2777404792745%; text-align: center;\" valign=\"top\">\n<p><span style=\"color: #000000; font-size: 16px;\">1 gab.<\/span><\/p>\n<\/td>\n<\/tr>\n<tr>\n<td style=\"width: 24.786324786324787%; text-align: center;\" valign=\"top\">\n<p align=\"center\"><span style=\"color: #000000; font-size: 16px;\">10032<\/span><\/p>\n<\/td>\n<td style=\"width: 50.427350427350426%; text-align: center;\" valign=\"top\">\n<p><span style=\"color: #000000; font-size: 16px;\">25 x 124 cm<\/span><\/p>\n<\/td>\n<td style=\"width: 292.2777404792745%; text-align: center;\" valign=\"top\">\n<p><span style=\"color: #000000; font-size: 16px;\">1 gab.<\/span><\/p>\n<\/td>\n<\/tr>\n<\/tbody>\n<\/table>\n<div id=\"gtx-trans\" style=\"position: absolute; left: 79px; top: 37px;\">\n<div class=\"gtx-trans-icon\"><\/div>\n<\/div>","protected":false},"excerpt":{"rendered":"<p>Filmolux 609 sp\u012bd\u012bga caursp\u012bd\u012bga PVC lente<\/p>","protected":false},"featured_media":11276,"template":"","meta":[],"product_brand":[],"product_cat":[102,104],"product_tag":[],"class_list":{"0":"post-12407","1":"product","2":"type-product","3":"status-publish","4":"has-post-thumbnail","6":"product_cat-knygu-taisymas-ir-prieziura","7":"product_cat-knygu-virseliu-apsauga","9":"first","10":"outofstock","11":"product-type-simple"},"_links":{"self":[{"href":"https:\/\/tavieta.lt\/lv\/wp-json\/wp\/v2\/product\/12407","targetHints":{"allow":["GET"]}}],"collection":[{"href":"https:\/\/tavieta.lt\/lv\/wp-json\/wp\/v2\/product"}],"about":[{"href":"https:\/\/tavieta.lt\/lv\/wp-json\/wp\/v2\/types\/product"}],"wp:featuredmedia":[{"embeddable":true,"href":"https:\/\/tavieta.lt\/lv\/wp-json\/wp\/v2\/media\/11276"}],"wp:attachment":[{"href":"https:\/\/tavieta.lt\/lv\/wp-json\/wp\/v2\/media?parent=12407"}],"wp:term":[{"taxonomy":"product_brand","embeddable":true,"href":"https:\/\/tavieta.lt\/lv\/wp-json\/wp\/v2\/product_brand?post=12407"},{"taxonomy":"product_cat","embeddable":true,"href":"https:\/\/tavieta.lt\/lv\/wp-json\/wp\/v2\/product_cat?post=12407"},{"taxonomy":"product_tag","embeddable":true,"href":"https:\/\/tavieta.lt\/lv\/wp-json\/wp\/v2\/product_tag?post=12407"}],"curies":[{"name":"wp","href":"https:\/\/api.w.org\/{rel}","templated":true}]}}