{"id":12408,"date":"2024-02-07T08:30:27","date_gmt":"2024-02-07T08:30:27","guid":{"rendered":"http:\/\/tavieta.lt\/produktas\/filmoplast-p90-balto-specialaus-popieriaus-juosta-knygu-taisymui\/"},"modified":"2025-01-31T13:19:50","modified_gmt":"2025-01-31T13:19:50","slug":"filmoplast-p90-balto-specialaus-popieriaus-juosta-knygu-taisymui","status":"publish","type":"product","link":"https:\/\/tavieta.lt\/lv\/products\/filmoplast-p90-balto-specialaus-popieriaus-juosta-knygu-taisymui\/","title":{"rendered":"Filmoplast P90 - balta speci\u0101la pap\u012bra lente gr\u0101matu labo\u0161anai"},"content":{"rendered":"<p><iframe title=\"Neschen\u00a0\u2015 dokumenti: filmoplast P 90 (EN)\" width=\"640\" height=\"360\" src=\"https:\/\/www.youtube.com\/embed\/v08bDEo38Ig?feature=oembed\" frameborder=\"0\" allow=\"accelerometer; autoplay; clipboard-write; encrypted-media; gyroscope; picture-in-picture; web-share\" referrerpolicy=\"strict-origin-when-cross-origin\" allowfullscreen><\/iframe><\/p>\n<p>&nbsp;<\/p>\n<p>Filmoplast P90 - balta speci\u0101l\u0101 pap\u012bra lente gr\u0101matu remontam - balts, gar\u0161\u0137iedras, bezsk\u0101bes, nepl\u012bsto\u0161s, novecojo\u0161s speci\u0101lais pap\u012brs. To izmanto sapl\u0113stu lapu un boj\u0101tu malu labo\u0161anai, veco pres\u0113\u0161anas loku labo\u0161anai, v\u0101ku iek\u0161\u0113jo savienojumu nostiprin\u0101\u0161anai.<\/p>\n<table style=\"width: 94.1104%; height: 87px;\" cellspacing=\"0\" cellpadding=\"0\">\n<tbody>\n<tr>\n<td style=\"text-align: center; width: 18.6966%;\" valign=\"top\"><strong><span style=\"color: #000000; font-size: 16px;\">Kods<\/span><\/strong><\/td>\n<td style=\"text-align: center; width: 61.9658%;\" valign=\"top\"><strong><span style=\"color: #000000; font-size: 16px;\">Izm\u0113ri\u00a0<\/span><\/strong><\/td>\n<td style=\"text-align: center; width: 19.1239%;\" valign=\"top\"><strong><span style=\"color: #000000; font-size: 16px;\">Daudzums<\/span><\/strong><\/td>\n<\/tr>\n<tr>\n<td style=\"text-align: center; width: 18.6966%;\" valign=\"top\"><span style=\"color: #000000; font-size: 16px;\">10147<\/span><\/td>\n<td style=\"text-align: center; width: 61.9658%;\" valign=\"top\"><span style=\"color: #000000; font-size: 16px;\">50 x 1,3 cm<\/span><\/td>\n<td style=\"text-align: center; width: 19.1239%;\" valign=\"top\"><span style=\"color: #000000; font-size: 16px;\">1 gab.<\/span><\/td>\n<\/tr>\n<tr>\n<td style=\"text-align: center; width: 18.6966%;\" valign=\"top\"><span style=\"color: #000000; font-size: 16px;\">10148<\/span><\/td>\n<td style=\"text-align: center; width: 61.9658%;\" valign=\"top\"><span style=\"color: #000000; font-size: 16px;\">50 mx 2 cm, dozator\u0101<\/span><\/td>\n<td style=\"text-align: center; width: 19.1239%;\" valign=\"top\"><span style=\"color: #000000; font-size: 16px;\">1 gab.<\/span><\/td>\n<\/tr>\n<tr>\n<td style=\"text-align: center; width: 18.6966%;\" valign=\"top\"><span style=\"color: #000000; font-size: 16px;\">10150<\/span><\/td>\n<td style=\"text-align: center; width: 61.9658%;\" valign=\"top\"><span style=\"color: #000000; font-size: 16px;\">50 x 4 cm<\/span><\/td>\n<td style=\"text-align: center; width: 19.1239%;\" valign=\"top\"><span style=\"color: #000000; font-size: 16px;\">1 gab.<\/span><\/td>\n<\/tr>\n<\/tbody>\n<\/table>\n<div id=\"gtx-trans\" style=\"position: absolute; left: 79px; top: 37px;\">\n<div class=\"gtx-trans-icon\"><\/div>\n<\/div>","protected":false},"excerpt":{"rendered":"<p>Filmoplast P90 lente gr\u0101matu remontam - balta speci\u0101l\u0101 pap\u012bra lente gr\u0101matu labo\u0161anai - balta, garengrauda, bezsk\u0101bes, nepl\u012bsto\u0161s, novecojo\u0161s speci\u0101lais pap\u012brs. Izmanto sapl\u0113stu lapu un boj\u0101tu malu, vecu pres\u0113\u0161anas r\u0101mju labo\u0161anai un iek\u0161\u0113jo v\u0101ku savienojumu nostiprin\u0101\u0161anai.<\/p>\n<div id=\"gtx-trans\" style=\"position: absolute; left: 338px; top: 37.7361px;\">\n<div class=\"gtx-trans-icon\"><\/div>\n<\/div>","protected":false},"featured_media":11278,"template":"","meta":[],"product_brand":[],"product_cat":[218,102,103],"product_tag":[],"class_list":{"0":"post-12408","1":"product","2":"type-product","3":"status-publish","4":"has-post-thumbnail","6":"product_cat-populiariausi-produktai","7":"product_cat-knygu-taisymas-ir-prieziura","8":"product_cat-knygu-taisymo-juostos","10":"first","11":"outofstock","12":"product-type-simple"},"_links":{"self":[{"href":"https:\/\/tavieta.lt\/lv\/wp-json\/wp\/v2\/product\/12408","targetHints":{"allow":["GET"]}}],"collection":[{"href":"https:\/\/tavieta.lt\/lv\/wp-json\/wp\/v2\/product"}],"about":[{"href":"https:\/\/tavieta.lt\/lv\/wp-json\/wp\/v2\/types\/product"}],"wp:featuredmedia":[{"embeddable":true,"href":"https:\/\/tavieta.lt\/lv\/wp-json\/wp\/v2\/media\/11278"}],"wp:attachment":[{"href":"https:\/\/tavieta.lt\/lv\/wp-json\/wp\/v2\/media?parent=12408"}],"wp:term":[{"taxonomy":"product_brand","embeddable":true,"href":"https:\/\/tavieta.lt\/lv\/wp-json\/wp\/v2\/product_brand?post=12408"},{"taxonomy":"product_cat","embeddable":true,"href":"https:\/\/tavieta.lt\/lv\/wp-json\/wp\/v2\/product_cat?post=12408"},{"taxonomy":"product_tag","embeddable":true,"href":"https:\/\/tavieta.lt\/lv\/wp-json\/wp\/v2\/product_tag?post=12408"}],"curies":[{"name":"wp","href":"https:\/\/api.w.org\/{rel}","templated":true}]}}