{"id":12409,"date":"2024-02-07T08:30:27","date_gmt":"2024-02-07T08:30:27","guid":{"rendered":"http:\/\/tavieta.lt\/produktas\/filmoplast-t-linines-teksturos-juosta\/"},"modified":"2024-02-07T08:30:30","modified_gmt":"2024-02-07T08:30:30","slug":"filmoplast-t-linines-teksturos-juosta","status":"publish","type":"product","link":"https:\/\/tavieta.lt\/lv\/products\/filmoplast-t-linines-teksturos-juosta\/","title":{"rendered":"Filmoplast T lina tekst\u016bras lente"},"content":{"rendered":"<p style=\"text-align: center;\"><span style=\"color: #000000; font-size: 16px;\">Filmoplast T lina tekst\u016bras lente<\/span><\/p>\n\n<p><span style=\"color: #000000; font-size: 16px;\">Filmoplast T lina tekst\u016bras lente<\/span><span style=\"color: #000000; font-size: 16px;\"> - bezsk\u0101b\u0101 lina tekst\u016bras lente, pieejama 8 kr\u0101s\u0101s. Izmanto kar\u0161u un pl\u0101nu pamato\u0161anai, gr\u0101matu loc\u012b\u0161anai, gr\u0101matu muguri\u0146u labo\u0161anai, gr\u0101matu v\u0101ku vai veselu gr\u0101matu lamin\u0113\u0161anai un gr\u0101matu ies\u0113jumu nostiprin\u0101\u0161anai.<\/span><\/p>\n<table style=\"width: 89.39371547511621%;\">\n<tbody>\n<tr>\n<td style=\"width: 21.084337349397593%; text-align: center;\">\n<p><strong><span style=\"color: #000000; font-size: 16px;\">Kods<\/span><\/strong><\/p>\n<\/td>\n<td style=\"width: 55.42168674698795%; text-align: center;\">\n<p><strong><span style=\"color: #000000; font-size: 16px;\">Izm\u0113ri<\/span><\/strong><\/p>\n<\/td>\n<td style=\"width: 186.65509495609555%; text-align: center;\">\n<p><strong><span style=\"color: #000000; font-size: 16px;\">Daudzums<\/span><\/strong><\/p>\n<\/td>\n<\/tr>\n<tr>\n<td style=\"width: 21.084337349397593%; text-align: center;\">\n<p><span style=\"color: #000000; font-size: 16px;\">10151<\/span><\/p>\n<\/td>\n<td style=\"width: 55.42168674698795%; text-align: center;\">\n<p><span style=\"color: #000000; font-size: 16px;\">dzeltens 10 mx 3 cm<\/span><\/p>\n<\/td>\n<td style=\"width: 186.65509495609555%; text-align: center;\">\n<p><span style=\"color: #000000; font-size: 16px;\">1 gab.<\/span><\/p>\n<\/td>\n<\/tr>\n<tr>\n<td style=\"width: 21.084337349397593%; text-align: center;\">\n<p><span style=\"color: #000000; font-size: 16px;\">10159<\/span><\/p>\n<\/td>\n<td style=\"width: 55.42168674698795%; text-align: center;\">\n<p><span style=\"color: #000000; font-size: 16px;\">dzeltens 10 mx 5 cm<\/span><\/p>\n<\/td>\n<td style=\"width: 186.65509495609555%; text-align: center;\">\n<p><span style=\"color: #000000; font-size: 16px;\">1 gab.<\/span><\/p>\n<\/td>\n<\/tr>\n<tr>\n<td style=\"width: 21.084337349397593%; text-align: center;\">\n<p><span style=\"color: #000000; font-size: 16px;\">10167<\/span><\/p>\n<\/td>\n<td style=\"width: 55.42168674698795%; text-align: center;\">\n<p><span style=\"color: #000000; font-size: 16px;\">dzeltens 10 mx 8 cm<\/span><\/p>\n<\/td>\n<td style=\"width: 186.65509495609555%; text-align: center;\">\n<p><span style=\"color: #000000; font-size: 16px;\">1 gab.<\/span><\/p>\n<\/td>\n<\/tr>\n<tr>\n<td style=\"width: 21.084337349397593%; text-align: center;\">\n<p><span style=\"color: #000000; font-size: 16px;\">10152<\/span><\/p>\n<\/td>\n<td style=\"width: 55.42168674698795%; text-align: center;\">\n<p><span style=\"color: #000000; font-size: 16px;\">br\u016bns 10 mx 3 cm<\/span><\/p>\n<\/td>\n<td style=\"width: 186.65509495609555%; text-align: center;\">\n<p><span style=\"color: #000000; font-size: 16px;\">1 gab.<\/span><\/p>\n<\/td>\n<\/tr>\n<tr>\n<td style=\"width: 21.084337349397593%; text-align: center;\">\n<p><span style=\"color: #000000; font-size: 16px;\">10160<\/span><\/p>\n<\/td>\n<td style=\"width: 55.42168674698795%; text-align: center;\">\n<p><span style=\"color: #000000; font-size: 16px;\">br\u016bns 10 mx 5 cm<\/span><\/p>\n<\/td>\n<td style=\"width: 186.65509495609555%; text-align: center;\">\n<p><span style=\"color: #000000; font-size: 16px;\">1 gab.<\/span><\/p>\n<\/td>\n<\/tr>\n<tr>\n<td style=\"width: 21.084337349397593%; text-align: center;\">\n<p><span style=\"color: #000000; font-size: 16px;\">10168<\/span><\/p>\n<\/td>\n<td style=\"width: 55.42168674698795%; text-align: center;\">\n<p><span style=\"color: #000000; font-size: 16px;\">br\u016bns 10 mx 8 cm<\/span><\/p>\n<\/td>\n<td style=\"width: 186.65509495609555%; text-align: center;\">\n<p><span style=\"color: #000000; font-size: 16px;\">1 gab.<\/span><\/p>\n<\/td>\n<\/tr>\n<tr>\n<td style=\"width: 21.084337349397593%; text-align: center;\">\n<p><span style=\"color: #000000; font-size: 16px;\">10153<\/span><\/p>\n<\/td>\n<td style=\"width: 55.42168674698795%; text-align: center;\">\n<p><span style=\"color: #000000; font-size: 16px;\">sarkans 10 mx 3 cm<\/span><\/p>\n<\/td>\n<td style=\"width: 186.65509495609555%; text-align: center;\">\n<p><span style=\"color: #000000; font-size: 16px;\">1 gab.<\/span><\/p>\n<\/td>\n<\/tr>\n<tr>\n<td style=\"width: 21.084337349397593%; text-align: center;\">\n<p><span style=\"color: #000000; font-size: 16px;\">10161<\/span><\/p>\n<\/td>\n<td style=\"width: 55.42168674698795%; text-align: center;\">\n<p><span style=\"color: #000000; font-size: 16px;\">sarkans 10 mx 5 cm<\/span><\/p>\n<\/td>\n<td style=\"width: 186.65509495609555%; text-align: center;\">\n<p><span style=\"color: #000000; font-size: 16px;\">1 gab.<\/span><\/p>\n<\/td>\n<\/tr>\n<tr>\n<td style=\"width: 21.084337349397593%; text-align: center;\">\n<p><span style=\"color: #000000; font-size: 16px;\">10169<\/span><\/p>\n<\/td>\n<td style=\"width: 55.42168674698795%; text-align: center;\">\n<p><span style=\"color: #000000; font-size: 16px;\">sarkans 10 mx 8 cm<\/span><\/p>\n<\/td>\n<td style=\"width: 186.65509495609555%; text-align: center;\">\n<p><span style=\"color: #000000; font-size: 16px;\">1 gab.<\/span><\/p>\n<\/td>\n<\/tr>\n<tr>\n<td style=\"width: 21.084337349397593%; text-align: center;\">\n<p><span style=\"color: #000000; font-size: 16px;\">10154<\/span><\/p>\n<\/td>\n<td style=\"width: 55.42168674698795%; text-align: center;\">\n<p><span style=\"color: #000000; font-size: 16px;\">zils 10 mx 3 cm<\/span><\/p>\n<\/td>\n<td style=\"width: 186.65509495609555%; text-align: center;\">\n<p><span style=\"color: #000000; font-size: 16px;\">1 gab.<\/span><\/p>\n<\/td>\n<\/tr>\n<tr>\n<td style=\"width: 21.084337349397593%; text-align: center;\">\n<p><span style=\"color: #000000; font-size: 16px;\">10162<\/span><\/p>\n<\/td>\n<td style=\"width: 55.42168674698795%; text-align: center;\">\n<p><span style=\"color: #000000; font-size: 16px;\">zils 10 mx 5 cm<\/span><\/p>\n<\/td>\n<td style=\"width: 186.65509495609555%; text-align: center;\">\n<p><span style=\"color: #000000; font-size: 16px;\">1 gab.<\/span><\/p>\n<\/td>\n<\/tr>\n<tr>\n<td style=\"width: 21.084337349397593%; text-align: center;\">\n<p><span style=\"color: #000000; font-size: 16px;\">10170<\/span><\/p>\n<\/td>\n<td style=\"width: 55.42168674698795%; text-align: center;\">\n<p><span style=\"color: #000000; font-size: 16px;\">zils 10 mx 8 cm<\/span><\/p>\n<\/td>\n<td style=\"width: 186.65509495609555%; text-align: center;\">\n<p><span style=\"color: #000000; font-size: 16px;\">1 gab.<\/span><\/p>\n<\/td>\n<\/tr>\n<tr>\n<td style=\"width: 21.084337349397593%; text-align: center;\">\n<p><span style=\"color: #000000; font-size: 16px;\">10155<\/span><\/p>\n<\/td>\n<td style=\"width: 55.42168674698795%; text-align: center;\">\n<p><span style=\"color: #000000; font-size: 16px;\">za\u013c\u0161 10 mx 3 cm<\/span><\/p>\n<\/td>\n<td style=\"width: 186.65509495609555%; text-align: center;\">\n<p><span style=\"color: #000000; font-size: 16px;\">1 gab.<\/span><\/p>\n<\/td>\n<\/tr>\n<tr>\n<td style=\"width: 21.084337349397593%; text-align: center;\">\n<p><span style=\"color: #000000; font-size: 16px;\">10163<\/span><\/p>\n<\/td>\n<td style=\"width: 55.42168674698795%; text-align: center;\">\n<p><span style=\"color: #000000; font-size: 16px;\">za\u013c\u0161 10 mx 5 cm<\/span><\/p>\n<\/td>\n<td style=\"width: 186.65509495609555%; text-align: center;\">\n<p><span style=\"color: #000000; font-size: 16px;\">1 gab.<\/span><\/p>\n<\/td>\n<\/tr>\n<tr>\n<td style=\"width: 21.084337349397593%; text-align: center;\">\n<p><span style=\"color: #000000; font-size: 16px;\">10171<\/span><\/p>\n<\/td>\n<td style=\"width: 55.42168674698795%; text-align: center;\">\n<p><span style=\"color: #000000; font-size: 16px;\">za\u013c\u0161 10 mx 8 cm<\/span><\/p>\n<\/td>\n<td style=\"width: 186.65509495609555%; text-align: center;\">\n<p><span style=\"color: #000000; font-size: 16px;\">1 gab.<\/span><\/p>\n<\/td>\n<\/tr>\n<tr>\n<td style=\"width: 21.084337349397593%; text-align: center;\">\n<p><span style=\"color: #000000; font-size: 16px;\">10156<\/span><\/p>\n<\/td>\n<td style=\"width: 55.42168674698795%; text-align: center;\">\n<p><span style=\"color: #000000; font-size: 16px;\">pel\u0113ks 10 mx 3 cm<\/span><\/p>\n<\/td>\n<td style=\"width: 186.65509495609555%; text-align: center;\">\n<p><span style=\"color: #000000; font-size: 16px;\">1 gab.<\/span><\/p>\n<\/td>\n<\/tr>\n<tr>\n<td style=\"width: 21.084337349397593%; text-align: center;\">\n<p><span style=\"color: #000000; font-size: 16px;\">10164<\/span><\/p>\n<\/td>\n<td style=\"width: 55.42168674698795%; text-align: center;\">\n<p><span style=\"color: #000000; font-size: 16px;\">pel\u0113ks 10 mx 5 cm<\/span><\/p>\n<\/td>\n<td style=\"width: 186.65509495609555%; text-align: center;\">\n<p><span style=\"color: #000000; font-size: 16px;\">1 gab.<\/span><\/p>\n<\/td>\n<\/tr>\n<tr>\n<td style=\"width: 21.084337349397593%; text-align: center;\">\n<p><span style=\"color: #000000; font-size: 16px;\">10172<\/span><\/p>\n<\/td>\n<td style=\"width: 55.42168674698795%; text-align: center;\">\n<p><span style=\"color: #000000; font-size: 16px;\">pel\u0113ks 10 mx 8 cm<\/span><\/p>\n<\/td>\n<td style=\"width: 186.65509495609555%; text-align: center;\">\n<p><span style=\"color: #000000; font-size: 16px;\">1 gab.<\/span><\/p>\n<\/td>\n<\/tr>\n<tr>\n<td style=\"width: 21.084337349397593%; text-align: center;\">\n<p><span style=\"color: #000000; font-size: 16px;\">10193<\/span><\/p>\n<\/td>\n<td style=\"width: 55.42168674698795%; text-align: center;\">\n<p><span style=\"color: #000000; font-size: 16px;\">pel\u0113ks 10 mx 124 cm<\/span><\/p>\n<\/td>\n<td style=\"width: 186.65509495609555%; text-align: center;\">\n<p><span style=\"color: #000000; font-size: 16px;\">1 gab.<\/span><\/p>\n<\/td>\n<\/tr>\n<tr>\n<td style=\"width: 21.084337349397593%; text-align: center;\">\n<p><span style=\"color: #000000; font-size: 16px;\">10157<\/span><\/p>\n<\/td>\n<td style=\"width: 55.42168674698795%; text-align: center;\">\n<p><span style=\"color: #000000; font-size: 16px;\">balts 10 mx 3 cm<\/span><\/p>\n<\/td>\n<td style=\"width: 186.65509495609555%; text-align: center;\">\n<p><span style=\"color: #000000; font-size: 16px;\">1 gab.<\/span><\/p>\n<\/td>\n<\/tr>\n<tr>\n<td style=\"width: 21.084337349397593%; text-align: center;\">\n<p><span style=\"color: #000000; font-size: 16px;\">10165<\/span><\/p>\n<\/td>\n<td style=\"width: 55.42168674698795%; text-align: center;\">\n<p><span style=\"color: #000000; font-size: 16px;\">balts 10 mx 5 cm<\/span><\/p>\n<\/td>\n<td style=\"width: 186.65509495609555%; text-align: center;\">\n<p><span style=\"color: #000000; font-size: 16px;\">1 gab.<\/span><\/p>\n<\/td>\n<\/tr>\n<tr>\n<td style=\"width: 21.084337349397593%; text-align: center;\">\n<p><span style=\"color: #000000; font-size: 16px;\">10173<\/span><\/p>\n<\/td>\n<td style=\"width: 55.42168674698795%; text-align: center;\">\n<p><span style=\"color: #000000; font-size: 16px;\">balts 10 mx 8 cm<\/span><\/p>\n<\/td>\n<td style=\"width: 186.65509495609555%; text-align: center;\">\n<p><span style=\"color: #000000; font-size: 16px;\">1 gab.<\/span><\/p>\n<\/td>\n<\/tr>\n<tr>\n<td style=\"width: 21.084337349397593%; text-align: center;\">\n<p><span style=\"color: #000000; font-size: 16px;\">10192<\/span><\/p>\n<\/td>\n<td style=\"width: 55.42168674698795%; text-align: center;\">\n<p><span style=\"color: #000000; font-size: 16px;\">balts 10 mx 124 cm<\/span><\/p>\n<\/td>\n<td style=\"width: 186.65509495609555%; text-align: center;\">\n<p><span style=\"color: #000000; font-size: 16px;\">1 gab.<\/span><\/p>\n<\/td>\n<\/tr>\n<tr>\n<td style=\"width: 21.084337349397593%; text-align: center;\">\n<p><span style=\"color: #000000; font-size: 16px;\">10158<\/span><\/p>\n<\/td>\n<td style=\"width: 55.42168674698795%; text-align: center;\">\n<p><span style=\"color: #000000; font-size: 16px;\">melns 10 mx 3 cm<\/span><\/p>\n<\/td>\n<td style=\"width: 186.65509495609555%; text-align: center;\">\n<p><span style=\"color: #000000; font-size: 16px;\">1 gab.<\/span><\/p>\n<\/td>\n<\/tr>\n<tr>\n<td style=\"width: 21.084337349397593%; text-align: center;\">\n<p><span style=\"color: #000000; font-size: 16px;\">10166<\/span><\/p>\n<\/td>\n<td style=\"width: 55.42168674698795%; text-align: center;\">\n<p><span style=\"color: #000000; font-size: 16px;\">melns 10 mx 5 cm<\/span><\/p>\n<\/td>\n<td style=\"width: 186.65509495609555%; text-align: center;\">\n<p><span style=\"color: #000000; font-size: 16px;\">1 gab.<\/span><\/p>\n<\/td>\n<\/tr>\n<tr>\n<td style=\"width: 21.084337349397593%; text-align: center;\">\n<p><span style=\"color: #000000; font-size: 16px;\">10174<\/span><\/p>\n<\/td>\n<td style=\"width: 55.42168674698795%; text-align: center;\">\n<p><span style=\"color: #000000; font-size: 16px;\">melns 10 mx 8 cm<\/span><\/p>\n<\/td>\n<td style=\"width: 186.65509495609555%; text-align: center;\">\n<p><span style=\"color: #000000; font-size: 16px;\">1 gab.<\/span><\/p>\n<\/td>\n<\/tr>\n<\/tbody>\n<\/table>\n<div id=\"gtx-trans\" style=\"position: absolute; left: 79px; top: 37px;\">\n<div class=\"gtx-trans-icon\"><\/div>\n<\/div>","protected":false},"excerpt":{"rendered":"<p>Filmoplast T lente<\/p>","protected":false},"featured_media":11280,"template":"","meta":[],"product_brand":[],"product_cat":[102,103],"product_tag":[],"class_list":{"0":"post-12409","1":"product","2":"type-product","3":"status-publish","4":"has-post-thumbnail","6":"product_cat-knygu-taisymas-ir-prieziura","7":"product_cat-knygu-taisymo-juostos","9":"first","10":"outofstock","11":"product-type-simple"},"_links":{"self":[{"href":"https:\/\/tavieta.lt\/lv\/wp-json\/wp\/v2\/product\/12409","targetHints":{"allow":["GET"]}}],"collection":[{"href":"https:\/\/tavieta.lt\/lv\/wp-json\/wp\/v2\/product"}],"about":[{"href":"https:\/\/tavieta.lt\/lv\/wp-json\/wp\/v2\/types\/product"}],"wp:featuredmedia":[{"embeddable":true,"href":"https:\/\/tavieta.lt\/lv\/wp-json\/wp\/v2\/media\/11280"}],"wp:attachment":[{"href":"https:\/\/tavieta.lt\/lv\/wp-json\/wp\/v2\/media?parent=12409"}],"wp:term":[{"taxonomy":"product_brand","embeddable":true,"href":"https:\/\/tavieta.lt\/lv\/wp-json\/wp\/v2\/product_brand?post=12409"},{"taxonomy":"product_cat","embeddable":true,"href":"https:\/\/tavieta.lt\/lv\/wp-json\/wp\/v2\/product_cat?post=12409"},{"taxonomy":"product_tag","embeddable":true,"href":"https:\/\/tavieta.lt\/lv\/wp-json\/wp\/v2\/product_tag?post=12409"}],"curies":[{"name":"wp","href":"https:\/\/api.w.org\/{rel}","templated":true}]}}