{"id":12411,"date":"2024-02-07T08:30:27","date_gmt":"2024-02-07T08:30:27","guid":{"rendered":"http:\/\/tavieta.lt\/produktas\/filmoplast-r-japonisko-popieriaus-juosta\/"},"modified":"2024-02-07T08:30:32","modified_gmt":"2024-02-07T08:30:32","slug":"filmoplast-r-japonisko-popieriaus-juosta","status":"publish","type":"product","link":"https:\/\/tavieta.lt\/lv\/products\/filmoplast-r-japonisko-popieriaus-juosta\/","title":{"rendered":"Filmoplast R jap\u0101\u0146u pap\u012bra lente gr\u0101matu labo\u0161anai"},"content":{"rendered":"<p><iframe title=\"Neschen \u2013 dokumenti: filmoplast R (EN)\" width=\"640\" height=\"360\" src=\"https:\/\/www.youtube.com\/embed\/8bvwq9xAvPQ?feature=oembed\" frameborder=\"0\" allow=\"accelerometer; autoplay; clipboard-write; encrypted-media; gyroscope; picture-in-picture; web-share\" referrerpolicy=\"strict-origin-when-cross-origin\" allowfullscreen><\/iframe><\/p>\n<p>&nbsp;<\/p>\n<p><span style=\"color: #000000; font-size: 16px;\">Filmoplast R jap\u0101\u0146u pap\u012bra lente gr\u0101matu remontam - caursp\u012bd\u012bgs, gar\u0161\u0137iedras, nesk\u0101b\u012bgs, tehnisks jap\u0101\u0146u pap\u012brs, 8,5g\/m2. Iz\u0146emot ar spirtu vai kars\u0113jot, dokumenti p\u0113c ievieto\u0161anas saglab\u0101 pap\u012bra \u012bpa\u0161\u012bbas.<\/span><\/p>\n<table style=\"width: 90.53062622043798%; height: 197px;\" cellspacing=\"0\" cellpadding=\"0\">\n<tbody>\n<tr style=\"height: 32px;\">\n<td style=\"height: 32px; text-align: center;\" valign=\"top\">\n<p><strong><span style=\"color: #000000; font-size: 16px;\">Kods<\/span><\/strong><\/p>\n<\/td>\n<td style=\"height: 32px; text-align: center;\" valign=\"top\">\n<p><strong><span style=\"color: #000000; font-size: 16px;\">Izm\u0113ri<\/span><\/strong><\/p>\n<\/td>\n<td style=\"height: 32px; text-align: center;\" valign=\"top\">\n<p><strong><span style=\"color: #000000; font-size: 16px;\">Daudzums<\/span><\/strong><\/p>\n<\/td>\n<\/tr>\n<tr style=\"height: 32px;\">\n<td style=\"height: 32px; text-align: center;\" valign=\"top\">\n<p><span style=\"color: #000000; font-size: 16px;\">10135<\/span><\/p>\n<\/td>\n<td style=\"height: 32px; text-align: center;\" valign=\"top\">\n<p><span style=\"color: #000000; font-size: 16px;\">50 x 2 cm<\/span><\/p>\n<\/td>\n<td style=\"height: 32px; text-align: center;\" valign=\"top\">\n<p><span style=\"color: #000000; font-size: 16px;\">1 gab.<\/span><\/p>\n<\/td>\n<\/tr>\n<tr style=\"height: 32px;\">\n<td style=\"height: 32px; text-align: center;\" valign=\"top\">\n<p><span style=\"color: #000000; font-size: 16px;\">10136<\/span><\/p>\n<\/td>\n<td style=\"height: 32px; text-align: center;\" valign=\"top\">\n<p><span style=\"color: #000000; font-size: 16px;\">50 x 31 cm<\/span><\/p>\n<\/td>\n<td style=\"height: 32px; text-align: center;\" valign=\"top\">\n<p><span style=\"color: #000000; font-size: 16px;\">1 gab.<\/span><\/p>\n<\/td>\n<\/tr>\n<tr style=\"height: 32px;\">\n<td style=\"height: 32px; text-align: center;\" valign=\"top\">\n<p><span style=\"color: #000000; font-size: 16px;\">10137<\/span><\/p>\n<\/td>\n<td style=\"height: 32px; text-align: center;\" valign=\"top\">\n<p><span style=\"color: #000000; font-size: 16px;\">50 x 41 cm<\/span><\/p>\n<\/td>\n<td style=\"height: 32px; text-align: center;\" valign=\"top\">\n<p><span style=\"color: #000000; font-size: 16px;\">1 gab.<\/span><\/p>\n<\/td>\n<\/tr>\n<tr style=\"height: 32px;\">\n<td style=\"height: 32px; text-align: center;\" valign=\"top\">\n<p><span style=\"color: #000000; font-size: 16px;\">10138<\/span><\/p>\n<\/td>\n<td style=\"height: 32px; text-align: center;\" valign=\"top\">\n<p><span style=\"color: #000000; font-size: 16px;\">50 x 62 cm<\/span><\/p>\n<\/td>\n<td style=\"height: 32px; text-align: center;\" valign=\"top\">\n<p><span style=\"color: #000000; font-size: 16px;\">1 gab.<\/span><\/p>\n<\/td>\n<\/tr>\n<tr style=\"height: 32px;\">\n<td style=\"height: 32px; text-align: center;\" valign=\"top\">\n<p><span style=\"color: #000000; font-size: 16px;\">10701<\/span><\/p>\n<\/td>\n<td style=\"height: 32px; text-align: center;\" valign=\"top\">\n<p><span style=\"color: #000000; font-size: 16px;\">50 x 93 cm<\/span><\/p>\n<\/td>\n<td style=\"height: 32px; text-align: center;\" valign=\"top\">\n<p><span style=\"color: #000000; font-size: 16px;\">1 gab.<\/span><\/p>\n<\/td>\n<\/tr>\n<tr style=\"height: 32px;\">\n<td style=\"height: 32px; text-align: center;\" valign=\"top\">\n<p><span style=\"color: #000000; font-size: 16px;\">10139<\/span><\/p>\n<\/td>\n<td style=\"height: 32px; text-align: center;\" valign=\"top\">\n<p><span style=\"color: #000000; font-size: 16px;\">200 x 31 cm<\/span><\/p>\n<\/td>\n<td style=\"height: 32px; text-align: center;\" valign=\"top\">\n<p><span style=\"color: #000000; font-size: 16px;\">1 gab.<\/span><\/p>\n<\/td>\n<\/tr>\n<tr style=\"height: 32px;\">\n<td style=\"height: 32px; text-align: center;\" valign=\"top\">\n<p><span style=\"color: #000000; font-size: 16px;\">10140<\/span><\/p>\n<\/td>\n<td style=\"height: 32px; text-align: center;\" valign=\"top\">\n<p><span style=\"color: #000000; font-size: 16px;\">200 x 41 cm<\/span><\/p>\n<\/td>\n<td style=\"height: 32px; text-align: center;\" valign=\"top\">\n<p><span style=\"color: #000000; font-size: 16px;\">1 gab.<\/span><\/p>\n<\/td>\n<\/tr>\n<tr style=\"height: 32px;\">\n<td style=\"height: 32px; text-align: center;\" valign=\"top\">\n<p><span style=\"color: #000000; font-size: 16px;\">10141<\/span><\/p>\n<\/td>\n<td style=\"height: 32px; text-align: center;\" valign=\"top\">\n<p><span style=\"color: #000000; font-size: 16px;\">200 x 62 cm<\/span><\/p>\n<\/td>\n<td style=\"height: 32px; text-align: center;\" valign=\"top\">\n<p><span style=\"color: #000000; font-size: 16px;\">1 gab.<\/span><\/p>\n<\/td>\n<\/tr>\n<\/tbody>\n<\/table>\n<div id=\"gtx-trans\" style=\"position: absolute; left: 79px; top: 37px;\">\n<div class=\"gtx-trans-icon\"><\/div>\n<\/div>","protected":false},"excerpt":{"rendered":"<p>Filmoplast R lente gr\u0101matu labo\u0161anai<\/p>","protected":false},"featured_media":11284,"template":"","meta":[],"product_brand":[],"product_cat":[102,103],"product_tag":[],"class_list":{"0":"post-12411","1":"product","2":"type-product","3":"status-publish","4":"has-post-thumbnail","6":"product_cat-knygu-taisymas-ir-prieziura","7":"product_cat-knygu-taisymo-juostos","9":"first","10":"outofstock","11":"product-type-simple"},"_links":{"self":[{"href":"https:\/\/tavieta.lt\/lv\/wp-json\/wp\/v2\/product\/12411","targetHints":{"allow":["GET"]}}],"collection":[{"href":"https:\/\/tavieta.lt\/lv\/wp-json\/wp\/v2\/product"}],"about":[{"href":"https:\/\/tavieta.lt\/lv\/wp-json\/wp\/v2\/types\/product"}],"wp:featuredmedia":[{"embeddable":true,"href":"https:\/\/tavieta.lt\/lv\/wp-json\/wp\/v2\/media\/11284"}],"wp:attachment":[{"href":"https:\/\/tavieta.lt\/lv\/wp-json\/wp\/v2\/media?parent=12411"}],"wp:term":[{"taxonomy":"product_brand","embeddable":true,"href":"https:\/\/tavieta.lt\/lv\/wp-json\/wp\/v2\/product_brand?post=12411"},{"taxonomy":"product_cat","embeddable":true,"href":"https:\/\/tavieta.lt\/lv\/wp-json\/wp\/v2\/product_cat?post=12411"},{"taxonomy":"product_tag","embeddable":true,"href":"https:\/\/tavieta.lt\/lv\/wp-json\/wp\/v2\/product_tag?post=12411"}],"curies":[{"name":"wp","href":"https:\/\/api.w.org\/{rel}","templated":true}]}}