{"id":12412,"date":"2024-02-07T08:30:27","date_gmt":"2024-02-07T08:30:27","guid":{"rendered":"http:\/\/tavieta.lt\/produktas\/filmolux-609-etikeciu-apsaugai\/"},"modified":"2024-02-07T08:30:32","modified_gmt":"2024-02-07T08:30:32","slug":"filmolux-609-etikeciu-apsaugai","status":"publish","type":"product","link":"https:\/\/tavieta.lt\/lv\/products\/filmolux-609-etikeciu-apsaugai\/","title":{"rendered":"Filmolux 609 eti\u0137e\u0161u aizsardz\u012bbai"},"content":{"rendered":"<p>Filmolux 609 eti\u0137e\u0161u aizsardz\u012bbai - ide\u0101li piem\u0113rots eti\u0137e\u0161u un parakstu aizsardz\u012bbai, pude\u013cu mar\u0137\u0113\u0161anai aptiek\u0101s un laboratorij\u0101s. Iepriek\u0161 izgrieztaj\u0101m eti\u0137et\u0113m no ru\u013c\u013ca ir noapa\u013coti st\u016bri, un t\u0101s var viegli no\u0146emt no silikona pap\u012bra.<\/p>\n<table>\n<tbody>\n<tr>\n<td style=\"text-align: center;\" width=\"150\">36603<\/td>\n<td style=\"text-align: center;\" width=\"300\">30 mm x 70 mm<\/td>\n<td style=\"text-align: center;\">1,515 gabali vien\u0101 rull\u012b<\/td>\n<\/tr>\n<tr>\n<td style=\"text-align: center;\" width=\"150\">36604<\/td>\n<td style=\"text-align: center;\" width=\"300\">30 mm x 110 mm<\/td>\n<td style=\"text-align: center;\">1,515 gabali vien\u0101 rull\u012b<\/td>\n<\/tr>\n<tr>\n<td style=\"text-align: center;\" width=\"150\">36622<\/td>\n<td style=\"text-align: center;\" width=\"300\">46 mm x 61 mm<\/td>\n<td style=\"text-align: center;\">1,020 gabali vien\u0101 rull\u012b<\/td>\n<\/tr>\n<tr>\n<td style=\"text-align: center;\" width=\"150\">36606<\/td>\n<td style=\"text-align: center;\" width=\"300\">50 mm x 100 mm<\/td>\n<td style=\"text-align: center;\">485 da\u013cas rull\u012b<\/td>\n<\/tr>\n<\/tbody>\n<\/table>\n<div id=\"gtx-trans\" style=\"position: absolute; left: 79px; top: 37px;\">\n<div class=\"gtx-trans-icon\"><\/div>\n<\/div>","protected":false},"excerpt":{"rendered":"<p>filmolux 609<\/p>","protected":false},"featured_media":11286,"template":"","meta":[],"product_brand":[],"product_cat":[102,104],"product_tag":[],"class_list":{"0":"post-12412","1":"product","2":"type-product","3":"status-publish","4":"has-post-thumbnail","6":"product_cat-knygu-taisymas-ir-prieziura","7":"product_cat-knygu-virseliu-apsauga","9":"first","10":"outofstock","11":"product-type-simple"},"_links":{"self":[{"href":"https:\/\/tavieta.lt\/lv\/wp-json\/wp\/v2\/product\/12412","targetHints":{"allow":["GET"]}}],"collection":[{"href":"https:\/\/tavieta.lt\/lv\/wp-json\/wp\/v2\/product"}],"about":[{"href":"https:\/\/tavieta.lt\/lv\/wp-json\/wp\/v2\/types\/product"}],"wp:featuredmedia":[{"embeddable":true,"href":"https:\/\/tavieta.lt\/lv\/wp-json\/wp\/v2\/media\/11286"}],"wp:attachment":[{"href":"https:\/\/tavieta.lt\/lv\/wp-json\/wp\/v2\/media?parent=12412"}],"wp:term":[{"taxonomy":"product_brand","embeddable":true,"href":"https:\/\/tavieta.lt\/lv\/wp-json\/wp\/v2\/product_brand?post=12412"},{"taxonomy":"product_cat","embeddable":true,"href":"https:\/\/tavieta.lt\/lv\/wp-json\/wp\/v2\/product_cat?post=12412"},{"taxonomy":"product_tag","embeddable":true,"href":"https:\/\/tavieta.lt\/lv\/wp-json\/wp\/v2\/product_tag?post=12412"}],"curies":[{"name":"wp","href":"https:\/\/api.w.org\/{rel}","templated":true}]}}