{"id":12413,"date":"2024-02-07T08:30:27","date_gmt":"2024-02-07T08:30:27","guid":{"rendered":"http:\/\/tavieta.lt\/produktas\/filmolux-610-stipresnio-kliju-sukibimo\/"},"modified":"2025-01-31T14:07:41","modified_gmt":"2025-01-31T14:07:41","slug":"laminavimo-plevele-filmolux-610","status":"publish","type":"product","link":"https:\/\/tavieta.lt\/lv\/products\/laminavimo-plevele-filmolux-610\/","title":{"rendered":"Lamin\u0113\u0161anas pl\u0113ve Filmolux 610"},"content":{"rendered":"<p>Filmolux 610 lamin\u0113\u0161anas pl\u0113ve tika izstr\u0101d\u0101ta \u012bpa\u0161i gr\u0101mat\u0101m ar tekstila vai citiem l\u012bmes iztur\u012bgiem gr\u0101matu v\u0101kiem. \u012apa\u0161i sp\u0113c\u012bgais adh\u0113zijas sp\u0113ks garant\u0113 optim\u0101lu sa\u0137eri pat ar raupjiem gr\u0101matu v\u0101kiem. Tas labi turas krok\u0101 un uz mugurkaula. Filmolux 610 \u0161aurus ru\u013c\u013cus var sagriezt ar m\u016bsu TA3 lentes dozatoru, plat\u0101ki ru\u013c\u013ci ir piem\u0113roti lieto\u0161anai ar BLS-Classic un BLS Professional.<\/p>\n<table style=\"width: 45.8974%;\">\n<tbody>\n<tr>\n<td style=\"width: 154px; text-align: center;\" width=\"150\">26606<\/td>\n<td style=\"width: 305px; text-align: center;\" width=\"300\">25 x 22 cm<\/td>\n<\/tr>\n<tr>\n<td style=\"width: 154px; text-align: center;\" width=\"150\">26607<\/td>\n<td style=\"width: 305px; text-align: center;\" width=\"300\">25 x 24 cm<\/td>\n<\/tr>\n<tr>\n<td style=\"width: 154px; text-align: center;\" width=\"150\">26608<\/td>\n<td style=\"width: 305px; text-align: center;\" width=\"300\">25 x 26 cm<\/td>\n<\/tr>\n<tr>\n<td style=\"width: 154px; text-align: center;\" width=\"150\">26609<\/td>\n<td style=\"width: 305px; text-align: center;\" width=\"300\">25 x 28 cm<\/td>\n<\/tr>\n<tr>\n<td style=\"width: 154px; text-align: center;\" width=\"150\">26610<\/td>\n<td style=\"width: 305px; text-align: center;\" width=\"300\">25 x 30 cm<\/td>\n<\/tr>\n<tr>\n<td style=\"width: 154px; text-align: center;\" width=\"150\">26611<\/td>\n<td style=\"width: 305px; text-align: center;\" width=\"300\">25 x 32 cm<\/td>\n<\/tr>\n<tr>\n<td style=\"width: 154px; text-align: center;\" width=\"150\">26612<\/td>\n<td style=\"width: 305px; text-align: center;\" width=\"300\">25 x 34 cm<\/td>\n<\/tr>\n<tr>\n<td style=\"width: 154px; text-align: center;\" width=\"150\">26613<\/td>\n<td style=\"width: 305px; text-align: center;\" width=\"300\">25 x 36 cm<\/td>\n<\/tr>\n<tr>\n<td style=\"width: 154px; text-align: center;\" width=\"150\">26604<\/td>\n<td style=\"width: 305px; text-align: center;\" width=\"300\">25 x 41 cm<\/td>\n<\/tr>\n<tr>\n<td style=\"width: 154px; text-align: center;\" width=\"150\">26615<\/td>\n<td style=\"width: 305px; text-align: center;\" width=\"300\">25 x 62 cm<\/td>\n<\/tr>\n<tr>\n<td style=\"width: 154px; text-align: center;\" width=\"150\">26600<\/td>\n<td style=\"width: 305px; text-align: center;\" width=\"300\">50 x 2 cm<\/td>\n<\/tr>\n<tr>\n<td style=\"width: 154px; text-align: center;\" width=\"150\">26601<\/td>\n<td style=\"width: 305px; text-align: center;\" width=\"300\">50 x 3 cm<\/td>\n<\/tr>\n<tr>\n<td style=\"width: 154px; text-align: center;\" width=\"150\">26602<\/td>\n<td style=\"width: 305px; text-align: center;\" width=\"300\">50 x 4 cm<\/td>\n<\/tr>\n<tr>\n<td style=\"width: 154px; text-align: center;\" width=\"150\">26603<\/td>\n<td style=\"width: 305px; text-align: center;\" width=\"300\">50 x 6 cm<\/td>\n<\/tr>\n<tr>\n<td style=\"width: 154px; text-align: center;\" width=\"150\">26619<\/td>\n<td style=\"width: 305px; text-align: center;\" width=\"300\">50 x 8 cm<\/td>\n<\/tr>\n<tr>\n<td style=\"width: 154px; text-align: center;\" width=\"150\">26617<\/td>\n<td style=\"width: 305px; text-align: center;\" width=\"300\">50 x 10 cm<\/td>\n<\/tr>\n<\/tbody>\n<\/table>","protected":false},"excerpt":{"rendered":"<p>filmolux 610<\/p>","protected":false},"featured_media":11288,"template":"","meta":[],"product_brand":[],"product_cat":[104],"product_tag":[],"class_list":{"0":"post-12413","1":"product","2":"type-product","3":"status-publish","4":"has-post-thumbnail","6":"product_cat-knygu-virseliu-apsauga","8":"first","9":"outofstock","10":"product-type-simple"},"_links":{"self":[{"href":"https:\/\/tavieta.lt\/lv\/wp-json\/wp\/v2\/product\/12413","targetHints":{"allow":["GET"]}}],"collection":[{"href":"https:\/\/tavieta.lt\/lv\/wp-json\/wp\/v2\/product"}],"about":[{"href":"https:\/\/tavieta.lt\/lv\/wp-json\/wp\/v2\/types\/product"}],"wp:featuredmedia":[{"embeddable":true,"href":"https:\/\/tavieta.lt\/lv\/wp-json\/wp\/v2\/media\/11288"}],"wp:attachment":[{"href":"https:\/\/tavieta.lt\/lv\/wp-json\/wp\/v2\/media?parent=12413"}],"wp:term":[{"taxonomy":"product_brand","embeddable":true,"href":"https:\/\/tavieta.lt\/lv\/wp-json\/wp\/v2\/product_brand?post=12413"},{"taxonomy":"product_cat","embeddable":true,"href":"https:\/\/tavieta.lt\/lv\/wp-json\/wp\/v2\/product_cat?post=12413"},{"taxonomy":"product_tag","embeddable":true,"href":"https:\/\/tavieta.lt\/lv\/wp-json\/wp\/v2\/product_tag?post=12413"}],"curies":[{"name":"wp","href":"https:\/\/api.w.org\/{rel}","templated":true}]}}