{"id":12415,"date":"2024-02-07T08:30:27","date_gmt":"2024-02-07T08:30:27","guid":{"rendered":"http:\/\/tavieta.lt\/produktas\/filmolux-libre-fine-pearl-plona-plevele\/"},"modified":"2024-02-07T08:30:34","modified_gmt":"2024-02-07T08:30:34","slug":"filmolux-libre-fine-pearl-plona-plevele","status":"publish","type":"product","link":"https:\/\/tavieta.lt\/lv\/products\/filmolux-libre-fine-pearl-plona-plevele\/","title":{"rendered":"Filmolux libre smalka p\u0113r\u013cu pl\u0101n\u0101 pl\u0113ve"},"content":{"rendered":"<p>Filmolux libre smalka p\u0113r\u013cu pl\u0101n\u0101 pl\u0113ve - ar augstu s\u0101kotn\u0113jo adh\u0113ziju, \u013coti pl\u0101na, var izmantot gandr\u012bz uz visiem gr\u0101matu v\u0101kiem. Reljefs pie\u0161\u0137ir lielisku izskatu gr\u0101mat\u0101m, map\u0113m, \u0113dienkart\u0113m utt. Filmolux libre smalk\u0101 p\u0113rle ir piem\u0113rota darbam ar BLS-Classic un BLS-Professional.<\/p>\n<table>\n<tbody>\n<tr>\n<td style=\"text-align: center;\" width=\"150\">6041322<\/td>\n<td style=\"text-align: center;\" width=\"300\">25 x 22 cm<\/td>\n<\/tr>\n<tr>\n<td style=\"text-align: center;\" width=\"150\">6041323<\/td>\n<td style=\"text-align: center;\" width=\"300\">25 x 24 cm<\/td>\n<\/tr>\n<tr>\n<td style=\"text-align: center;\" width=\"150\">6041324<\/td>\n<td style=\"text-align: center;\" width=\"300\">25 x 26 cm<\/td>\n<\/tr>\n<tr>\n<td style=\"text-align: center;\" width=\"150\">6041325<\/td>\n<td style=\"text-align: center;\" width=\"300\">25 x 28 cm<\/td>\n<\/tr>\n<tr>\n<td style=\"text-align: center;\" width=\"150\">6041326<\/td>\n<td style=\"text-align: center;\" width=\"300\">25 x 30 cm<\/td>\n<\/tr>\n<tr>\n<td style=\"text-align: center;\" width=\"150\">6041333<\/td>\n<td style=\"text-align: center;\" width=\"300\">25 x 32 cm<\/td>\n<\/tr>\n<tr>\n<td style=\"text-align: center;\" width=\"150\">6041334<\/td>\n<td style=\"text-align: center;\" width=\"300\">25 x 34 cm<\/td>\n<\/tr>\n<tr>\n<td style=\"text-align: center;\" width=\"150\">6041335<\/td>\n<td style=\"text-align: center;\" width=\"300\">25 x 36 cm<\/td>\n<\/tr>\n<tr>\n<td style=\"text-align: center;\" width=\"150\">6041336<\/td>\n<td style=\"text-align: center;\" width=\"300\">25 x 41 cm<\/td>\n<\/tr>\n<\/tbody>\n<\/table>\n<div id=\"gtx-trans\" style=\"position: absolute; left: 79px; top: 37px;\">\n<div class=\"gtx-trans-icon\"><\/div>\n<\/div>","protected":false},"excerpt":{"rendered":"<p>filmolux libre smalk\u0101 p\u0113rle<\/p>","protected":false},"featured_media":11292,"template":"","meta":[],"product_brand":[],"product_cat":[102,104],"product_tag":[],"class_list":{"0":"post-12415","1":"product","2":"type-product","3":"status-publish","4":"has-post-thumbnail","6":"product_cat-knygu-taisymas-ir-prieziura","7":"product_cat-knygu-virseliu-apsauga","9":"first","10":"outofstock","11":"product-type-simple"},"_links":{"self":[{"href":"https:\/\/tavieta.lt\/lv\/wp-json\/wp\/v2\/product\/12415","targetHints":{"allow":["GET"]}}],"collection":[{"href":"https:\/\/tavieta.lt\/lv\/wp-json\/wp\/v2\/product"}],"about":[{"href":"https:\/\/tavieta.lt\/lv\/wp-json\/wp\/v2\/types\/product"}],"wp:featuredmedia":[{"embeddable":true,"href":"https:\/\/tavieta.lt\/lv\/wp-json\/wp\/v2\/media\/11292"}],"wp:attachment":[{"href":"https:\/\/tavieta.lt\/lv\/wp-json\/wp\/v2\/media?parent=12415"}],"wp:term":[{"taxonomy":"product_brand","embeddable":true,"href":"https:\/\/tavieta.lt\/lv\/wp-json\/wp\/v2\/product_brand?post=12415"},{"taxonomy":"product_cat","embeddable":true,"href":"https:\/\/tavieta.lt\/lv\/wp-json\/wp\/v2\/product_cat?post=12415"},{"taxonomy":"product_tag","embeddable":true,"href":"https:\/\/tavieta.lt\/lv\/wp-json\/wp\/v2\/product_tag?post=12415"}],"curies":[{"name":"wp","href":"https:\/\/api.w.org\/{rel}","templated":true}]}}