{"id":12416,"date":"2024-02-07T08:30:27","date_gmt":"2024-02-07T08:30:27","guid":{"rendered":"http:\/\/tavieta.lt\/produktas\/filmomatt-libre-kristolo-skaidrumo-plevele\/"},"modified":"2024-02-07T08:30:35","modified_gmt":"2024-02-07T08:30:35","slug":"filmomatt-libre-kristolo-skaidrumo-plevele","status":"publish","type":"product","link":"https:\/\/tavieta.lt\/lv\/products\/filmomatt-libre-kristolo-skaidrumo-plevele\/","title":{"rendered":"Filmomatt libre \u2013 krist\u0101ldzidra, sp\u012bd\u012bga PP pl\u0113ve"},"content":{"rendered":"<p>Filmomatt libre - krist\u0101ldzidra, glanc\u0113ta PP pl\u0113ve - videi draudz\u012bga mat\u0113ta PP pl\u0113ve, neatstarojo\u0161a, eti\u0137e\u0161u aizsardz\u012bbai. Mat\u0113t\u0101 virsma ir \u012bpa\u0161i piem\u0113rota sv\u012btrkodu skeneriem. filmomatt libre var lieliski sagriezt ar m\u016bsu lentes dozatoru TA3.<\/p>\n<table style=\"width: 87.6794%; height: 115px;\" width=\"879\">\n<tbody>\n<tr style=\"height: 23px;\">\n<td style=\"height: 23px; text-align: center;\" width=\"116\">10094<\/td>\n<td style=\"height: 115px; text-align: center;\" rowspan=\"5\" width=\"313\">Filmomat Libre\u00a0<\/td>\n<td style=\"height: 23px; text-align: center;\" width=\"273\">50 x 2 cm<\/td>\n<td style=\"height: 23px; text-align: center;\" width=\"177\">1 gab<\/td>\n<\/tr>\n<tr style=\"height: 23px;\">\n<td style=\"height: 23px; text-align: center;\">10095<\/td>\n<td style=\"height: 23px; text-align: center;\">50 x 3 cm<\/td>\n<td style=\"height: 23px; text-align: center;\">1 gab<\/td>\n<\/tr>\n<tr style=\"height: 23px;\">\n<td style=\"height: 23px; text-align: center;\">10096<\/td>\n<td style=\"height: 23px; text-align: center;\">50 x 4 cm<\/td>\n<td style=\"height: 23px; text-align: center;\">1 gab<\/td>\n<\/tr>\n<tr style=\"height: 23px;\">\n<td style=\"height: 23px; text-align: center;\">10097<\/td>\n<td style=\"height: 23px; text-align: center;\">50 x 6 cm<\/td>\n<td style=\"height: 23px; text-align: center;\">1 gab<\/td>\n<\/tr>\n<tr style=\"height: 23px;\">\n<td style=\"height: 23px; text-align: center;\">10098<\/td>\n<td style=\"height: 23px; text-align: center;\">50 x 10 cm<\/td>\n<td style=\"height: 23px; text-align: center;\">1 gab<\/td>\n<\/tr>\n<\/tbody>\n<\/table>\n<div id=\"gtx-trans\" style=\"position: absolute; left: 79px; top: 37px;\">\n<div class=\"gtx-trans-icon\"><\/div>\n<\/div>","protected":false},"excerpt":{"rendered":"<p>filmmatt libre<\/p>","protected":false},"featured_media":11294,"template":"","meta":[],"product_brand":[],"product_cat":[102,104],"product_tag":[],"class_list":{"0":"post-12416","1":"product","2":"type-product","3":"status-publish","4":"has-post-thumbnail","6":"product_cat-knygu-taisymas-ir-prieziura","7":"product_cat-knygu-virseliu-apsauga","9":"first","10":"outofstock","11":"product-type-simple"},"_links":{"self":[{"href":"https:\/\/tavieta.lt\/lv\/wp-json\/wp\/v2\/product\/12416","targetHints":{"allow":["GET"]}}],"collection":[{"href":"https:\/\/tavieta.lt\/lv\/wp-json\/wp\/v2\/product"}],"about":[{"href":"https:\/\/tavieta.lt\/lv\/wp-json\/wp\/v2\/types\/product"}],"wp:featuredmedia":[{"embeddable":true,"href":"https:\/\/tavieta.lt\/lv\/wp-json\/wp\/v2\/media\/11294"}],"wp:attachment":[{"href":"https:\/\/tavieta.lt\/lv\/wp-json\/wp\/v2\/media?parent=12416"}],"wp:term":[{"taxonomy":"product_brand","embeddable":true,"href":"https:\/\/tavieta.lt\/lv\/wp-json\/wp\/v2\/product_brand?post=12416"},{"taxonomy":"product_cat","embeddable":true,"href":"https:\/\/tavieta.lt\/lv\/wp-json\/wp\/v2\/product_cat?post=12416"},{"taxonomy":"product_tag","embeddable":true,"href":"https:\/\/tavieta.lt\/lv\/wp-json\/wp\/v2\/product_tag?post=12416"}],"curies":[{"name":"wp","href":"https:\/\/api.w.org\/{rel}","templated":true}]}}