{"id":12417,"date":"2024-02-07T08:30:27","date_gmt":"2024-02-07T08:30:27","guid":{"rendered":"http:\/\/tavieta.lt\/produktas\/filmolux-909\/"},"modified":"2024-02-07T08:30:35","modified_gmt":"2024-02-07T08:30:35","slug":"filmolux-909","status":"publish","type":"product","link":"https:\/\/tavieta.lt\/lv\/products\/filmolux-909\/","title":{"rendered":"Filmolux 909 ir caursp\u012bd\u012bga pl\u0113ve ar sp\u0113c\u012bgu adh\u0113ziju"},"content":{"rendered":"<p>Filmolux 909 - caursp\u012bd\u012bga, sp\u0113c\u012bga adh\u0113zijas pl\u0113ve, ar augstu s\u0101kotn\u0113jo adh\u0113ziju, filmolux 909 var izmantot uz visiem gr\u0101matu v\u0101kiem. Ide\u0101li piem\u0113rots lieto\u0161anai ar gr\u0101matu lamin\u0113\u0161anas stacij\u0101m.<\/p>\n<table>\n<tbody>\n<tr>\n<td style=\"text-align: center;\" width=\"150\">6042764<\/td>\n<td style=\"text-align: center;\" width=\"300\">25 x 22 cm<\/td>\n<\/tr>\n<tr>\n<td style=\"text-align: center;\" width=\"150\">6042767<\/td>\n<td style=\"text-align: center;\" width=\"300\">25 x 24 cm<\/td>\n<\/tr>\n<tr>\n<td style=\"text-align: center;\" width=\"150\">6042768<\/td>\n<td style=\"text-align: center;\" width=\"300\">25 x 26 cm<\/td>\n<\/tr>\n<tr>\n<td style=\"text-align: center;\" width=\"150\">6042769<\/td>\n<td style=\"text-align: center;\" width=\"300\">25 x 28 cm<\/td>\n<\/tr>\n<tr>\n<td style=\"text-align: center;\" width=\"150\">6042770<\/td>\n<td style=\"text-align: center;\" width=\"300\">25 x 30 cm<\/td>\n<\/tr>\n<tr>\n<td style=\"text-align: center;\" width=\"150\">6042771<\/td>\n<td style=\"text-align: center;\" width=\"300\">25 x 32 cm<\/td>\n<\/tr>\n<tr>\n<td style=\"text-align: center;\" width=\"150\">6042772<\/td>\n<td style=\"text-align: center;\" width=\"300\">25 x 34 cm<\/td>\n<\/tr>\n<tr>\n<td style=\"text-align: center;\" width=\"150\">6042773<\/td>\n<td style=\"text-align: center;\" width=\"300\">25 x 36 cm<\/td>\n<\/tr>\n<tr>\n<td style=\"text-align: center;\" width=\"150\">6042774<\/td>\n<td style=\"text-align: center;\" width=\"300\">25 x 41 cm<\/td>\n<\/tr>\n<tr>\n<td style=\"text-align: center;\" width=\"150\">6042775<\/td>\n<td style=\"text-align: center;\" width=\"300\">25 x 50 cm<\/td>\n<\/tr>\n<tr>\n<td style=\"text-align: center;\" width=\"150\">6042776<\/td>\n<td style=\"text-align: center;\" width=\"300\">25 x 62 cm<\/td>\n<\/tr>\n<\/tbody>\n<\/table>\n<div id=\"gtx-trans\" style=\"position: absolute; left: 79px; top: 37px;\">\n<div class=\"gtx-trans-icon\"><\/div>\n<\/div>","protected":false},"excerpt":{"rendered":"<p>filmolux 908<\/p>","protected":false},"featured_media":11296,"template":"","meta":[],"product_brand":[],"product_cat":[102,104],"product_tag":[],"class_list":{"0":"post-12417","1":"product","2":"type-product","3":"status-publish","4":"has-post-thumbnail","6":"product_cat-knygu-taisymas-ir-prieziura","7":"product_cat-knygu-virseliu-apsauga","9":"first","10":"outofstock","11":"product-type-simple"},"_links":{"self":[{"href":"https:\/\/tavieta.lt\/lv\/wp-json\/wp\/v2\/product\/12417","targetHints":{"allow":["GET"]}}],"collection":[{"href":"https:\/\/tavieta.lt\/lv\/wp-json\/wp\/v2\/product"}],"about":[{"href":"https:\/\/tavieta.lt\/lv\/wp-json\/wp\/v2\/types\/product"}],"wp:featuredmedia":[{"embeddable":true,"href":"https:\/\/tavieta.lt\/lv\/wp-json\/wp\/v2\/media\/11296"}],"wp:attachment":[{"href":"https:\/\/tavieta.lt\/lv\/wp-json\/wp\/v2\/media?parent=12417"}],"wp:term":[{"taxonomy":"product_brand","embeddable":true,"href":"https:\/\/tavieta.lt\/lv\/wp-json\/wp\/v2\/product_brand?post=12417"},{"taxonomy":"product_cat","embeddable":true,"href":"https:\/\/tavieta.lt\/lv\/wp-json\/wp\/v2\/product_cat?post=12417"},{"taxonomy":"product_tag","embeddable":true,"href":"https:\/\/tavieta.lt\/lv\/wp-json\/wp\/v2\/product_tag?post=12417"}],"curies":[{"name":"wp","href":"https:\/\/api.w.org\/{rel}","templated":true}]}}