{"id":12421,"date":"2024-02-07T08:30:27","date_gmt":"2024-02-07T08:30:27","guid":{"rendered":"http:\/\/tavieta.lt\/produktas\/filmolux-libre-organic-plevele-su-uv-apsauga\/"},"modified":"2024-02-07T08:30:38","modified_gmt":"2024-02-07T08:30:38","slug":"filmolux-libre-organic-plevele-su-uv-apsauga","status":"publish","type":"product","link":"https:\/\/tavieta.lt\/lv\/products\/filmolux-libre-organic-plevele-su-uv-apsauga\/","title":{"rendered":"Filmolux libre organic \u2013 biolo\u0123iska pl\u0113ve ar UV aizsardz\u012bbu"},"content":{"rendered":"<p>Filmolux libre organic \u2013 biolo\u0123iska pl\u0113ve ar UV aizsardz\u012bbu<\/p>\n<p>Filmolux libre organic ir ide\u0101li piem\u0113rots glud\u0101m virsm\u0101m, piem. uz m\u012bkstajiem v\u0101kiem, komiksiem, bro\u0161\u016br\u0101m, bro\u0161\u016br\u0101m, map\u0113m utt. aizsarg\u0101 pret net\u012brumiem, net\u012brumiem un putek\u013ciem, k\u0101 ar\u012b pret nodilumu.<\/p>\n<table style=\"width: 50.0606%;\">\n<tbody>\n<tr>\n<td style=\"width: 32.7623%; text-align: center;\" width=\"150\">6043979<\/td>\n<td style=\"width: 64.6681%; text-align: center;\" width=\"300\">25 x 22 cm<\/td>\n<\/tr>\n<tr>\n<td style=\"width: 32.7623%; text-align: center;\" width=\"150\">6043980<\/td>\n<td style=\"width: 64.6681%; text-align: center;\" width=\"300\">25 x 24 cm<\/td>\n<\/tr>\n<tr>\n<td style=\"width: 32.7623%; text-align: center;\" width=\"150\">6043981<\/td>\n<td style=\"width: 64.6681%; text-align: center;\" width=\"300\">25 x 26 cm<\/td>\n<\/tr>\n<tr>\n<td style=\"width: 32.7623%; text-align: center;\" width=\"150\">6043982<\/td>\n<td style=\"width: 64.6681%; text-align: center;\" width=\"300\">25 x 28 cm<\/td>\n<\/tr>\n<tr>\n<td style=\"width: 32.7623%; text-align: center;\" width=\"150\">6043983<\/td>\n<td style=\"width: 64.6681%; text-align: center;\" width=\"300\">25 x 30 cm<\/td>\n<\/tr>\n<tr>\n<td style=\"width: 32.7623%; text-align: center;\" width=\"150\">6043984<\/td>\n<td style=\"width: 64.6681%; text-align: center;\" width=\"300\">25 x 32 cm<\/td>\n<\/tr>\n<tr>\n<td style=\"width: 32.7623%; text-align: center;\" width=\"150\">6043985<\/td>\n<td style=\"width: 64.6681%; text-align: center;\" width=\"300\">25 x 34 cm<\/td>\n<\/tr>\n<tr>\n<td style=\"width: 32.7623%; text-align: center;\" width=\"150\">6043986<\/td>\n<td style=\"width: 64.6681%; text-align: center;\" width=\"300\">25 x 36 cm<\/td>\n<\/tr>\n<tr>\n<td style=\"width: 32.7623%; text-align: center;\" width=\"150\">6043987<\/td>\n<td style=\"width: 64.6681%; text-align: center;\" width=\"300\">25 x 41 cm<\/td>\n<\/tr>\n<tr>\n<td style=\"width: 32.7623%; text-align: center;\" width=\"150\">6043988<\/td>\n<td style=\"width: 64.6681%; text-align: center;\" width=\"300\">25 x 50 cm<\/td>\n<\/tr>\n<\/tbody>\n<\/table>\n<div id=\"gtx-trans\" style=\"position: absolute; left: 79px; top: 37px;\">\n<div class=\"gtx-trans-icon\"><\/div>\n<\/div>","protected":false},"excerpt":{"rendered":"<p>Filmolux libre organic \u2013 biolo\u0123iska pl\u0113ve ar UV aizsardz\u012bbu<\/p>","protected":false},"featured_media":11303,"template":"","meta":[],"product_brand":[],"product_cat":[102,104],"product_tag":[],"class_list":{"0":"post-12421","1":"product","2":"type-product","3":"status-publish","4":"has-post-thumbnail","6":"product_cat-knygu-taisymas-ir-prieziura","7":"product_cat-knygu-virseliu-apsauga","9":"first","10":"outofstock","11":"product-type-simple"},"_links":{"self":[{"href":"https:\/\/tavieta.lt\/lv\/wp-json\/wp\/v2\/product\/12421","targetHints":{"allow":["GET"]}}],"collection":[{"href":"https:\/\/tavieta.lt\/lv\/wp-json\/wp\/v2\/product"}],"about":[{"href":"https:\/\/tavieta.lt\/lv\/wp-json\/wp\/v2\/types\/product"}],"wp:featuredmedia":[{"embeddable":true,"href":"https:\/\/tavieta.lt\/lv\/wp-json\/wp\/v2\/media\/11303"}],"wp:attachment":[{"href":"https:\/\/tavieta.lt\/lv\/wp-json\/wp\/v2\/media?parent=12421"}],"wp:term":[{"taxonomy":"product_brand","embeddable":true,"href":"https:\/\/tavieta.lt\/lv\/wp-json\/wp\/v2\/product_brand?post=12421"},{"taxonomy":"product_cat","embeddable":true,"href":"https:\/\/tavieta.lt\/lv\/wp-json\/wp\/v2\/product_cat?post=12421"},{"taxonomy":"product_tag","embeddable":true,"href":"https:\/\/tavieta.lt\/lv\/wp-json\/wp\/v2\/product_tag?post=12421"}],"curies":[{"name":"wp","href":"https:\/\/api.w.org\/{rel}","templated":true}]}}