{"id":12423,"date":"2024-02-07T08:30:27","date_gmt":"2024-02-07T08:30:27","guid":{"rendered":"http:\/\/tavieta.lt\/produktas\/filmolux-h-200-blizgi-skaidri-plevele\/"},"modified":"2024-02-07T08:30:39","modified_gmt":"2024-02-07T08:30:39","slug":"filmolux-h-200-blizgi-skaidri-plevele","status":"publish","type":"product","link":"https:\/\/tavieta.lt\/lv\/products\/filmolux-h-200-blizgi-skaidri-plevele\/","title":{"rendered":"Filmolux H 200 \u2013 glanc\u0113ta caursp\u012bd\u012bga PVC pl\u0113ve"},"content":{"rendered":"<p>Filmolux H 200 \u2013 glanc\u0113ta caursp\u012bd\u012bga PVC pl\u0113ve<\/p>\n<p><span style=\"color: #000000; font-size: 16px;\">Glanc\u0113ta, caursp\u012bd\u012bga, cieta PVC pl\u0113ve 200 \u00b5m. Piem\u0113rots m\u012bksto v\u0101ku, kar\u0161u vai pl\u0101nu aizsardz\u012bbai un nostiprin\u0101\u0161anai, k\u0101 ar\u012b aba\u017e\u016bru izgatavo\u0161anai un form\u0113\u0161anai.<\/span><\/p>\n<p><span style=\"color: #000000; font-size: 16px;\">\u00a0<\/span><\/p>\n<table style=\"width: 93.9768%; height: 168px;\" cellspacing=\"0\" cellpadding=\"0\">\n<tbody>\n<tr style=\"height: 56px;\">\n<td style=\"width: 23.9316%; text-align: center; height: 56px;\" valign=\"top\">\n<p><strong><span style=\"color: #000000; font-size: 16px;\">Kods<\/span><\/strong><\/p>\n<\/td>\n<td style=\"width: 51.2821%; text-align: center; height: 56px;\" valign=\"top\">\n<p><strong><span style=\"color: #000000; font-size: 16px;\">Izm\u0113ri<\/span><\/strong><\/p>\n<\/td>\n<td style=\"width: 23.9316%; text-align: center; height: 56px;\" valign=\"top\">\n<p><strong><span style=\"color: #000000; font-size: 16px;\">Daudzums<\/span><\/strong><\/p>\n<\/td>\n<\/tr>\n<tr style=\"height: 56px;\">\n<td style=\"width: 23.9316%; text-align: center; height: 56px;\" valign=\"top\">\n<p><span style=\"color: #000000; font-size: 16px;\">10105<\/span><\/p>\n<\/td>\n<td style=\"width: 51.2821%; text-align: center; height: 56px;\" valign=\"top\">\n<p><span style=\"color: #000000; font-size: 16px;\">10 x 62 cm<\/span><\/p>\n<\/td>\n<td style=\"width: 23.9316%; text-align: center; height: 56px;\" valign=\"top\">\n<p><span style=\"color: #000000; font-size: 16px;\">1 gab.<\/span><\/p>\n<\/td>\n<\/tr>\n<tr style=\"height: 56px;\">\n<td style=\"width: 23.9316%; text-align: center; height: 56px;\" valign=\"top\">\n<p><span style=\"color: #000000; font-size: 16px;\">10106<\/span><\/p>\n<\/td>\n<td style=\"width: 51.2821%; text-align: center; height: 56px;\" valign=\"top\">\n<p><span style=\"color: #000000; font-size: 16px;\">10 x 124 cm<\/span><\/p>\n<\/td>\n<td style=\"width: 23.9316%; text-align: center; height: 56px;\" valign=\"top\">\n<p><span style=\"color: #000000; font-size: 16px;\">1 gab.<\/span><\/p>\n<\/td>\n<\/tr>\n<\/tbody>\n<\/table>\n<div id=\"gtx-trans\" style=\"position: absolute; left: 79px; top: 37px;\">\n<div class=\"gtx-trans-icon\"><\/div>\n<\/div>","protected":false},"excerpt":{"rendered":"<p>Filmolux H 200 \u2013 glanc\u0113ta caursp\u012bd\u012bga PVC pl\u0113ve<\/p>","protected":false},"featured_media":11307,"template":"","meta":[],"product_brand":[],"product_cat":[102,104],"product_tag":[],"class_list":{"0":"post-12423","1":"product","2":"type-product","3":"status-publish","4":"has-post-thumbnail","6":"product_cat-knygu-taisymas-ir-prieziura","7":"product_cat-knygu-virseliu-apsauga","9":"first","10":"outofstock","11":"product-type-simple"},"_links":{"self":[{"href":"https:\/\/tavieta.lt\/lv\/wp-json\/wp\/v2\/product\/12423","targetHints":{"allow":["GET"]}}],"collection":[{"href":"https:\/\/tavieta.lt\/lv\/wp-json\/wp\/v2\/product"}],"about":[{"href":"https:\/\/tavieta.lt\/lv\/wp-json\/wp\/v2\/types\/product"}],"wp:featuredmedia":[{"embeddable":true,"href":"https:\/\/tavieta.lt\/lv\/wp-json\/wp\/v2\/media\/11307"}],"wp:attachment":[{"href":"https:\/\/tavieta.lt\/lv\/wp-json\/wp\/v2\/media?parent=12423"}],"wp:term":[{"taxonomy":"product_brand","embeddable":true,"href":"https:\/\/tavieta.lt\/lv\/wp-json\/wp\/v2\/product_brand?post=12423"},{"taxonomy":"product_cat","embeddable":true,"href":"https:\/\/tavieta.lt\/lv\/wp-json\/wp\/v2\/product_cat?post=12423"},{"taxonomy":"product_tag","embeddable":true,"href":"https:\/\/tavieta.lt\/lv\/wp-json\/wp\/v2\/product_tag?post=12423"}],"curies":[{"name":"wp","href":"https:\/\/api.w.org\/{rel}","templated":true}]}}