{"id":12427,"date":"2024-02-07T08:30:43","date_gmt":"2024-02-07T08:30:43","guid":{"rendered":"http:\/\/tavieta.lt\/produktas\/nerugstine-knygu-juosta\/"},"modified":"2024-02-07T08:30:44","modified_gmt":"2024-02-07T08:30:44","slug":"nerugstine-knygu-juosta","status":"publish","type":"product","link":"https:\/\/tavieta.lt\/lv\/products\/nerugstine-knygu-juosta\/","title":{"rendered":"Bezsk\u0101bes uzlabota caursp\u012bd\u012bguma gr\u0101matu lente"},"content":{"rendered":"<p><span style=\"color: #000000; font-size: 16px;\">Augsti caursp\u012bd\u012bga gr\u0101matu lente, kas nesatur sk\u0101bi, saglab\u0101 materi\u0101lu izskatu lab\u0101k nek\u0101 jebkad agr\u0101k, izmantojot pH neitr\u0101lu l\u012bmi, kas laika gait\u0101 neboj\u0101 gr\u0101matas un neizbal\u0113 kr\u0101su. Izgatavots no 89 mikronu polipropil\u0113na, krist\u0101ldzidrs, sp\u012bd\u012bgs, iztur\u012bgs, nodilumiztur\u012bgs un \u016bdensiztur\u012bgs materi\u0101ls, pH neitr\u0101ls.<\/span><\/p>\n<table style=\"width: 89.20930232558139%; height: 86px;\" cellspacing=\"0\" cellpadding=\"0\">\n<tbody>\n<tr>\n<td style=\"text-align: center;\" valign=\"top\">\n<p><strong><span style=\"color: #000000; font-size: 16px;\">Kods<\/span><\/strong><\/p>\n<\/td>\n<td style=\"text-align: center;\" valign=\"top\">\n<p><strong><span style=\"color: #000000; font-size: 16px;\">Izm\u0113ri<\/span><\/strong><\/p>\n<\/td>\n<td style=\"text-align: center;\" valign=\"top\">\n<p><strong><span style=\"color: #000000; font-size: 16px;\">Daudzums<\/span><\/strong><\/p>\n<\/td>\n<\/tr>\n<tr>\n<td style=\"text-align: center;\" valign=\"top\">\n<p><span style=\"color: #000000; font-size: 16px;\">BR442001 <\/span><\/p>\n<p><span style=\"color: #000000; font-size: 16px;\">BR442003 <\/span><\/p>\n<p><span style=\"color: #000000; font-size: 16px;\">BR442003<\/span><\/p>\n<\/td>\n<td style=\"text-align: center;\" valign=\"top\">\n<p><span style=\"color: #000000; font-size: 16px;\">Bezsk\u0101bes gr\u0101matu lente - 38 mm x 27,4 m <\/span><\/p>\n<p><span style=\"color: #000000; font-size: 16px;\">Bezsk\u0101bes gr\u0101matu lente - 50 mm x 27,4 m <\/span><\/p>\n<p><span style=\"color: #000000; font-size: 16px;\">Bezsk\u0101bes gr\u0101matu lente - 76 mm x 27,4 m<\/span><\/p>\n<\/td>\n<td style=\"text-align: center;\" valign=\"top\">\n<p><span style=\"color: #000000; font-size: 16px;\">1 gab.<\/span><\/p>\n<p><span style=\"color: #000000; font-size: 16px;\">1 gab.<\/span><\/p>\n<p><span style=\"color: #000000; font-size: 16px;\">1 gab<\/span><\/p>\n<\/td>\n<\/tr>\n<\/tbody>\n<\/table>\n<div id=\"gtx-trans\" style=\"position: absolute; left: 79px; top: 37px;\">\n<div class=\"gtx-trans-icon\"><\/div>\n<\/div>","protected":false},"excerpt":{"rendered":"<p>Bezsk\u0101bes uzlabota caursp\u012bd\u012bguma gr\u0101matu lente<\/p>","protected":false},"featured_media":11315,"template":"","meta":[],"product_brand":[],"product_cat":[102,103],"product_tag":[],"class_list":{"0":"post-12427","1":"product","2":"type-product","3":"status-publish","4":"has-post-thumbnail","6":"product_cat-knygu-taisymas-ir-prieziura","7":"product_cat-knygu-taisymo-juostos","9":"first","10":"outofstock","11":"product-type-simple"},"_links":{"self":[{"href":"https:\/\/tavieta.lt\/lv\/wp-json\/wp\/v2\/product\/12427","targetHints":{"allow":["GET"]}}],"collection":[{"href":"https:\/\/tavieta.lt\/lv\/wp-json\/wp\/v2\/product"}],"about":[{"href":"https:\/\/tavieta.lt\/lv\/wp-json\/wp\/v2\/types\/product"}],"wp:featuredmedia":[{"embeddable":true,"href":"https:\/\/tavieta.lt\/lv\/wp-json\/wp\/v2\/media\/11315"}],"wp:attachment":[{"href":"https:\/\/tavieta.lt\/lv\/wp-json\/wp\/v2\/media?parent=12427"}],"wp:term":[{"taxonomy":"product_brand","embeddable":true,"href":"https:\/\/tavieta.lt\/lv\/wp-json\/wp\/v2\/product_brand?post=12427"},{"taxonomy":"product_cat","embeddable":true,"href":"https:\/\/tavieta.lt\/lv\/wp-json\/wp\/v2\/product_cat?post=12427"},{"taxonomy":"product_tag","embeddable":true,"href":"https:\/\/tavieta.lt\/lv\/wp-json\/wp\/v2\/product_tag?post=12427"}],"curies":[{"name":"wp","href":"https:\/\/api.w.org\/{rel}","templated":true}]}}