{"id":12430,"date":"2024-02-07T08:30:43","date_gmt":"2024-02-07T08:30:43","guid":{"rendered":"http:\/\/tavieta.lt\/produktas\/sparneliai-knygu-nugareliu-stiprinimui-easywings\/"},"modified":"2024-02-07T08:30:46","modified_gmt":"2024-02-07T08:30:46","slug":"sparneliai-knygu-nugareliu-stiprinimui-easywings","status":"publish","type":"product","link":"https:\/\/tavieta.lt\/lv\/products\/sparneliai-knygu-nugareliu-stiprinimui-easywings\/","title":{"rendered":"Sp\u0101rni gr\u0101matu muguri\u0146u stiprin\u0101\u0161anai Easywings"},"content":{"rendered":"<p>Sp\u0101rni gr\u0101matu muguri\u0146u stiprin\u0101\u0161anai Easywings<\/p>\n<p><span style=\"color: #000000; font-size: 16px;\">Nostipriniet un nostipriniet gr\u0101matas mugurkaula malas. 2\u00a0milj. sp\u012bd\u012bga poliestera pres\u0113ta pl\u0113ve, bez sk\u0101bes, nedzelt\u0113jo\u0161s, notur\u012bgs, lip\u012bgs materi\u0101ls, Peel &#039;n place\u00ae centr\u0113\u0161anas sloksne \u0113rtai novieto\u0161anai, sp\u0101rni gr\u0101mat\u0101m l\u012bdz 5,7 cm biez\u0101m, lielie sp\u0101rni piem\u0113roti gr\u0101mat\u0101m l\u012bdz 8,3 cm biezs.<\/span><\/p>\n<table style=\"width: 90.72647715466232%; height: 90px;\" cellspacing=\"0\" cellpadding=\"0\">\n<tbody>\n<tr>\n<td style=\"width: 13.80952380952381%; text-align: center;\" valign=\"top\">\n<p><strong><span style=\"color: #000000; font-size: 16px;\">Kods<\/span><\/strong><\/p>\n<\/td>\n<td style=\"width: 70.47619047619048%; text-align: center;\" valign=\"top\">\n<p><strong><span style=\"color: #000000; font-size: 16px;\">Apraksts<\/span><\/strong><\/p>\n<\/td>\n<td style=\"width: 14.281135531135533%; text-align: center;\" valign=\"top\">\n<p><strong><span style=\"color: #000000; font-size: 16px;\">Daudzums<\/span><\/strong><\/p>\n<\/td>\n<\/tr>\n<tr>\n<td style=\"width: 13.80952380952381%; text-align: center;\" valign=\"top\">\n<p><span style=\"color: #000000; font-size: 16px;\">10200<\/span><\/p>\n<\/td>\n<td style=\"width: 70.47619047619048%; text-align: center;\" valign=\"top\">\n<p><span style=\"color: #000000; font-size: 16px;\">EasyWings 5,7 cm biezs mugurai<\/span><\/p>\n<\/td>\n<td style=\"width: 14.281135531135533%; text-align: center;\" valign=\"top\">\n<p><span style=\"color: #000000; font-size: 16px;\">50 gab.<\/span><\/p>\n<\/td>\n<\/tr>\n<tr>\n<td style=\"width: 13.80952380952381%; text-align: center;\" valign=\"top\">\n<p><span style=\"color: #000000; font-size: 16px;\">10201<\/span><\/p>\n<\/td>\n<td style=\"width: 70.47619047619048%; text-align: center;\" valign=\"top\">\n<p><span style=\"color: #000000; font-size: 16px;\">EasyWings 8,3 cm biezs mugurai<\/span><\/p>\n<\/td>\n<td style=\"width: 14.281135531135533%; text-align: center;\" valign=\"top\">\n<p><span style=\"color: #000000; font-size: 16px;\">50 gab.<\/span><\/p>\n<\/td>\n<\/tr>\n<\/tbody>\n<\/table>\n<div id=\"gtx-trans\" style=\"position: absolute; left: 79px; top: 37px;\">\n<div class=\"gtx-trans-icon\"><\/div>\n<\/div>","protected":false},"excerpt":{"rendered":"<p>EasyWings gr\u0101matas mugurkaula pastiprin\u0101jums<\/p>","protected":false},"featured_media":11321,"template":"","meta":[],"product_brand":[],"product_cat":[102,104],"product_tag":[],"class_list":{"0":"post-12430","1":"product","2":"type-product","3":"status-publish","4":"has-post-thumbnail","6":"product_cat-knygu-taisymas-ir-prieziura","7":"product_cat-knygu-virseliu-apsauga","9":"first","10":"outofstock","11":"product-type-simple"},"_links":{"self":[{"href":"https:\/\/tavieta.lt\/lv\/wp-json\/wp\/v2\/product\/12430","targetHints":{"allow":["GET"]}}],"collection":[{"href":"https:\/\/tavieta.lt\/lv\/wp-json\/wp\/v2\/product"}],"about":[{"href":"https:\/\/tavieta.lt\/lv\/wp-json\/wp\/v2\/types\/product"}],"wp:featuredmedia":[{"embeddable":true,"href":"https:\/\/tavieta.lt\/lv\/wp-json\/wp\/v2\/media\/11321"}],"wp:attachment":[{"href":"https:\/\/tavieta.lt\/lv\/wp-json\/wp\/v2\/media?parent=12430"}],"wp:term":[{"taxonomy":"product_brand","embeddable":true,"href":"https:\/\/tavieta.lt\/lv\/wp-json\/wp\/v2\/product_brand?post=12430"},{"taxonomy":"product_cat","embeddable":true,"href":"https:\/\/tavieta.lt\/lv\/wp-json\/wp\/v2\/product_cat?post=12430"},{"taxonomy":"product_tag","embeddable":true,"href":"https:\/\/tavieta.lt\/lv\/wp-json\/wp\/v2\/product_tag?post=12430"}],"curies":[{"name":"wp","href":"https:\/\/api.w.org\/{rel}","templated":true}]}}