{"id":12431,"date":"2024-02-07T08:30:43","date_gmt":"2024-02-07T08:30:43","guid":{"rendered":"http:\/\/tavieta.lt\/produktas\/vezimelis-knygoms-larry\/"},"modified":"2024-02-07T08:30:46","modified_gmt":"2024-02-07T08:30:46","slug":"vezimelis-knygoms-larry","status":"publish","type":"product","link":"https:\/\/tavieta.lt\/lv\/products\/vezimelis-knygoms-larry\/","title":{"rendered":"Gr\u0101matu rati\u0146i Lerijs"},"content":{"rendered":"<p>Gr\u0101matu rati\u0146i Lerijs<\/p>\n<p><span style=\"color: #000000;\">Viegli pa\u0146emt un viegli p\u0101rn\u0113s\u0101t. Vienpus\u0113ji gr\u0101matu rati\u0146i ar \u010detriem e\u0146\u0123\u0113m aizmugur\u0113jiem plauktiem, no kuriem tr\u012bs ir regul\u0113jami. Ir pieejami 4 da\u017e\u0101di m\u016bsu produkti<\/span><\/p>\n<p><span style=\"color: #000000;\">Ietilp\u012bba: apm\u0113ram 60 gr\u0101matas; M\u0113r\u012bjumi: w. 550x dzi\u013cums. 660 x h. 1080 mm; Zem\u0101k\u0101 plaukta augstums<\/span><\/p>\n<p><span style=\"color: #000000;\">300 mm no gr\u012bdas; Plauktu dzi\u013cums: 200 mm; Materi\u0101ls: lakots liektas caurules r\u0101mis un lakoti met\u0101la plaukti; Cits: Plaukti piem\u0113roti CD\/DVD.<\/span><\/p>\n<p><span style=\"color: #000000;\">Rite\u0146i: diametrs 125 mm. Divi rite\u0146i apst\u0101jas.<\/span><\/p>\n<table style=\"width: 50.37154150197628%; height: 167px;\" cellspacing=\"0\" cellpadding=\"0\">\n<tbody>\n<tr>\n<td style=\"text-align: center;\" valign=\"top\">\n<p><strong><span style=\"color: #000000;\">Kods<\/span><\/strong><\/p>\n<\/td>\n<td style=\"text-align: center;\" valign=\"top\">\n<p><strong><span style=\"color: #000000;\">Apraksts<\/span><\/strong><\/p>\n<\/td>\n<td style=\"text-align: center;\" valign=\"top\">\n<p><strong><span style=\"color: #000000;\">Daudzums<\/span><\/strong><\/p>\n<\/td>\n<\/tr>\n<tr>\n<td style=\"text-align: center;\" valign=\"top\">\n<p><span style=\"color: #000000;\">42162<\/span><\/p>\n<\/td>\n<td style=\"text-align: center;\" valign=\"top\">\n<p><span style=\"color: #000000;\"><span style=\"caret-color: #000000;\">Balts<\/span><\/span><\/p>\n<\/td>\n<td style=\"text-align: center;\" valign=\"top\">\n<p><span style=\"color: #000000;\">1 gab.<\/span><\/p>\n<\/td>\n<\/tr>\n<tr>\n<td style=\"text-align: center;\" valign=\"top\">\n<p align=\"center\"><span style=\"color: #000000;\">42163<\/span><\/p>\n<\/td>\n<td style=\"text-align: center;\" valign=\"top\">\n<p><span style=\"color: #000000;\"><span style=\"caret-color: #000000;\">Melns<\/span><\/span><\/p>\n<\/td>\n<td style=\"text-align: center;\" valign=\"top\">\n<p align=\"center\"><span style=\"color: #000000;\">1 gab.<\/span><\/p>\n<\/td>\n<\/tr>\n<\/tbody>\n<\/table>\n<div id=\"gtx-trans\" style=\"position: absolute; left: 79px; top: 37px;\">\n<div class=\"gtx-trans-icon\"><\/div>\n<\/div>","protected":false},"excerpt":{"rendered":"<p>Gr\u0101matu rati\u0146i Lerijs<\/p>","protected":false},"featured_media":11323,"template":"","meta":[],"product_brand":[],"product_cat":[107,108],"product_tag":[],"class_list":{"0":"post-12431","1":"product","2":"type-product","3":"status-publish","4":"has-post-thumbnail","6":"product_cat-baldai","7":"product_cat-vezimeliai-knygoms","9":"first","10":"outofstock","11":"product-type-simple"},"_links":{"self":[{"href":"https:\/\/tavieta.lt\/lv\/wp-json\/wp\/v2\/product\/12431","targetHints":{"allow":["GET"]}}],"collection":[{"href":"https:\/\/tavieta.lt\/lv\/wp-json\/wp\/v2\/product"}],"about":[{"href":"https:\/\/tavieta.lt\/lv\/wp-json\/wp\/v2\/types\/product"}],"wp:featuredmedia":[{"embeddable":true,"href":"https:\/\/tavieta.lt\/lv\/wp-json\/wp\/v2\/media\/11323"}],"wp:attachment":[{"href":"https:\/\/tavieta.lt\/lv\/wp-json\/wp\/v2\/media?parent=12431"}],"wp:term":[{"taxonomy":"product_brand","embeddable":true,"href":"https:\/\/tavieta.lt\/lv\/wp-json\/wp\/v2\/product_brand?post=12431"},{"taxonomy":"product_cat","embeddable":true,"href":"https:\/\/tavieta.lt\/lv\/wp-json\/wp\/v2\/product_cat?post=12431"},{"taxonomy":"product_tag","embeddable":true,"href":"https:\/\/tavieta.lt\/lv\/wp-json\/wp\/v2\/product_tag?post=12431"}],"curies":[{"name":"wp","href":"https:\/\/api.w.org\/{rel}","templated":true}]}}