{"id":12432,"date":"2024-02-07T08:30:43","date_gmt":"2024-02-07T08:30:43","guid":{"rendered":"http:\/\/tavieta.lt\/produktas\/vezimelis-knygoms-david\/"},"modified":"2024-02-07T08:30:47","modified_gmt":"2024-02-07T08:30:47","slug":"vezimelis-knygoms-david","status":"publish","type":"product","link":"https:\/\/tavieta.lt\/lv\/products\/vezimelis-knygoms-david\/","title":{"rendered":"Gr\u0101matu rati\u0146i Deivids"},"content":{"rendered":"<p><span style=\"color: #000000;\">D\u0101vida gr\u0101matu rati\u0146i ir jauna veida rati\u0146i, kuru pamat\u0101 ir Goliath boger rati\u0146u koncepcija. Tom\u0113r Deivida bibliot\u0113kas rati\u0146i ir \u0161aur\u0101ki, t\u0101p\u0113c tie ir piem\u0113roti \u0161aur\u0101k\u0101m bibliot\u0113kas telp\u0101m. Rati ir \u013coti viegli manevr\u0113jami. Liela rati\u0146u priek\u0161roc\u012bba ir nedaudz sl\u012bpi met\u0101la plaukti, kas transport\u0113\u0161anas laik\u0101 ne\u013cauj gr\u0101mat\u0101m izkrist no plauktiem. Turkl\u0101t ir iesp\u0113jams izvietot divus plauktus br\u012bv\u0101s poz\u012bcij\u0101s piln\u012bgi taisni vai divos plauktu l\u012bme\u0146os.\u00a0<\/span><\/p>\n<p><span style=\"color: #000000;\">Rati\u0146u izm\u0113ri: augstums 730mm, platums 700mm, dzi\u013cums 400mm, rite\u0146a diametrs 100mm.<\/span><\/p>\n<table style=\"width: 50.07142857142857%; height: 112px;\" cellspacing=\"0\" cellpadding=\"0\">\n<tbody>\n<tr>\n<td style=\"text-align: center;\" valign=\"top\">\n<p><strong><span style=\"color: #000000;\">Kods<\/span><\/strong><\/p>\n<\/td>\n<td style=\"text-align: center;\" valign=\"top\">\n<p><strong><span style=\"color: #000000;\">Apraksts\u00a0<\/span><\/strong><\/p>\n<\/td>\n<td style=\"text-align: center;\" valign=\"top\">\n<p><strong><span style=\"color: #000000;\">Daudzums\u00a0<\/span><\/strong><\/p>\n<\/td>\n<\/tr>\n<tr>\n<td style=\"text-align: center;\" valign=\"top\">\n<p><span style=\"color: #000000;\">40085e<\/span><\/p>\n<\/td>\n<td style=\"text-align: center;\" valign=\"top\">\n<p><span style=\"color: #000000;\">Deivids<\/span><\/p>\n<\/td>\n<td style=\"text-align: center;\" valign=\"top\">\n<p><span style=\"color: #000000;\">1 gab.<\/span><\/p>\n<\/td>\n<\/tr>\n<\/tbody>\n<\/table>\n<div id=\"gtx-trans\" style=\"position: absolute; left: 79px; top: 37px;\">\n<div class=\"gtx-trans-icon\"><\/div>\n<\/div>","protected":false},"excerpt":{"rendered":"<p>Rati bibliot\u0113k\u0101m D\u0101vids<\/p>","protected":false},"featured_media":11325,"template":"","meta":[],"product_brand":[],"product_cat":[107,108],"product_tag":[],"class_list":{"0":"post-12432","1":"product","2":"type-product","3":"status-publish","4":"has-post-thumbnail","6":"product_cat-baldai","7":"product_cat-vezimeliai-knygoms","9":"first","10":"outofstock","11":"product-type-simple"},"_links":{"self":[{"href":"https:\/\/tavieta.lt\/lv\/wp-json\/wp\/v2\/product\/12432","targetHints":{"allow":["GET"]}}],"collection":[{"href":"https:\/\/tavieta.lt\/lv\/wp-json\/wp\/v2\/product"}],"about":[{"href":"https:\/\/tavieta.lt\/lv\/wp-json\/wp\/v2\/types\/product"}],"wp:featuredmedia":[{"embeddable":true,"href":"https:\/\/tavieta.lt\/lv\/wp-json\/wp\/v2\/media\/11325"}],"wp:attachment":[{"href":"https:\/\/tavieta.lt\/lv\/wp-json\/wp\/v2\/media?parent=12432"}],"wp:term":[{"taxonomy":"product_brand","embeddable":true,"href":"https:\/\/tavieta.lt\/lv\/wp-json\/wp\/v2\/product_brand?post=12432"},{"taxonomy":"product_cat","embeddable":true,"href":"https:\/\/tavieta.lt\/lv\/wp-json\/wp\/v2\/product_cat?post=12432"},{"taxonomy":"product_tag","embeddable":true,"href":"https:\/\/tavieta.lt\/lv\/wp-json\/wp\/v2\/product_tag?post=12432"}],"curies":[{"name":"wp","href":"https:\/\/api.w.org\/{rel}","templated":true}]}}