{"id":12434,"date":"2024-02-07T08:30:43","date_gmt":"2024-02-07T08:30:43","guid":{"rendered":"http:\/\/tavieta.lt\/produktas\/vezimelis-knygoms-tuky\/"},"modified":"2025-01-31T13:17:07","modified_gmt":"2025-01-31T13:17:07","slug":"vezimelis-knygoms-tuky","status":"publish","type":"product","link":"https:\/\/tavieta.lt\/lv\/products\/vezimelis-knygoms-tuky\/","title":{"rendered":"Gr\u0101matu rati\u0146i TUKY"},"content":{"rendered":"<p>Gr\u0101matu rati\u0146i TUKY<\/p>\n<p><span style=\"color: #000000;\">Piln\u012bgi met\u0101la rati\u0146i ar diviem no\u0146emamiem groziem, kurus var iz\u0146emt no ratiem un izmantot k\u0101 uzglab\u0101\u0161anas plauktu pie bibliot\u0113kas galda vai darba virsmas.<\/span><\/p>\n<p><span style=\"color: #000000;\">Kop\u0113jais platums: 66,5 cm; Kop\u0113jais dzi\u013cums: 36 cm; Augstums bez rite\u0146iem 76\/86 cm Rite\u0146a diametrs: 10 cm; Groza izm\u0113rs: 56 x 36,5 cm; Augstums 10,5 cm\u00a0<\/span><\/p>\n<table style=\"width: 87.6794%; height: 115px;\" width=\"879\">\n<tbody>\n<tr style=\"height: 23px;\">\n<td style=\"height: 23px; text-align: center;\" width=\"116\">TK850-0<\/td>\n<td style=\"height: 115px; text-align: center;\" rowspan=\"5\" width=\"313\">Gr\u0101matu rati\u0146i TUKY<\/td>\n<td style=\"height: 23px; text-align: center;\" width=\"273\">sarkans<\/td>\n<td style=\"height: 23px; text-align: center;\" width=\"177\">1 gab<\/td>\n<\/tr>\n<tr style=\"height: 23px;\">\n<td style=\"height: 23px; text-align: center;\">TK850-02<\/td>\n<td style=\"height: 23px; text-align: center;\">gai\u0161i pel\u0113ks<\/td>\n<td style=\"height: 23px; text-align: center;\">1 gab<\/td>\n<\/tr>\n<tr style=\"height: 23px;\">\n<td style=\"height: 23px; text-align: center;\">TK850-03<\/td>\n<td style=\"height: 23px; text-align: center;\">balts<\/td>\n<td style=\"height: 23px; text-align: center;\">1 gab<\/td>\n<\/tr>\n<tr style=\"height: 23px;\">\n<td style=\"height: 23px; text-align: center;\">TK850-04<\/td>\n<td style=\"height: 23px; text-align: center;\">dzeltens<\/td>\n<td style=\"height: 23px; text-align: center;\">1 gab<\/td>\n<\/tr>\n<tr style=\"height: 23px;\">\n<td style=\"height: 23px; text-align: center;\">TK850-05<\/td>\n<td style=\"height: 23px; text-align: center;\">oran\u017ea<\/td>\n<td style=\"height: 23px; text-align: center;\">1 gab<\/td>\n<\/tr>\n<\/tbody>\n<\/table>\n<p>&nbsp;<\/p>\n<div id=\"gtx-trans\" style=\"position: absolute; left: -3px; top: 48.9329px;\">\n<div class=\"gtx-trans-icon\"><\/div>\n<\/div>","protected":false},"excerpt":{"rendered":"<p>TUKY gr\u0101matu rati\u0146i. Piln\u012bgi met\u0101la rati\u0146i ar diviem no\u0146emamiem groziem, kurus var iz\u0146emt no rati\u0146iem un izmantot k\u0101 uzglab\u0101\u0161anas plauktu pie bibliot\u0113kas galda vai darba virsmas.<\/p>","protected":false},"featured_media":11329,"template":"","meta":[],"product_brand":[],"product_cat":[218,107,108],"product_tag":[],"class_list":{"0":"post-12434","1":"product","2":"type-product","3":"status-publish","4":"has-post-thumbnail","6":"product_cat-populiariausi-produktai","7":"product_cat-baldai","8":"product_cat-vezimeliai-knygoms","10":"first","11":"outofstock","12":"product-type-simple"},"_links":{"self":[{"href":"https:\/\/tavieta.lt\/lv\/wp-json\/wp\/v2\/product\/12434","targetHints":{"allow":["GET"]}}],"collection":[{"href":"https:\/\/tavieta.lt\/lv\/wp-json\/wp\/v2\/product"}],"about":[{"href":"https:\/\/tavieta.lt\/lv\/wp-json\/wp\/v2\/types\/product"}],"wp:featuredmedia":[{"embeddable":true,"href":"https:\/\/tavieta.lt\/lv\/wp-json\/wp\/v2\/media\/11329"}],"wp:attachment":[{"href":"https:\/\/tavieta.lt\/lv\/wp-json\/wp\/v2\/media?parent=12434"}],"wp:term":[{"taxonomy":"product_brand","embeddable":true,"href":"https:\/\/tavieta.lt\/lv\/wp-json\/wp\/v2\/product_brand?post=12434"},{"taxonomy":"product_cat","embeddable":true,"href":"https:\/\/tavieta.lt\/lv\/wp-json\/wp\/v2\/product_cat?post=12434"},{"taxonomy":"product_tag","embeddable":true,"href":"https:\/\/tavieta.lt\/lv\/wp-json\/wp\/v2\/product_tag?post=12434"}],"curies":[{"name":"wp","href":"https:\/\/api.w.org\/{rel}","templated":true}]}}