{"id":12435,"date":"2024-02-07T08:30:43","date_gmt":"2024-02-07T08:30:43","guid":{"rendered":"http:\/\/tavieta.lt\/produktas\/vezimelis-knygoms-gotland-plus\/"},"modified":"2024-02-07T08:30:48","modified_gmt":"2024-02-07T08:30:48","slug":"vezimelis-knygoms-gotland-plus","status":"publish","type":"product","link":"https:\/\/tavieta.lt\/lv\/products\/vezimelis-knygoms-gotland-plus\/","title":{"rendered":"Gr\u0101matu rati\u0146i Gotland Plus"},"content":{"rendered":"<p>Gr\u0101matu rati\u0146i Gotland Plus<\/p>\n<p><span style=\"color: #000000;\">Nelieli, bet ietilp\u012bgi, funkcion\u0101li divpus\u0113ji gr\u0101matu rati\u0146i ar aizmugur\u0113jo plati un se\u0161iem regul\u0113jamiem plauktiem (kop\u0101 8 plaukti)<\/span><\/p>\n<p><span style=\"color: #000000;\">Ietilp\u012bba: apm\u0113ram 135-150 gr\u0101matas; Izm\u0113rs: platums 665\u00a0x\u00a0430\u00a0x\u00a01090\u00a0mm. Plauktu dzi\u013cums 220 mm.\u00a0<\/span><\/p>\n<p><span style=\"color: #000000;\">Materi\u0101ls: kr\u0101sots met\u0101la r\u0101mis. Aizmugur\u0113jais panelis, s\u0101nu pane\u013ci un plaukti ir izgatavoti no lakota di\u017esk\u0101bar\u017ea sapl\u0101k\u0161\u0146a.<\/span><\/p>\n<p><span style=\"color: #000000;\">Rite\u0146i: 125 mm, 2 rite\u0146i ar bremz\u0113m.<\/span><\/p>\n<table style=\"width: 53.18681318681319%; height: 176px;\" cellspacing=\"0\" cellpadding=\"0\">\n<tbody>\n<tr>\n<td style=\"text-align: center;\" valign=\"top\">\n<p><strong><span style=\"color: #000000;\">Kods<\/span><\/strong><\/p>\n<\/td>\n<td style=\"text-align: center;\" valign=\"top\">\n<p><strong><span style=\"color: #000000;\">Apraksts<\/span><\/strong><\/p>\n<\/td>\n<td style=\"text-align: center;\" valign=\"top\">\n<p><strong><span style=\"color: #000000;\">Daudzums<\/span><\/strong><\/p>\n<\/td>\n<\/tr>\n<tr>\n<td style=\"text-align: center;\" valign=\"top\">\n<p><span style=\"color: #000000;\">04613<\/span><\/p>\n<\/td>\n<td style=\"text-align: center;\" valign=\"top\">\n<p><span style=\"color: #000000;\">Balts<\/span><\/p>\n<\/td>\n<td style=\"text-align: center;\" valign=\"top\">\n<p><span style=\"color: #000000;\">1 gab.<\/span><\/p>\n<\/td>\n<\/tr>\n<tr>\n<td style=\"text-align: center;\" valign=\"top\">\n<p><span style=\"color: #000000;\">04614<\/span><\/p>\n<\/td>\n<td style=\"text-align: center;\" valign=\"top\">\n<p><span style=\"color: #000000;\">Melns<\/span><\/p>\n<\/td>\n<td style=\"text-align: center;\" valign=\"top\">\n<p><span style=\"color: #000000;\">1 gab.<\/span><\/p>\n<\/td>\n<\/tr>\n<\/tbody>\n<\/table>\n<div id=\"gtx-trans\" style=\"position: absolute; left: 79px; top: 37px;\">\n<div class=\"gtx-trans-icon\"><\/div>\n<\/div>","protected":false},"excerpt":{"rendered":"<p>Gr\u0101matu rati\u0146i Gotland Plus<\/p>","protected":false},"featured_media":11331,"template":"","meta":[],"product_brand":[],"product_cat":[107,108],"product_tag":[],"class_list":{"0":"post-12435","1":"product","2":"type-product","3":"status-publish","4":"has-post-thumbnail","6":"product_cat-baldai","7":"product_cat-vezimeliai-knygoms","9":"first","10":"outofstock","11":"product-type-simple"},"_links":{"self":[{"href":"https:\/\/tavieta.lt\/lv\/wp-json\/wp\/v2\/product\/12435","targetHints":{"allow":["GET"]}}],"collection":[{"href":"https:\/\/tavieta.lt\/lv\/wp-json\/wp\/v2\/product"}],"about":[{"href":"https:\/\/tavieta.lt\/lv\/wp-json\/wp\/v2\/types\/product"}],"wp:featuredmedia":[{"embeddable":true,"href":"https:\/\/tavieta.lt\/lv\/wp-json\/wp\/v2\/media\/11331"}],"wp:attachment":[{"href":"https:\/\/tavieta.lt\/lv\/wp-json\/wp\/v2\/media?parent=12435"}],"wp:term":[{"taxonomy":"product_brand","embeddable":true,"href":"https:\/\/tavieta.lt\/lv\/wp-json\/wp\/v2\/product_brand?post=12435"},{"taxonomy":"product_cat","embeddable":true,"href":"https:\/\/tavieta.lt\/lv\/wp-json\/wp\/v2\/product_cat?post=12435"},{"taxonomy":"product_tag","embeddable":true,"href":"https:\/\/tavieta.lt\/lv\/wp-json\/wp\/v2\/product_tag?post=12435"}],"curies":[{"name":"wp","href":"https:\/\/api.w.org\/{rel}","templated":true}]}}