{"id":12437,"date":"2024-02-07T08:30:43","date_gmt":"2024-02-07T08:30:43","guid":{"rendered":"http:\/\/tavieta.lt\/produktas\/lauko-spintele-knygoms-grazinti-maya\/"},"modified":"2024-02-07T08:30:49","modified_gmt":"2024-02-07T08:30:49","slug":"lauko-spintele-knygoms-grazinti-maya","status":"publish","type":"product","link":"https:\/\/tavieta.lt\/lv\/products\/lauko-spintele-knygoms-grazinti-maya\/","title":{"rendered":"\u0100ra gr\u0101matu skapis, lai atgrieztu Maiju"},"content":{"rendered":"<p><span style=\"color: #000000;\">\u0100ra gr\u0101matu atgrie\u0161anas skap\u012btis Maya - sl\u0113dzams atgrie\u0161anas skap\u012btis lieto\u0161anai \u0101rpus telp\u0101m. Piem\u0113rots bibliot\u0113k\u0101m ar ierobe\u017eotu darba laiku. Atgrie\u0161anas skap\u012btis tapis sadarb\u012bb\u0101 ar da\u017e\u0101m Norv\u0113\u0123ijas bibliot\u0113k\u0101m. Apr\u012bkots ar sl\u012bdni un kasti ar rite\u0146iem un rokturi. Skapis ir \u013coti smags! V\u0113l liel\u0101kai aizsardz\u012bbai pret zag\u013ciem varat novietot smagus pane\u013cus skapja apak\u0161\u0101. 24\/7; jebkuros laikapst\u0101k\u013cos.<\/span><\/p>\n<table style=\"width: 53.92885375494071%; height: 158px;\" cellspacing=\"0\" cellpadding=\"0\">\n<tbody>\n<tr>\n<td style=\"text-align: center;\" valign=\"top\">\n<p><strong><span style=\"color: #000000;\">Kods<\/span><\/strong><\/p>\n<\/td>\n<td style=\"text-align: center;\" valign=\"top\">\n<p><strong><span style=\"color: #000000;\">Apraksts<\/span><\/strong><\/p>\n<\/td>\n<td style=\"text-align: center;\" valign=\"top\">\n<p><strong><span style=\"color: #000000;\">Daudzums<\/span><\/strong><\/p>\n<\/td>\n<\/tr>\n<tr>\n<td style=\"text-align: center;\" valign=\"top\">\n<p><span style=\"color: #000000;\">EB4253<\/span><\/p>\n<\/td>\n<td style=\"text-align: center;\" valign=\"top\">\n<p><span style=\"color: #000000;\">Kaste MAYA\u00a0<\/span><\/p>\n<\/td>\n<td style=\"text-align: center;\" valign=\"top\">\n<p><span style=\"color: #000000;\">1 gab.<\/span><\/p>\n<\/td>\n<\/tr>\n<tr>\n<td style=\"text-align: center;\" valign=\"top\">\n<p><span style=\"color: #000000;\">EB42531<\/span><\/p>\n<\/td>\n<td style=\"text-align: center;\" valign=\"top\">\n<p><span style=\"color: #000000;\">Skapis ar kasti<\/span><\/p>\n<\/td>\n<td style=\"text-align: center;\" valign=\"top\">\n<p><span style=\"color: #000000;\">1 gab.<\/span><\/p>\n<\/td>\n<\/tr>\n<\/tbody>\n<\/table>\n<div id=\"gtx-trans\" style=\"position: absolute; left: 79px; top: 37px;\">\n<div class=\"gtx-trans-icon\"><\/div>\n<\/div>","protected":false},"excerpt":{"rendered":"<p>\u0100ra gr\u0101matu skapis, lai atgrieztu Maiju<\/p>","protected":false},"featured_media":11335,"template":"","meta":[],"product_brand":[],"product_cat":[107,109],"product_tag":[],"class_list":{"0":"post-12437","1":"product","2":"type-product","3":"status-publish","4":"has-post-thumbnail","6":"product_cat-baldai","7":"product_cat-knygu-grazinimo-dezes","9":"first","10":"outofstock","11":"product-type-simple"},"_links":{"self":[{"href":"https:\/\/tavieta.lt\/lv\/wp-json\/wp\/v2\/product\/12437","targetHints":{"allow":["GET"]}}],"collection":[{"href":"https:\/\/tavieta.lt\/lv\/wp-json\/wp\/v2\/product"}],"about":[{"href":"https:\/\/tavieta.lt\/lv\/wp-json\/wp\/v2\/types\/product"}],"wp:featuredmedia":[{"embeddable":true,"href":"https:\/\/tavieta.lt\/lv\/wp-json\/wp\/v2\/media\/11335"}],"wp:attachment":[{"href":"https:\/\/tavieta.lt\/lv\/wp-json\/wp\/v2\/media?parent=12437"}],"wp:term":[{"taxonomy":"product_brand","embeddable":true,"href":"https:\/\/tavieta.lt\/lv\/wp-json\/wp\/v2\/product_brand?post=12437"},{"taxonomy":"product_cat","embeddable":true,"href":"https:\/\/tavieta.lt\/lv\/wp-json\/wp\/v2\/product_cat?post=12437"},{"taxonomy":"product_tag","embeddable":true,"href":"https:\/\/tavieta.lt\/lv\/wp-json\/wp\/v2\/product_tag?post=12437"}],"curies":[{"name":"wp","href":"https:\/\/api.w.org\/{rel}","templated":true}]}}