{"id":12439,"date":"2024-02-07T08:30:43","date_gmt":"2024-02-07T08:30:43","guid":{"rendered":"http:\/\/tavieta.lt\/produktas\/cepurus-zele-valymui\/"},"modified":"2024-02-07T08:30:50","modified_gmt":"2024-02-07T08:30:50","slug":"cepurus-zele-valymui","status":"publish","type":"product","link":"https:\/\/tavieta.lt\/lv\/products\/cepurus-zele-valymui\/","title":{"rendered":"CePURUS g\u0113ls t\u012br\u012b\u0161anai"},"content":{"rendered":"<p><span style=\"color: #000000;\">CePURUS t\u012br\u012b\u0161anas g\u0113ls ir elast\u012bgs, nesk\u0101bs materi\u0101ls (PVC g\u0113ls), kas sp\u0113j aptvert putek\u013cus un net\u012brumus. CePURUS ir piem\u0113rots pap\u012bra dokumentu un gr\u0101matu, k\u0101 ar\u012b kr\u0101sainu un zelt\u012btu t\u012br\u012b\u0161anai. Lieto\u0161anas instrukcija: Vispirms not\u012briet gr\u0101matas ar putek\u013cu s\u016bc\u0113ju. P\u0113c tam ar viegl\u0101m kust\u012bb\u0101m, nespie\u017eot ar CePURUS, slauc\u012bt no aizmugures malas uz \u0101ru.<\/span><\/p>\n<table style=\"width: 54.81848184818482%; height: 128px;\">\n<tbody>\n<tr>\n<td style=\"text-align: center;\">\n<p><span style=\"color: #000000;\">Materi\u0101la kods<\/span><\/p>\n<\/td>\n<td style=\"text-align: center;\">\n<p><span style=\"color: #000000;\">Apraksts<\/span><\/p>\n<\/td>\n<td style=\"text-align: center;\">\n<p><span style=\"color: #000000;\">Iepakojums<\/span><\/p>\n<\/td>\n<\/tr>\n<tr>\n<td style=\"text-align: center;\">\n<p><span style=\"color: #000000;\">50203<\/span><\/p>\n<\/td>\n<td style=\"text-align: center;\">\n<p><span style=\"color: #000000;\">\u00a0\u00a0 Cepurus<\/span><\/p>\n<\/td>\n<td style=\"text-align: center;\">\n<p align=\"center\"><span style=\"color: #000000;\">1 kg<\/span><\/p>\n<\/td>\n<\/tr>\n<\/tbody>\n<\/table>\n<div id=\"gtx-trans\" style=\"position: absolute; left: 79px; top: 37px;\">\n<div class=\"gtx-trans-icon\"><\/div>\n<\/div>","protected":false},"excerpt":{"rendered":"<p>CePURUS g\u0113ls t\u012br\u012b\u0161anai<\/p>","protected":false},"featured_media":11338,"template":"","meta":[],"product_brand":[],"product_cat":[102,110],"product_tag":[],"class_list":{"0":"post-12439","1":"product","2":"type-product","3":"status-publish","4":"has-post-thumbnail","6":"product_cat-knygu-taisymas-ir-prieziura","7":"product_cat-knygu-valymo-priemones","9":"first","10":"outofstock","11":"product-type-simple"},"_links":{"self":[{"href":"https:\/\/tavieta.lt\/lv\/wp-json\/wp\/v2\/product\/12439","targetHints":{"allow":["GET"]}}],"collection":[{"href":"https:\/\/tavieta.lt\/lv\/wp-json\/wp\/v2\/product"}],"about":[{"href":"https:\/\/tavieta.lt\/lv\/wp-json\/wp\/v2\/types\/product"}],"wp:featuredmedia":[{"embeddable":true,"href":"https:\/\/tavieta.lt\/lv\/wp-json\/wp\/v2\/media\/11338"}],"wp:attachment":[{"href":"https:\/\/tavieta.lt\/lv\/wp-json\/wp\/v2\/media?parent=12439"}],"wp:term":[{"taxonomy":"product_brand","embeddable":true,"href":"https:\/\/tavieta.lt\/lv\/wp-json\/wp\/v2\/product_brand?post=12439"},{"taxonomy":"product_cat","embeddable":true,"href":"https:\/\/tavieta.lt\/lv\/wp-json\/wp\/v2\/product_cat?post=12439"},{"taxonomy":"product_tag","embeddable":true,"href":"https:\/\/tavieta.lt\/lv\/wp-json\/wp\/v2\/product_tag?post=12439"}],"curies":[{"name":"wp","href":"https:\/\/api.w.org\/{rel}","templated":true}]}}