{"id":12440,"date":"2024-02-07T08:30:43","date_gmt":"2024-02-07T08:30:43","guid":{"rendered":"http:\/\/tavieta.lt\/produktas\/cleanmaster-lygaus-putplascio-trintukas\/"},"modified":"2024-02-07T08:30:51","modified_gmt":"2024-02-07T08:30:51","slug":"cleanmaster-lygaus-putplascio-trintukas","status":"publish","type":"product","link":"https:\/\/tavieta.lt\/lv\/products\/cleanmaster-lygaus-putplascio-trintukas\/","title":{"rendered":"CleanMaster Smooth Foam Eraser"},"content":{"rendered":"<p>CleanMaster Smooth Foam Eraser<\/p>\n<p><span style=\"color: #000000;\">Gluda putu dz\u0113\u0161gumija, kas piem\u0113rota pat pl\u0101n\u0101kajam pap\u012bram.<\/span><\/p>\n<p><span style=\"color: #000000;\">Pap\u012bra konservatori ar\u012b sasmalcina \u0161\u012bs dz\u0113\u0161gumijas maz\u0101s da\u013ci\u0146\u0101s, veidojot pulveri z\u012bm\u0113jumu ber\u0161anai.<\/span><\/p>\n<p><span style=\"color: #000000;\">Jaun\u0101 Cleanmaster formula nodro\u0161ina izcilu t\u012bras t\u012br\u012b\u0161anas jaudu ar minim\u0101lu spiedienu un nesatur PVC.<\/span><\/p>\n<table style=\"height: 116px; width: 70.93455515413294%; border-style: solid; border-color: #000000;\" cellspacing=\"0\" cellpadding=\"0\">\n<tbody>\n<tr style=\"height: 59px;\">\n<td style=\"height: 59px; border-style: solid; border-color: #000000; text-align: center;\" valign=\"top\">\n<p align=\"center\"><span style=\"color: #000000; font-size: 14px;\"><span style=\"font-family: Helvetica;\">Materi\u0101li\u00a0<\/span><span style=\"font-family: Helvetica;\">kodu<\/span><\/span><\/p>\n<\/td>\n<td style=\"height: 59px; border-style: solid; border-color: #000000; text-align: center;\" valign=\"top\">\n<p style=\"text-align: center;\"><span style=\"color: #000000; font-family: Helvetica; font-size: 14px;\">Apraksts<\/span><\/p>\n<\/td>\n<td style=\"height: 59px; border-style: solid; border-color: #000000; text-align: center;\" valign=\"top\">\n<p><span style=\"color: #000000; font-family: Helvetica; font-size: 14px;\">Iepakojums<\/span><\/p>\n<\/td>\n<\/tr>\n<tr style=\"height: 51px;\">\n<td style=\"height: 51px; border-style: solid; border-color: #000000;\" valign=\"top\">\n<p align=\"center\"><span style=\"color: #000000; font-family: Helvetica; font-size: 14px;\">40112<\/span><\/p>\n<\/td>\n<td style=\"height: 51px; border-style: solid; border-color: #000000;\" valign=\"top\">\n<p align=\"center\"><span style=\"color: #000000; font-size: 14px;\"><span style=\"font-family: Calibri;\"><b>CleanMaster <\/b><\/span><span style=\"font-family: Helvetica;\">\u2013<span class=\"Apple-converted-space\"> dz\u0113\u0161gumija<\/span><\/span><\/span><\/p>\n<\/td>\n<td style=\"height: 51px; border-style: solid; border-color: #000000; text-align: center;\" valign=\"top\">\n<p align=\"center\"><span style=\"color: #000000; font-size: 14px;\"><span style=\"font-family: Helvetica;\">1<\/span> gab<span style=\"font-family: Helvetica;\">. <\/span><\/span><\/p>\n<p align=\"center\"><span style=\"color: #000000; font-size: 14px;\"><span style=\"font-family: Helvetica;\">10<\/span> <span style=\"font-family: Helvetica;\">gab<\/span><\/span><\/p>\n<\/td>\n<\/tr>\n<\/tbody>\n<\/table>\n<div id=\"gtx-trans\" style=\"position: absolute; left: 79px; top: 37px;\">\n<div class=\"gtx-trans-icon\"><\/div>\n<\/div>","protected":false},"excerpt":{"rendered":"<p>CleanMaster Smooth Foam Eraser<\/p>","protected":false},"featured_media":11340,"template":"","meta":[],"product_brand":[],"product_cat":[102,110],"product_tag":[],"class_list":{"0":"post-12440","1":"product","2":"type-product","3":"status-publish","4":"has-post-thumbnail","6":"product_cat-knygu-taisymas-ir-prieziura","7":"product_cat-knygu-valymo-priemones","9":"first","10":"outofstock","11":"product-type-simple"},"_links":{"self":[{"href":"https:\/\/tavieta.lt\/lv\/wp-json\/wp\/v2\/product\/12440","targetHints":{"allow":["GET"]}}],"collection":[{"href":"https:\/\/tavieta.lt\/lv\/wp-json\/wp\/v2\/product"}],"about":[{"href":"https:\/\/tavieta.lt\/lv\/wp-json\/wp\/v2\/types\/product"}],"wp:featuredmedia":[{"embeddable":true,"href":"https:\/\/tavieta.lt\/lv\/wp-json\/wp\/v2\/media\/11340"}],"wp:attachment":[{"href":"https:\/\/tavieta.lt\/lv\/wp-json\/wp\/v2\/media?parent=12440"}],"wp:term":[{"taxonomy":"product_brand","embeddable":true,"href":"https:\/\/tavieta.lt\/lv\/wp-json\/wp\/v2\/product_brand?post=12440"},{"taxonomy":"product_cat","embeddable":true,"href":"https:\/\/tavieta.lt\/lv\/wp-json\/wp\/v2\/product_cat?post=12440"},{"taxonomy":"product_tag","embeddable":true,"href":"https:\/\/tavieta.lt\/lv\/wp-json\/wp\/v2\/product_tag?post=12440"}],"curies":[{"name":"wp","href":"https:\/\/api.w.org\/{rel}","templated":true}]}}