{"id":12441,"date":"2024-02-07T08:30:43","date_gmt":"2024-02-07T08:30:43","guid":{"rendered":"http:\/\/tavieta.lt\/produktas\/absorene-nesvarumu-trintukas-ir-valiklis\/"},"modified":"2024-02-07T08:30:51","modified_gmt":"2024-02-07T08:30:51","slug":"absorene-nesvarumu-trintukas-ir-valiklis","status":"publish","type":"product","link":"https:\/\/tavieta.lt\/lv\/products\/absorene-nesvarumu-trintukas-ir-valiklis\/","title":{"rendered":"Absorene - net\u012brumu no\u0146\u0113m\u0113js un t\u012br\u012b\u0161anas l\u012bdzeklis"},"content":{"rendered":"<p>Absorene - net\u012brumu no\u0146\u0113m\u0113js un t\u012br\u012b\u0161anas l\u012bdzeklis<\/p>\n<p><span style=\"font-size: 16px; color: #000000;\">Net\u012brumu dz\u0113\u0161gumija (B) \u2013 gr\u0101matu v\u0101ku un malu t\u012br\u012b\u0161anai. Lieliski piem\u0113rots gr\u0101matu plauktu un televizora un datoru ekr\u0101nu t\u012br\u012b\u0161anai. \u0136\u012bmiski apstr\u0101d\u0101ts vulkaniz\u0113ts gumijas s\u016bklis.<\/span><\/p>\n<p><span style=\"font-size: 16px; color: #000000;\">Izm\u0113ri: 15 x 7,5 x 2 cm.<\/span><\/p>\n<p><span style=\"font-size: 16px; color: #000000;\">Gr\u0101matu t\u012br\u012b\u0161anas l\u012bdzeklis (A) - no\u0146em net\u012brumus, gr\u0101mat\u0101s atst\u0101t\u0101s p\u0113das. M\u012bciet rok\u0101 l\u012bdz m\u012bkstam un izmantojiet k\u0101 dz\u0113\u0161gumiju.<\/span><\/p>\n<table style=\"width: 55.5787037037037%; height: 97px;\" cellspacing=\"0\" cellpadding=\"0\">\n<tbody>\n<tr>\n<td style=\"text-align: center;\" valign=\"top\">\n<p><span style=\"color: #000000;\"><strong><span style=\"font-size: 16px;\">Kods<\/span><\/strong><\/span><\/p>\n<\/td>\n<td style=\"text-align: center;\" valign=\"top\">\n<p><span style=\"color: #000000;\"><strong><span style=\"font-size: 16px;\">Apraksts<\/span><\/strong><\/span><\/p>\n<\/td>\n<td style=\"text-align: center;\" valign=\"top\">\n<p><span style=\"color: #000000;\"><strong><span style=\"font-size: 16px;\">Daudzums<\/span><\/strong><\/span><\/p>\n<\/td>\n<\/tr>\n<tr>\n<td style=\"text-align: center;\" valign=\"top\">\n<p><span style=\"font-size: 16px; color: #000000;\">BR234001 <\/span><\/p>\n<p><span style=\"font-size: 16px; color: #000000;\">BR233001<\/span><\/p>\n<\/td>\n<td style=\"text-align: center;\" valign=\"top\">\n<p><span style=\"font-size: 16px; color: #000000;\">Dirt Eraser - dz\u0113\u0161gumija<\/span><\/p>\n<p><span style=\"font-size: 16px; color: #000000;\">Gr\u0101matu t\u012br\u012bt\u0101js - s\u016bklis<\/span><\/p>\n<\/td>\n<td style=\"text-align: center;\" valign=\"top\">\n<p><span style=\"font-size: 16px; color: #000000;\">1 gab.<\/span><\/p>\n<p><span style=\"font-size: 16px; color: #000000;\">1 gab.<\/span><\/p>\n<\/td>\n<\/tr>\n<\/tbody>\n<\/table>\n<div id=\"gtx-trans\" style=\"position: absolute; left: 79px; top: 37px;\">\n<div class=\"gtx-trans-icon\"><\/div>\n<\/div>","protected":false},"excerpt":{"rendered":"<p>Absorene - net\u012brumu no\u0146\u0113m\u0113js un t\u012br\u012b\u0161anas l\u012bdzeklis<\/p>","protected":false},"featured_media":11342,"template":"","meta":[],"product_brand":[],"product_cat":[102,110],"product_tag":[],"class_list":{"0":"post-12441","1":"product","2":"type-product","3":"status-publish","4":"has-post-thumbnail","6":"product_cat-knygu-taisymas-ir-prieziura","7":"product_cat-knygu-valymo-priemones","9":"first","10":"outofstock","11":"product-type-simple"},"_links":{"self":[{"href":"https:\/\/tavieta.lt\/lv\/wp-json\/wp\/v2\/product\/12441","targetHints":{"allow":["GET"]}}],"collection":[{"href":"https:\/\/tavieta.lt\/lv\/wp-json\/wp\/v2\/product"}],"about":[{"href":"https:\/\/tavieta.lt\/lv\/wp-json\/wp\/v2\/types\/product"}],"wp:featuredmedia":[{"embeddable":true,"href":"https:\/\/tavieta.lt\/lv\/wp-json\/wp\/v2\/media\/11342"}],"wp:attachment":[{"href":"https:\/\/tavieta.lt\/lv\/wp-json\/wp\/v2\/media?parent=12441"}],"wp:term":[{"taxonomy":"product_brand","embeddable":true,"href":"https:\/\/tavieta.lt\/lv\/wp-json\/wp\/v2\/product_brand?post=12441"},{"taxonomy":"product_cat","embeddable":true,"href":"https:\/\/tavieta.lt\/lv\/wp-json\/wp\/v2\/product_cat?post=12441"},{"taxonomy":"product_tag","embeddable":true,"href":"https:\/\/tavieta.lt\/lv\/wp-json\/wp\/v2\/product_tag?post=12441"}],"curies":[{"name":"wp","href":"https:\/\/api.w.org\/{rel}","templated":true}]}}