{"id":12442,"date":"2024-02-07T08:30:43","date_gmt":"2024-02-07T08:30:43","guid":{"rendered":"http:\/\/tavieta.lt\/produktas\/groomstick-trintukas\/"},"modified":"2024-02-07T08:30:52","modified_gmt":"2024-02-07T08:30:52","slug":"groomstick-trintukas","status":"publish","type":"product","link":"https:\/\/tavieta.lt\/lv\/products\/groomstick-trintukas\/","title":{"rendered":"Groomstick dz\u0113\u0161gumija t\u012br\u012b\u0161anai"},"content":{"rendered":"<p>Groomstick dz\u0113\u0161gumija t\u012br\u012b\u0161anai<\/p>\n<p><span style=\"color: #000000;\">\u0160\u012b dabisk\u0101 kau\u010duka m\u012bc\u0101m\u0101 &quot;molekulu lamatas&quot; izmanto\u0161ana ir \u0101rk\u0101rt\u012bgi efekt\u012bva<span class=\"Apple-converted-space\">\u00a0 <\/span>\u0137\u012bmisk\u0101 t\u012br\u012b\u0161ana j\u016bsu dokumentus. Graf\u012bts, kokogles, kr\u012bts, kr\u012bti\u0146i, saus\u0101s pulverkr\u0101sas, pel\u0113jums, putek\u013ci, net\u012brumi un tauki ir tikai da\u017ei no daudzajiem materi\u0101liem, kas tiek t\u012bri pacelti no virsmas un<span class=\"Apple-converted-space\">\u00a0 <\/span>tur\u0113ts &quot;molekulu slazd\u0101&quot;.<\/span><\/p>\n<p><span style=\"color: #000000;\">At\u0161\u0137ir\u012bb\u0101 no daudz\u0101m cit\u0101m dz\u0113\u0161gumij\u0101m, Groom\/Stick nenoberz\u0113sies, neizsm\u0113r\u0113s, neizbal\u0113s un tam neb\u016bs pielipu\u0161i gru\u017ei. Izmantojiet ar\u012b e\u013c\u013cas no\u0146em\u0161anai no rok\u0101m un pirkstiem pirms smalka darba veik\u0161anas. Paliek nep\u0101rtraukta un atk\u0101rtoti lietojama vis\u0101 garum\u0101.<\/span><\/p>\n<p>&nbsp;<\/p>\n<table style=\"border-style: solid; border-color: #000000; width: 51.95867824781801%; height: 96px;\" cellspacing=\"0\" cellpadding=\"0\">\n<tbody>\n<tr style=\"height: 56px;\">\n<td style=\"border-style: solid; border-color: #000000; width: 43.54838709677419%; height: 56px; text-align: center;\" valign=\"top\">\n<p><span style=\"color: #111111; font-family: Helvetica; font-size: 14px;\">Materi\u0101la kods<\/span><\/p>\n<\/td>\n<td style=\"border-style: solid; border-color: #000000; width: 33.87096774193548%; height: 56px; text-align: center;\" valign=\"top\">\n<p><span style=\"color: #111111; font-family: Helvetica; font-size: 14px;\"> Apraksts <\/span><\/p>\n<\/td>\n<td style=\"border-style: solid; border-color: #000000; width: 20.967741935483872%; height: 56px; text-align: center;\" valign=\"top\">\n<p><span style=\"color: #111111; font-family: Helvetica; font-size: 14px;\">Iepakojums<\/span><\/p>\n<\/td>\n<\/tr>\n<tr style=\"height: 56px;\">\n<td style=\"border-style: solid; border-color: #000000; width: 43.54838709677419%; height: 44px; text-align: center;\" valign=\"top\">\n<p><span style=\"color: #111111; font-family: Helvetica; font-size: 14px;\">BR198001<\/span><\/p>\n<\/td>\n<td style=\"border-style: solid; border-color: #000000; width: 33.87096774193548%; height: 44px; text-align: center;\" valign=\"top\">\n<p><span style=\"color: #111111; font-family: Calibri; font-size: 14px;\"><b><span class=\"Apple-converted-space\">\u00a0\u00a0 <\/span>Groomstick<\/b><\/span><\/p>\n<\/td>\n<td style=\"border-style: solid; border-color: #000000; width: 20.967741935483872%; height: 44px; text-align: center;\" valign=\"top\">\n<p align=\"center\"><span style=\"color: #111111; font-family: Helvetica; font-size: 14px;\">1 gab.<\/span><\/p>\n<\/td>\n<\/tr>\n<\/tbody>\n<\/table>\n<div id=\"gtx-trans\" style=\"position: absolute; left: 79px; top: 37px;\">\n<div class=\"gtx-trans-icon\"><\/div>\n<\/div>","protected":false},"excerpt":{"rendered":"<p>Groomstick dz\u0113\u0161gumija t\u012br\u012b\u0161anai<\/p>","protected":false},"featured_media":11344,"template":"","meta":[],"product_brand":[],"product_cat":[102,110],"product_tag":[],"class_list":{"0":"post-12442","1":"product","2":"type-product","3":"status-publish","4":"has-post-thumbnail","6":"product_cat-knygu-taisymas-ir-prieziura","7":"product_cat-knygu-valymo-priemones","9":"first","10":"outofstock","11":"product-type-simple"},"_links":{"self":[{"href":"https:\/\/tavieta.lt\/lv\/wp-json\/wp\/v2\/product\/12442","targetHints":{"allow":["GET"]}}],"collection":[{"href":"https:\/\/tavieta.lt\/lv\/wp-json\/wp\/v2\/product"}],"about":[{"href":"https:\/\/tavieta.lt\/lv\/wp-json\/wp\/v2\/types\/product"}],"wp:featuredmedia":[{"embeddable":true,"href":"https:\/\/tavieta.lt\/lv\/wp-json\/wp\/v2\/media\/11344"}],"wp:attachment":[{"href":"https:\/\/tavieta.lt\/lv\/wp-json\/wp\/v2\/media?parent=12442"}],"wp:term":[{"taxonomy":"product_brand","embeddable":true,"href":"https:\/\/tavieta.lt\/lv\/wp-json\/wp\/v2\/product_brand?post=12442"},{"taxonomy":"product_cat","embeddable":true,"href":"https:\/\/tavieta.lt\/lv\/wp-json\/wp\/v2\/product_cat?post=12442"},{"taxonomy":"product_tag","embeddable":true,"href":"https:\/\/tavieta.lt\/lv\/wp-json\/wp\/v2\/product_tag?post=12442"}],"curies":[{"name":"wp","href":"https:\/\/api.w.org\/{rel}","templated":true}]}}