{"id":12444,"date":"2024-02-07T08:30:43","date_gmt":"2024-02-07T08:30:43","guid":{"rendered":"http:\/\/tavieta.lt\/produktas\/pulvisina-knygu-valymo-masina\/"},"modified":"2024-02-07T08:30:53","modified_gmt":"2024-02-07T08:30:53","slug":"pulvisina-knygu-valymo-masina","status":"publish","type":"product","link":"https:\/\/tavieta.lt\/lv\/products\/pulvisina-knygu-valymo-masina\/","title":{"rendered":"Pulvisina gr\u0101matu t\u012br\u012b\u0161anas ma\u0161\u012bna"},"content":{"rendered":"<p>Pulvisina gr\u0101matu t\u012br\u012b\u0161anas ma\u0161\u012bna<\/p>\n<p><span style=\"color: #000000; font-size: 16px;\">Pulvisina\u00ae ir maz\u0101ka un viegl\u0101ka gr\u0101matu t\u012br\u012b\u0161anas ma\u0161\u012bna. To var novietot uz jebkura bibliot\u0113kas galda vai kombin\u0113t ar rati\u0146iem ar regul\u0113jamu augstuma darba poz\u012bciju. Ma\u0161\u012bna ir paredz\u0113ta k\u0101 saglab\u0101\u0161anas l\u012bdzeklis kolekcijas t\u012br\u012b\u0161anai pirms nomas un atgrie\u0161anas. Lielisks risin\u0101jums bibliotek\u0101riem, kuriem nav vietas vai naudas Depulvera\u00ae. Lai not\u012br\u012btu gr\u0101matu, operatoram ir j\u0101veic tr\u012bs darb\u012bbas.<\/span><\/p>\n<table style=\"width: 87.35452119781012%; height: 79px;\">\n<tbody>\n<tr>\n<td style=\"width: 24.647887323943664%;\">\n<p style=\"text-align: center;\"><strong><span style=\"color: #000000; font-size: 16px;\">Kods<\/span><\/strong><\/p>\n<\/td>\n<td style=\"width: 46.478873239436616%; text-align: center;\">\n<p><strong><span style=\"color: #000000; font-size: 16px;\">Apraksts<\/span><\/strong><\/p>\n<\/td>\n<td style=\"width: 21.12676056338028%; text-align: center;\">\n<p><strong><span style=\"color: #000000; font-size: 16px;\">Daudzums<\/span><\/strong><\/p>\n<\/td>\n<\/tr>\n<tr>\n<td style=\"width: 24.647887323943664%; text-align: center;\">\n<p><span style=\"color: #000000; font-size: 16px;\">OR007<\/span><\/p>\n<\/td>\n<td style=\"width: 46.478873239436616%; text-align: center;\">\n<p><span style=\"color: #000000; font-size: 16px;\">Pulvisina<\/span><\/p>\n<\/td>\n<td style=\"width: 21.12676056338028%; text-align: center;\">\n<p><span style=\"color: #000000; font-size: 16px;\">1 gab.<\/span><\/p>\n<\/td>\n<\/tr>\n<tr>\n<td style=\"width: 24.647887323943664%; text-align: center;\">\n<p><span style=\"color: #000000; font-size: 16px;\">OR00S<\/span><\/p>\n<\/td>\n<td style=\"width: 46.478873239436616%; text-align: center;\">\n<p><span style=\"color: #000000; font-size: 16px;\">Ergo rati\u0146kr\u0113sls<\/span><\/p>\n<\/td>\n<td style=\"width: 21.12676056338028%; text-align: center;\">\n<p><span style=\"color: #000000; font-size: 16px;\">1 gab.<\/span><\/p>\n<\/td>\n<\/tr>\n<\/tbody>\n<\/table>\n<p style=\"text-align: left;\"><strong><span style=\"color: #000000; font-size: 16px;\">Tehniskie dati<\/span><\/strong><\/p>\n<p><span style=\"color: #000000; font-size: 16px;\">Maksim\u0101lie gr\u0101matas izm\u0113ri: 100 x 300 x 330 mm\u00a0<\/span><\/p>\n<p><span style=\"color: #000000; font-size: 16px;\">Ier\u012bces izm\u0113ri: 454 x 580 x 634 mm<\/span><\/p>\n<p><span style=\"color: #000000; font-size: 16px;\">Svars: 29 kg<\/span><\/p>\n\n<p>&nbsp;<\/p>\n<div id=\"gtx-trans\" style=\"position: absolute; left: 79px; top: 37px;\">\n<div class=\"gtx-trans-icon\"><\/div>\n<\/div>","protected":false},"excerpt":{"rendered":"<p>Pulvisina gr\u0101matu t\u012br\u012b\u0161anas ma\u0161\u012bna<\/p>","protected":false},"featured_media":11347,"template":"","meta":[],"product_brand":[],"product_cat":[112],"product_tag":[],"class_list":{"0":"post-12444","1":"product","2":"type-product","3":"status-publish","4":"has-post-thumbnail","6":"product_cat-dulkiu-valymo-iranga","8":"first","9":"outofstock","10":"product-type-simple"},"_links":{"self":[{"href":"https:\/\/tavieta.lt\/lv\/wp-json\/wp\/v2\/product\/12444","targetHints":{"allow":["GET"]}}],"collection":[{"href":"https:\/\/tavieta.lt\/lv\/wp-json\/wp\/v2\/product"}],"about":[{"href":"https:\/\/tavieta.lt\/lv\/wp-json\/wp\/v2\/types\/product"}],"wp:featuredmedia":[{"embeddable":true,"href":"https:\/\/tavieta.lt\/lv\/wp-json\/wp\/v2\/media\/11347"}],"wp:attachment":[{"href":"https:\/\/tavieta.lt\/lv\/wp-json\/wp\/v2\/media?parent=12444"}],"wp:term":[{"taxonomy":"product_brand","embeddable":true,"href":"https:\/\/tavieta.lt\/lv\/wp-json\/wp\/v2\/product_brand?post=12444"},{"taxonomy":"product_cat","embeddable":true,"href":"https:\/\/tavieta.lt\/lv\/wp-json\/wp\/v2\/product_cat?post=12444"},{"taxonomy":"product_tag","embeddable":true,"href":"https:\/\/tavieta.lt\/lv\/wp-json\/wp\/v2\/product_tag?post=12444"}],"curies":[{"name":"wp","href":"https:\/\/api.w.org\/{rel}","templated":true}]}}