{"id":12447,"date":"2024-02-07T08:30:57","date_gmt":"2024-02-07T08:30:57","guid":{"rendered":"http:\/\/tavieta.lt\/produktas\/wedo-stumdomos-pakylos\/"},"modified":"2024-02-07T08:30:57","modified_gmt":"2024-02-07T08:30:57","slug":"wedo-stumdomos-pakylos","status":"publish","type":"product","link":"https:\/\/tavieta.lt\/lv\/products\/wedo-stumdomos-pakylos\/","title":{"rendered":"Wedo - b\u012bd\u0101m\u0101s platformas"},"content":{"rendered":"<p><span style=\"color: #000000;\"> Uzk\u0101pjot uz Wedo, rite\u0146i saspie\u017eas kop\u0101 un pamatne stingri balst\u0101s uz gr\u012bdas. nok\u0101pjot, rite\u0146i atkal par\u0101d\u0101s un Wedo platformas var viegli p\u0101rvietot uz vajadz\u012bgo vietu.<\/span><\/p>\n<p><span style=\"color: #000000;\">Izm\u0113ri: H410mm x 400mm pamatne, Materi\u0101ls: Emaljas apdare uz 1,3mm bieza t\u0113rauda.<\/span><\/p>\n<table style=\"width: 75.89510135558763%; border-style: solid; border-color: #000000; height: 67px;\" cellspacing=\"0\" cellpadding=\"0\">\n<tbody>\n<tr style=\"height: 30px;\">\n<td style=\"height: 56px; text-align: center;\" valign=\"top\">\n<p><span style=\"color: #000000;\">Materi\u0101la kods<\/span><\/p>\n<\/td>\n<td style=\"height: 56px; text-align: center;\" valign=\"top\">\n<p><span style=\"color: #000000;\">Apraksts<\/span><\/p>\n<\/td>\n<td style=\"height: 56px; text-align: center;\" valign=\"top\">\n<p><span style=\"color: #000000;\">Iepakojums<\/span><\/p>\n<\/td>\n<\/tr>\n<tr style=\"height: 10px;\">\n<td style=\"height: 11px; text-align: center;\" valign=\"top\">\n<p><span style=\"color: #000000;\">40184<\/span><\/p>\n<\/td>\n<td style=\"text-align: center;\" valign=\"top\">\n<p style=\"text-align: center;\" align=\"justify\"><span style=\"color: #000000;\">Wedo - b\u012bd\u0101m\u0101s platformas<\/span><\/p>\n<p style=\"text-align: center;\" align=\"justify\"><span style=\"color: #000000;\">Zila, sarkana, pel\u0113ka, gai\u0161i pel\u0113ka, melna<\/span><\/p>\n<\/td>\n<td style=\"height: 11px; text-align: center;\" valign=\"top\">\n<p><span style=\"color: #000000;\">1 gab.<\/span><\/p>\n<\/td>\n<\/tr>\n<\/tbody>\n<\/table>\n<div id=\"gtx-trans\" style=\"position: absolute; left: 79px; top: 37px;\">\n<div class=\"gtx-trans-icon\"><\/div>\n<\/div>","protected":false},"excerpt":{"rendered":"<p>Wedo - b\u012bd\u0101m\u0101s platformas<\/p>","protected":false},"featured_media":11353,"template":"","meta":[],"product_brand":[],"product_cat":[107],"product_tag":[],"class_list":{"0":"post-12447","1":"product","2":"type-product","3":"status-publish","4":"has-post-thumbnail","6":"product_cat-baldai","8":"first","9":"outofstock","10":"product-type-simple"},"_links":{"self":[{"href":"https:\/\/tavieta.lt\/lv\/wp-json\/wp\/v2\/product\/12447","targetHints":{"allow":["GET"]}}],"collection":[{"href":"https:\/\/tavieta.lt\/lv\/wp-json\/wp\/v2\/product"}],"about":[{"href":"https:\/\/tavieta.lt\/lv\/wp-json\/wp\/v2\/types\/product"}],"wp:featuredmedia":[{"embeddable":true,"href":"https:\/\/tavieta.lt\/lv\/wp-json\/wp\/v2\/media\/11353"}],"wp:attachment":[{"href":"https:\/\/tavieta.lt\/lv\/wp-json\/wp\/v2\/media?parent=12447"}],"wp:term":[{"taxonomy":"product_brand","embeddable":true,"href":"https:\/\/tavieta.lt\/lv\/wp-json\/wp\/v2\/product_brand?post=12447"},{"taxonomy":"product_cat","embeddable":true,"href":"https:\/\/tavieta.lt\/lv\/wp-json\/wp\/v2\/product_cat?post=12447"},{"taxonomy":"product_tag","embeddable":true,"href":"https:\/\/tavieta.lt\/lv\/wp-json\/wp\/v2\/product_tag?post=12447"}],"curies":[{"name":"wp","href":"https:\/\/api.w.org\/{rel}","templated":true}]}}