{"id":12448,"date":"2024-02-07T08:30:57","date_gmt":"2024-02-07T08:30:57","guid":{"rendered":"http:\/\/tavieta.lt\/produktas\/biblioteku-laipteliai-steptwo\/"},"modified":"2024-02-07T08:30:58","modified_gmt":"2024-02-07T08:30:58","slug":"biblioteku-laipteliai-steptwo","status":"publish","type":"product","link":"https:\/\/tavieta.lt\/lv\/products\/biblioteku-laipteliai-steptwo\/","title":{"rendered":"Bibliot\u0113kas so\u013ci Otrais solis"},"content":{"rendered":"<p>Bibliot\u0113kas so\u013ci Otrais solis<\/p>\n<p><span style=\"color: #000000;\">Praktiskas, \u0113rtas bibliot\u0113kas k\u0101pnes uz rite\u0146iem maz\u0101k\u0101 form\u0101t\u0101. \u0160\u0101da dizaina stendam ir sp\u0113c\u012bgs atbalsts, un to ir viegli tur\u0113t, st\u0101vot.<\/span><\/p>\n<p><span style=\"color: #000000;\">K\u0101p\u0146u izm\u0113rs: platums.340 x dzi\u013cums 280\/190 mm. (zem\u0101k);\u00a0<\/span><\/p>\n<p><span style=\"color: #000000;\">Kop\u0113jais pak\u0101piena izm\u0113rs: 440 mm.\u00a0<\/span><\/p>\n<p><span style=\"color: #000000;\">Materi\u0101ls: lakots met\u0101ls.\u00a0<\/span><\/p>\n<p><span style=\"color: #000000;\">K\u0101pnes ir izgatavotas no mas\u012bvkoka.<\/span><\/p>\n<p><span style=\"color: #000000;\">Rite\u0146i: diametrs 125 mm.<\/span><\/p>\n<table style=\"width: 45.714285714285715%; height: 103px;\" cellspacing=\"0\" cellpadding=\"0\">\n<tbody>\n<tr>\n<td style=\"text-align: center;\" valign=\"top\">\n<p><strong><span style=\"color: #000000;\">Kods<\/span><\/strong><\/p>\n<\/td>\n<td style=\"text-align: center;\" valign=\"top\">\n<p><strong><span style=\"color: #000000;\">Apraksts<\/span><\/strong><\/p>\n<\/td>\n<td style=\"text-align: center;\" valign=\"top\">\n<p><strong><span style=\"color: #000000;\">Daudzums<\/span><\/strong><\/p>\n<\/td>\n<\/tr>\n<tr>\n<td style=\"text-align: center;\" valign=\"top\">\n<p><span style=\"color: #000000;\">EB4049<\/span><\/p>\n<\/td>\n<td style=\"text-align: center;\" valign=\"top\">\n<p><span style=\"color: #000000;\"><span style=\"caret-color: #000000;\">so\u013ci<\/span><\/span><\/p>\n<\/td>\n<td style=\"text-align: center;\" valign=\"top\">\n<p><span style=\"color: #000000;\">1 gab.<\/span><\/p>\n<\/td>\n<\/tr>\n<\/tbody>\n<\/table>\n<div id=\"gtx-trans\" style=\"position: absolute; left: 79px; top: 37px;\">\n<div class=\"gtx-trans-icon\"><\/div>\n<\/div>","protected":false},"excerpt":{"rendered":"<p>Bibliot\u0113kas so\u013ci Otrais solis<\/p>","protected":false},"featured_media":11355,"template":"","meta":[],"product_brand":[],"product_cat":[107],"product_tag":[],"class_list":{"0":"post-12448","1":"product","2":"type-product","3":"status-publish","4":"has-post-thumbnail","6":"product_cat-baldai","8":"first","9":"outofstock","10":"product-type-simple"},"_links":{"self":[{"href":"https:\/\/tavieta.lt\/lv\/wp-json\/wp\/v2\/product\/12448","targetHints":{"allow":["GET"]}}],"collection":[{"href":"https:\/\/tavieta.lt\/lv\/wp-json\/wp\/v2\/product"}],"about":[{"href":"https:\/\/tavieta.lt\/lv\/wp-json\/wp\/v2\/types\/product"}],"wp:featuredmedia":[{"embeddable":true,"href":"https:\/\/tavieta.lt\/lv\/wp-json\/wp\/v2\/media\/11355"}],"wp:attachment":[{"href":"https:\/\/tavieta.lt\/lv\/wp-json\/wp\/v2\/media?parent=12448"}],"wp:term":[{"taxonomy":"product_brand","embeddable":true,"href":"https:\/\/tavieta.lt\/lv\/wp-json\/wp\/v2\/product_brand?post=12448"},{"taxonomy":"product_cat","embeddable":true,"href":"https:\/\/tavieta.lt\/lv\/wp-json\/wp\/v2\/product_cat?post=12448"},{"taxonomy":"product_tag","embeddable":true,"href":"https:\/\/tavieta.lt\/lv\/wp-json\/wp\/v2\/product_tag?post=12448"}],"curies":[{"name":"wp","href":"https:\/\/api.w.org\/{rel}","templated":true}]}}