{"id":12451,"date":"2024-02-07T08:30:57","date_gmt":"2024-02-07T08:30:57","guid":{"rendered":"http:\/\/tavieta.lt\/produktas\/pvc-plevele-knygoms\/"},"modified":"2024-02-07T08:31:00","modified_gmt":"2024-02-07T08:31:00","slug":"pvc-plevele-knygoms","status":"publish","type":"product","link":"https:\/\/tavieta.lt\/lv\/products\/pvc-plevele-knygoms\/","title":{"rendered":"PVC pl\u0113ve gr\u0101mat\u0101m"},"content":{"rendered":"<p>Caursp\u012bd\u012bga, nelip\u012bga PVC pl\u0113ve gr\u0101mat\u0101m, ko var izmantot k\u0101 gr\u0101matas v\u0101ku lab\u0101kai aizsardz\u012bbai pret putek\u013ciem un net\u012brumiem, tiek piestiprin\u0101ta, izmantojot l\u012bmlenti.<\/p>\n<table style=\"width: 62%; height: 72px;\" width=\"854\">\n<tbody>\n<tr style=\"height: 24px;\">\n<td style=\"height: 72px; text-align: center;\" rowspan=\"3\" width=\"113\">OST00087<\/td>\n<td style=\"height: 72px; text-align: center;\" rowspan=\"3\" width=\"304\">PVC - pl\u0113ve gr\u0101mat\u0101m<\/td>\n<td style=\"height: 24px; text-align: center;\" width=\"265\">50 x 32 cm<\/td>\n<td style=\"height: 24px; text-align: center;\" width=\"172\">1 gab<\/td>\n<\/tr>\n<tr style=\"height: 24px;\">\n<td style=\"height: 24px; text-align: center;\" width=\"265\">50 x 43 cm<\/td>\n<td style=\"height: 24px; text-align: center;\" width=\"172\">1 gab<\/td>\n<\/tr>\n<tr style=\"height: 24px;\">\n<td style=\"height: 24px; text-align: center;\" width=\"265\">25 x 130 cm<\/td>\n<td style=\"height: 24px; text-align: center;\" width=\"172\">1 gab<\/td>\n<\/tr>\n<\/tbody>\n<\/table>\n<div id=\"gtx-trans\" style=\"position: absolute; left: 79px; top: 37px;\">\n<div class=\"gtx-trans-icon\"><\/div>\n<\/div>","protected":false},"excerpt":{"rendered":"<p>Filma gr\u0101mat\u0101m - PVC<\/p>","protected":false},"featured_media":11361,"template":"","meta":[],"product_brand":[],"product_cat":[102,104],"product_tag":[],"class_list":{"0":"post-12451","1":"product","2":"type-product","3":"status-publish","4":"has-post-thumbnail","6":"product_cat-knygu-taisymas-ir-prieziura","7":"product_cat-knygu-virseliu-apsauga","9":"first","10":"outofstock","11":"product-type-simple"},"_links":{"self":[{"href":"https:\/\/tavieta.lt\/lv\/wp-json\/wp\/v2\/product\/12451","targetHints":{"allow":["GET"]}}],"collection":[{"href":"https:\/\/tavieta.lt\/lv\/wp-json\/wp\/v2\/product"}],"about":[{"href":"https:\/\/tavieta.lt\/lv\/wp-json\/wp\/v2\/types\/product"}],"wp:featuredmedia":[{"embeddable":true,"href":"https:\/\/tavieta.lt\/lv\/wp-json\/wp\/v2\/media\/11361"}],"wp:attachment":[{"href":"https:\/\/tavieta.lt\/lv\/wp-json\/wp\/v2\/media?parent=12451"}],"wp:term":[{"taxonomy":"product_brand","embeddable":true,"href":"https:\/\/tavieta.lt\/lv\/wp-json\/wp\/v2\/product_brand?post=12451"},{"taxonomy":"product_cat","embeddable":true,"href":"https:\/\/tavieta.lt\/lv\/wp-json\/wp\/v2\/product_cat?post=12451"},{"taxonomy":"product_tag","embeddable":true,"href":"https:\/\/tavieta.lt\/lv\/wp-json\/wp\/v2\/product_tag?post=12451"}],"curies":[{"name":"wp","href":"https:\/\/api.w.org\/{rel}","templated":true}]}}