{"id":12453,"date":"2024-02-07T08:30:57","date_gmt":"2024-02-07T08:30:57","guid":{"rendered":"http:\/\/tavieta.lt\/produktas\/ritineliu-dozatorius-pleveles-dozatorius\/"},"modified":"2024-02-07T08:31:00","modified_gmt":"2024-02-07T08:31:00","slug":"ritineliu-dozatorius-pleveles-dozatorius","status":"publish","type":"product","link":"https:\/\/tavieta.lt\/lv\/products\/ritineliu-dozatorius-pleveles-dozatorius\/","title":{"rendered":"Ru\u013c\u013cu dozators - pl\u0113ves dozators"},"content":{"rendered":"<p>Ru\u013c\u013cu dozators - pl\u0113ves dozators<\/p>\n<p>Doz\u0113\u0161anas ier\u012bce m\u016bsu kl\u0101sta pl\u0113vju doz\u0113\u0161anai. Atdala un izdala no diviem ru\u013c\u013ciem uzreiz. Ru\u013c\u013ca platums l\u012bdz 51 cm, serde 19 mm. Liel\u0101 atstarpe starp diviem stie\u0146iem \u013cauj viegli doz\u0113t. Izgatavots no melam\u012bna.<\/p>\n<table style=\"width: 41.168%;\" cellspacing=\"0\" cellpadding=\"0\">\n<tbody>\n<tr>\n<td style=\"width: 19.4301%; text-align: center;\" valign=\"top\">\n<p><strong>Kods<\/strong><\/p>\n<\/td>\n<td style=\"width: 66.0622%; text-align: center;\" valign=\"top\">\n<p><strong>Apraksts<\/strong><\/p>\n<\/td>\n<td style=\"width: 61.399%; text-align: center;\" valign=\"top\">\n<p><strong>Daudzums<\/strong><\/p>\n<\/td>\n<\/tr>\n<tr>\n<td style=\"width: 19.4301%; text-align: center;\" valign=\"top\">\n<p>BR390011<\/p>\n<\/td>\n<td style=\"width: 66.0622%; text-align: center;\" valign=\"top\">\n<p>Ru\u013c\u013cu dozators - pl\u0113ves dozators<\/p>\n<\/td>\n<td style=\"width: 61.399%; text-align: center;\" valign=\"top\">\n<p>1 gab.<\/p>\n<\/td>\n<\/tr>\n<\/tbody>\n<\/table>\n<div id=\"gtx-trans\" style=\"position: absolute; left: 79px; top: 37px;\">\n<div class=\"gtx-trans-icon\"><\/div>\n<\/div>","protected":false},"excerpt":{"rendered":"<p>Ru\u013c\u013cu dozators - pl\u0113ves dozators<\/p>","protected":false},"featured_media":11365,"template":"","meta":[],"product_brand":[],"product_cat":[102,104],"product_tag":[],"class_list":{"0":"post-12453","1":"product","2":"type-product","3":"status-publish","4":"has-post-thumbnail","6":"product_cat-knygu-taisymas-ir-prieziura","7":"product_cat-knygu-virseliu-apsauga","9":"first","10":"outofstock","11":"product-type-simple"},"_links":{"self":[{"href":"https:\/\/tavieta.lt\/lv\/wp-json\/wp\/v2\/product\/12453","targetHints":{"allow":["GET"]}}],"collection":[{"href":"https:\/\/tavieta.lt\/lv\/wp-json\/wp\/v2\/product"}],"about":[{"href":"https:\/\/tavieta.lt\/lv\/wp-json\/wp\/v2\/types\/product"}],"wp:featuredmedia":[{"embeddable":true,"href":"https:\/\/tavieta.lt\/lv\/wp-json\/wp\/v2\/media\/11365"}],"wp:attachment":[{"href":"https:\/\/tavieta.lt\/lv\/wp-json\/wp\/v2\/media?parent=12453"}],"wp:term":[{"taxonomy":"product_brand","embeddable":true,"href":"https:\/\/tavieta.lt\/lv\/wp-json\/wp\/v2\/product_brand?post=12453"},{"taxonomy":"product_cat","embeddable":true,"href":"https:\/\/tavieta.lt\/lv\/wp-json\/wp\/v2\/product_cat?post=12453"},{"taxonomy":"product_tag","embeddable":true,"href":"https:\/\/tavieta.lt\/lv\/wp-json\/wp\/v2\/product_tag?post=12453"}],"curies":[{"name":"wp","href":"https:\/\/api.w.org\/{rel}","templated":true}]}}