{"id":12456,"date":"2024-02-07T08:30:57","date_gmt":"2024-02-07T08:30:57","guid":{"rendered":"http:\/\/tavieta.lt\/produktas\/soft-polyp-skaidrios-tvirtinimo-juosteles\/"},"modified":"2024-02-07T08:31:47","modified_gmt":"2024-02-07T08:31:47","slug":"soft-polyp-skaidrios-tvirtinimo-juosteles","status":"publish","type":"product","link":"https:\/\/tavieta.lt\/lv\/products\/soft-polyp-skaidrios-tvirtinimo-juosteles\/","title":{"rendered":"Soft PolyP \u2013 caursp\u012bd\u012bgas fiks\u0101cijas sloksnes"},"content":{"rendered":"<p>Soft PolyP \u2013 caursp\u012bd\u012bgas fiks\u0101cijas sloksnes<\/p>\n<p>Caursp\u012bd\u012bgas mont\u0101\u017eas sloksnes pal\u012bdz maigi, bet stingri notur\u0113t atv\u0113rt\u0101s izst\u0101des gr\u0101matu lapas. Piln\u012bb\u0101 caursp\u012bd\u012bgas gr\u0101matu iesie\u0161anas lentes ir m\u012bkstas un elast\u012bgas. Vienk\u0101r\u0161i sagrieziet v\u0113lamaj\u0101 garum\u0101, sarull\u0113jiet un nostipriniet ar arhiv\u0113\u0161anas lenti.<\/p>\n<table style=\"width: 87.6794%; height: 23px;\" width=\"879\">\n<tbody>\n<tr style=\"height: 23px;\">\n<td style=\"text-align: center; height: 23px;\" width=\"116\">GRD90717<\/td>\n<td style=\"height: 23px; text-align: center;\" width=\"313\">Soft PolyP \u2013 caursp\u012bd\u012bgas fiks\u0101cijas sloksnes<\/td>\n<td style=\"height: 23px; text-align: center;\" width=\"273\">25 mm x 250 m<\/td>\n<td style=\"height: 23px; text-align: center;\" width=\"177\">1 gab<\/td>\n<\/tr>\n<\/tbody>\n<\/table>\n<div id=\"gtx-trans\" style=\"position: absolute; left: 79px; top: 37px;\">\n<div class=\"gtx-trans-icon\"><\/div>\n<\/div>","protected":false},"excerpt":{"rendered":"<p>Soft PolyP \u2013 caursp\u012bd\u012bgas fiks\u0101cijas sloksnes<\/p>","protected":false},"featured_media":11370,"template":"","meta":[],"product_brand":[],"product_cat":[102,103],"product_tag":[],"class_list":{"0":"post-12456","1":"product","2":"type-product","3":"status-publish","4":"has-post-thumbnail","6":"product_cat-knygu-taisymas-ir-prieziura","7":"product_cat-knygu-taisymo-juostos","9":"first","10":"outofstock","11":"product-type-simple"},"_links":{"self":[{"href":"https:\/\/tavieta.lt\/lv\/wp-json\/wp\/v2\/product\/12456","targetHints":{"allow":["GET"]}}],"collection":[{"href":"https:\/\/tavieta.lt\/lv\/wp-json\/wp\/v2\/product"}],"about":[{"href":"https:\/\/tavieta.lt\/lv\/wp-json\/wp\/v2\/types\/product"}],"wp:featuredmedia":[{"embeddable":true,"href":"https:\/\/tavieta.lt\/lv\/wp-json\/wp\/v2\/media\/11370"}],"wp:attachment":[{"href":"https:\/\/tavieta.lt\/lv\/wp-json\/wp\/v2\/media?parent=12456"}],"wp:term":[{"taxonomy":"product_brand","embeddable":true,"href":"https:\/\/tavieta.lt\/lv\/wp-json\/wp\/v2\/product_brand?post=12456"},{"taxonomy":"product_cat","embeddable":true,"href":"https:\/\/tavieta.lt\/lv\/wp-json\/wp\/v2\/product_cat?post=12456"},{"taxonomy":"product_tag","embeddable":true,"href":"https:\/\/tavieta.lt\/lv\/wp-json\/wp\/v2\/product_tag?post=12456"}],"curies":[{"name":"wp","href":"https:\/\/api.w.org\/{rel}","templated":true}]}}