{"id":12458,"date":"2024-02-07T08:30:57","date_gmt":"2024-02-07T08:30:57","guid":{"rendered":"http:\/\/tavieta.lt\/produktas\/simpli-2-dvipusis-stovas-lankstinukams\/"},"modified":"2024-02-07T08:31:48","modified_gmt":"2024-02-07T08:31:48","slug":"simpli-2-dvipusis-stovas-lankstinukams","status":"publish","type":"product","link":"https:\/\/tavieta.lt\/lv\/products\/simpli-2-dvipusis-stovas-lankstinukams\/","title":{"rendered":"SIMPLI-2 divpus\u0113js bukletu stat\u012bvs"},"content":{"rendered":"<p>SIMPLI-2 divpus\u0113js bukletu stat\u012bvs<\/p>\n<p>Stabili, abpus\u0113ji bukletu stat\u012bvi meln\u0101 vai sudraba kr\u0101s\u0101. Stat\u012bva aug\u0161\u0113j\u0101 da\u013ca ir \u0113rta j\u016bsu izk\u0101rt\u0146u vai logotipu novieto\u0161anai. Svars 10,95 kg.<\/p>\n<table width=\"879\">\n<tbody>\n<tr>\n<td style=\"text-align: center;\" width=\"116\">SBM0003<\/td>\n<td style=\"text-align: center;\" width=\"313\">SIMPLI-2 melns\u00a0<\/td>\n<td style=\"text-align: center;\" width=\"273\">300x1640x330 mm<\/td>\n<td style=\"text-align: center;\" width=\"177\">1 gab<\/td>\n<\/tr>\n<tr>\n<td style=\"text-align: center;\">SBM0004<\/td>\n<td style=\"text-align: center;\">SIMPLI-2 sudrabs<\/td>\n<td style=\"text-align: center;\">300x1640x330 mm<\/td>\n<td style=\"text-align: center;\">1 gab<\/td>\n<\/tr>\n<\/tbody>\n<\/table>\n<div id=\"gtx-trans\" style=\"position: absolute; left: 79px; top: 37px;\">\n<div class=\"gtx-trans-icon\"><\/div>\n<\/div>","protected":false},"excerpt":{"rendered":"<p>SIMPLI-2 divpus\u0113js bukletu stat\u012bvs<\/p>","protected":false},"featured_media":11374,"template":"","meta":[],"product_brand":[],"product_cat":[114],"product_tag":[],"class_list":{"0":"post-12458","1":"product","2":"type-product","3":"status-publish","4":"has-post-thumbnail","6":"product_cat-atramos-ir-stovai-knygoms","8":"first","9":"outofstock","10":"product-type-simple"},"_links":{"self":[{"href":"https:\/\/tavieta.lt\/lv\/wp-json\/wp\/v2\/product\/12458","targetHints":{"allow":["GET"]}}],"collection":[{"href":"https:\/\/tavieta.lt\/lv\/wp-json\/wp\/v2\/product"}],"about":[{"href":"https:\/\/tavieta.lt\/lv\/wp-json\/wp\/v2\/types\/product"}],"wp:featuredmedia":[{"embeddable":true,"href":"https:\/\/tavieta.lt\/lv\/wp-json\/wp\/v2\/media\/11374"}],"wp:attachment":[{"href":"https:\/\/tavieta.lt\/lv\/wp-json\/wp\/v2\/media?parent=12458"}],"wp:term":[{"taxonomy":"product_brand","embeddable":true,"href":"https:\/\/tavieta.lt\/lv\/wp-json\/wp\/v2\/product_brand?post=12458"},{"taxonomy":"product_cat","embeddable":true,"href":"https:\/\/tavieta.lt\/lv\/wp-json\/wp\/v2\/product_cat?post=12458"},{"taxonomy":"product_tag","embeddable":true,"href":"https:\/\/tavieta.lt\/lv\/wp-json\/wp\/v2\/product_tag?post=12458"}],"curies":[{"name":"wp","href":"https:\/\/api.w.org\/{rel}","templated":true}]}}