{"id":12462,"date":"2024-02-07T08:30:57","date_gmt":"2024-02-07T08:30:57","guid":{"rendered":"http:\/\/tavieta.lt\/produktas\/lankstinuku-stovas-simpli-10\/"},"modified":"2024-02-07T08:31:50","modified_gmt":"2024-02-07T08:31:50","slug":"lankstinuku-stovas-simpli-10","status":"publish","type":"product","link":"https:\/\/tavieta.lt\/lv\/products\/lankstinuku-stovas-simpli-10\/","title":{"rendered":"Bukletu stat\u012bvs SIMPLI-10"},"content":{"rendered":"<p>Bukletu stat\u012bvs SIMPLI-10<\/p>\n<p>Vienpus\u0113js bukletu stat\u012bvs no kr\u0101sota met\u0101la meln\u0101 vai sudraba kr\u0101s\u0101.<\/p>\n<table width=\"879\">\n<tbody>\n<tr>\n<td style=\"text-align: center;\" width=\"116\">SBM0011<\/td>\n<td style=\"text-align: center;\" width=\"313\">SIMPLI-10 melns<\/td>\n<td style=\"text-align: center;\" width=\"273\">300 x 1165 x 330 mm<\/td>\n<td style=\"text-align: center;\" width=\"177\">1 gab<\/td>\n<\/tr>\n<tr>\n<td style=\"text-align: center;\">SBM0012<\/td>\n<td style=\"text-align: center;\">SIMPLI-10 sudrabs<\/td>\n<td style=\"text-align: center;\">300 x 1165 x 330 mm<\/td>\n<td style=\"text-align: center;\">1 gab<\/td>\n<\/tr>\n<\/tbody>\n<\/table>\n<div id=\"gtx-trans\" style=\"position: absolute; left: 79px; top: 37px;\">\n<div class=\"gtx-trans-icon\"><\/div>\n<\/div>","protected":false},"excerpt":{"rendered":"<p>Bukletu stat\u012bvs SIMPLI-9<\/p>","protected":false},"featured_media":11382,"template":"","meta":[],"product_brand":[],"product_cat":[114],"product_tag":[],"class_list":{"0":"post-12462","1":"product","2":"type-product","3":"status-publish","4":"has-post-thumbnail","6":"product_cat-atramos-ir-stovai-knygoms","8":"first","9":"outofstock","10":"product-type-simple"},"_links":{"self":[{"href":"https:\/\/tavieta.lt\/lv\/wp-json\/wp\/v2\/product\/12462","targetHints":{"allow":["GET"]}}],"collection":[{"href":"https:\/\/tavieta.lt\/lv\/wp-json\/wp\/v2\/product"}],"about":[{"href":"https:\/\/tavieta.lt\/lv\/wp-json\/wp\/v2\/types\/product"}],"wp:featuredmedia":[{"embeddable":true,"href":"https:\/\/tavieta.lt\/lv\/wp-json\/wp\/v2\/media\/11382"}],"wp:attachment":[{"href":"https:\/\/tavieta.lt\/lv\/wp-json\/wp\/v2\/media?parent=12462"}],"wp:term":[{"taxonomy":"product_brand","embeddable":true,"href":"https:\/\/tavieta.lt\/lv\/wp-json\/wp\/v2\/product_brand?post=12462"},{"taxonomy":"product_cat","embeddable":true,"href":"https:\/\/tavieta.lt\/lv\/wp-json\/wp\/v2\/product_cat?post=12462"},{"taxonomy":"product_tag","embeddable":true,"href":"https:\/\/tavieta.lt\/lv\/wp-json\/wp\/v2\/product_tag?post=12462"}],"curies":[{"name":"wp","href":"https:\/\/api.w.org\/{rel}","templated":true}]}}