{"id":12463,"date":"2024-02-07T08:30:57","date_gmt":"2024-02-07T08:30:57","guid":{"rendered":"http:\/\/tavieta.lt\/produktas\/lankstinuku-stovas-porti-1\/"},"modified":"2024-02-07T08:31:51","modified_gmt":"2024-02-07T08:31:51","slug":"lankstinuku-stovas-porti-1","status":"publish","type":"product","link":"https:\/\/tavieta.lt\/lv\/products\/lankstinuku-stovas-porti-1\/","title":{"rendered":"Bukletu stends PORTI-1"},"content":{"rendered":"<p>Bukletu stends PORTI-1<\/p>\n<p>Saliekams bro\u0161\u016bru stat\u012bvs meln\u0101 un sudraba kr\u0101s\u0101. Saliekamais meh\u0101nisms atvieglo p\u0101rvieto\u0161anu. Pareizs sekciju sl\u012bpums un dizains nov\u0113r\u0161 saloc\u012b\u0161anu vai izkri\u0161anu no bro\u0161\u016bras materi\u0101la. Svars: 7,75 kg. Saloc\u012bt\u0101 stat\u012bva izm\u0113rs: 260 x 460 x 330 mm 4x A4.<\/p>\n<table width=\"879\">\n<tbody>\n<tr>\n<td style=\"text-align: center;\" width=\"116\">SBM0017<\/td>\n<td style=\"text-align: center;\" width=\"313\">Bro\u0161\u016bru stends PORTI-1 melns<\/td>\n<td style=\"text-align: center;\" width=\"273\">260 x 1560 x 330 mm<\/td>\n<td style=\"text-align: center;\" width=\"177\">1 gab<\/td>\n<\/tr>\n<tr>\n<td style=\"text-align: center;\">SBM0018<\/td>\n<td style=\"text-align: center;\">Bukletu stat\u012bvs PORTI-1 sudrabs<\/td>\n<td style=\"text-align: center;\">260 x 1560 x 330 mm<\/td>\n<td style=\"text-align: center;\">1 gab<\/td>\n<\/tr>\n<\/tbody>\n<\/table>\n<div id=\"gtx-trans\" style=\"position: absolute; left: 79px; top: 37px;\">\n<div class=\"gtx-trans-icon\"><\/div>\n<\/div>","protected":false},"excerpt":{"rendered":"<p>Bukletu stends PORTI-0<\/p>","protected":false},"featured_media":11384,"template":"","meta":[],"product_brand":[],"product_cat":[114],"product_tag":[],"class_list":{"0":"post-12463","1":"product","2":"type-product","3":"status-publish","4":"has-post-thumbnail","6":"product_cat-atramos-ir-stovai-knygoms","8":"first","9":"outofstock","10":"product-type-simple"},"_links":{"self":[{"href":"https:\/\/tavieta.lt\/lv\/wp-json\/wp\/v2\/product\/12463","targetHints":{"allow":["GET"]}}],"collection":[{"href":"https:\/\/tavieta.lt\/lv\/wp-json\/wp\/v2\/product"}],"about":[{"href":"https:\/\/tavieta.lt\/lv\/wp-json\/wp\/v2\/types\/product"}],"wp:featuredmedia":[{"embeddable":true,"href":"https:\/\/tavieta.lt\/lv\/wp-json\/wp\/v2\/media\/11384"}],"wp:attachment":[{"href":"https:\/\/tavieta.lt\/lv\/wp-json\/wp\/v2\/media?parent=12463"}],"wp:term":[{"taxonomy":"product_brand","embeddable":true,"href":"https:\/\/tavieta.lt\/lv\/wp-json\/wp\/v2\/product_brand?post=12463"},{"taxonomy":"product_cat","embeddable":true,"href":"https:\/\/tavieta.lt\/lv\/wp-json\/wp\/v2\/product_cat?post=12463"},{"taxonomy":"product_tag","embeddable":true,"href":"https:\/\/tavieta.lt\/lv\/wp-json\/wp\/v2\/product_tag?post=12463"}],"curies":[{"name":"wp","href":"https:\/\/api.w.org\/{rel}","templated":true}]}}