{"id":12464,"date":"2024-02-07T08:30:57","date_gmt":"2024-02-07T08:30:57","guid":{"rendered":"http:\/\/tavieta.lt\/produktas\/lankstinuku-stovas-stendi-1\/"},"modified":"2025-01-31T13:23:25","modified_gmt":"2025-01-31T13:23:25","slug":"lankstinuku-stovas-stendi-1","status":"publish","type":"product","link":"https:\/\/tavieta.lt\/lv\/products\/lankstinuku-stovas-stendi-1\/","title":{"rendered":"Bukletu stat\u012bvs STENDI-1"},"content":{"rendered":"<p>Bukletu stat\u012bvs STENDI-1<\/p>\n<p>Mobilie met\u0101la bukletu stat\u012bvi ar \u010detriem plauktiem un starpsienu logotipam. Plaukti ir perfor\u0113ti. Rite\u0146iem ir bremze, kas nodro\u0161ina kust\u012bbu. Svars: 11,30 kg<\/p>\n<table width=\"879\">\n<tbody>\n<tr>\n<td style=\"text-align: center;\" width=\"116\">SBM0019<\/td>\n<td style=\"text-align: center;\" width=\"313\">Bukletu stat\u012bvs STENDI-1 melns<\/td>\n<td style=\"text-align: center;\" width=\"273\">259 x 1560 x 334 mm<\/td>\n<td style=\"text-align: center;\" width=\"177\">1 gab<\/td>\n<\/tr>\n<tr>\n<td style=\"text-align: center;\">SBM0020<\/td>\n<td style=\"text-align: center;\">Bukletu stat\u012bvs STENDI-1 sudrabs<\/td>\n<td style=\"text-align: center;\">259 x 1560 x 334 mm<\/td>\n<td style=\"text-align: center;\">1 gab<\/td>\n<\/tr>\n<\/tbody>\n<\/table>\n<div id=\"gtx-trans\" style=\"position: absolute; left: -27px; top: 48.9329px;\">\n<div class=\"gtx-trans-icon\"><\/div>\n<\/div>","protected":false},"excerpt":{"rendered":"<p>Bro\u0161\u016bru stends STENDI-1 mobilais met\u0101la ar \u010detriem plauktiem un atdal\u012bt\u0101ju logotipam. Plaukti ir perfor\u0113tas konstrukcijas. Rite\u0146iem ir bremzes, kas nodro\u0161ina kust\u012bbu. Svars: 11,30 kg<\/p>\n<div id=\"gtx-trans\" style=\"position: absolute; left: 444px; top: 37.7361px;\">\n<div class=\"gtx-trans-icon\"><\/div>\n<\/div>","protected":false},"featured_media":11386,"template":"","meta":[],"product_brand":[],"product_cat":[218,114],"product_tag":[],"class_list":{"0":"post-12464","1":"product","2":"type-product","3":"status-publish","4":"has-post-thumbnail","6":"product_cat-populiariausi-produktai","7":"product_cat-atramos-ir-stovai-knygoms","9":"first","10":"outofstock","11":"product-type-simple"},"_links":{"self":[{"href":"https:\/\/tavieta.lt\/lv\/wp-json\/wp\/v2\/product\/12464","targetHints":{"allow":["GET"]}}],"collection":[{"href":"https:\/\/tavieta.lt\/lv\/wp-json\/wp\/v2\/product"}],"about":[{"href":"https:\/\/tavieta.lt\/lv\/wp-json\/wp\/v2\/types\/product"}],"wp:featuredmedia":[{"embeddable":true,"href":"https:\/\/tavieta.lt\/lv\/wp-json\/wp\/v2\/media\/11386"}],"wp:attachment":[{"href":"https:\/\/tavieta.lt\/lv\/wp-json\/wp\/v2\/media?parent=12464"}],"wp:term":[{"taxonomy":"product_brand","embeddable":true,"href":"https:\/\/tavieta.lt\/lv\/wp-json\/wp\/v2\/product_brand?post=12464"},{"taxonomy":"product_cat","embeddable":true,"href":"https:\/\/tavieta.lt\/lv\/wp-json\/wp\/v2\/product_cat?post=12464"},{"taxonomy":"product_tag","embeddable":true,"href":"https:\/\/tavieta.lt\/lv\/wp-json\/wp\/v2\/product_tag?post=12464"}],"curies":[{"name":"wp","href":"https:\/\/api.w.org\/{rel}","templated":true}]}}