{"id":12470,"date":"2024-02-07T08:31:55","date_gmt":"2024-02-07T08:31:55","guid":{"rendered":"http:\/\/tavieta.lt\/produktas\/filmolux-bookcover-aplankalas\/"},"modified":"2024-02-07T08:31:58","modified_gmt":"2024-02-07T08:31:58","slug":"filmolux-bookcover-aplankalas","status":"publish","type":"product","link":"https:\/\/tavieta.lt\/lv\/products\/filmolux-bookcover-aplankalas\/","title":{"rendered":"Filmolux BOOKCOVER mape"},"content":{"rendered":"<p>Filmolux BOOKCOVER mape<\/p>\n<p>BookCover ir ide\u0101la aizsardz\u012bba un pastiprin\u0101jums m\u012bkstajiem v\u0101kiem. Elast\u012bgs, piem\u0113rots muguras aizsardz\u012bbai. P\u0101rkl\u0101juma nostiprin\u0101\u0161anai un aizsardz\u012bbai.\u00a0<\/p>\n<p>Loksnes ir izgatavotas no vienpus\u0113jas l\u012bmvielas, bez kadmija, caursp\u012bd\u012bgas, bezkr\u0101sainas, sp\u0113c\u012bgas PVC pl\u0113ves kop\u0101 ar lip\u012bgu, kadmiju nesaturo\u0161u, caursp\u012bd\u012bgu plastific\u0113tu PVC pl\u0113vi. Lieliska s\u0101kotn\u0113j\u0101 sa\u0137ere. P\u0101rkl\u0101ts ar \u0161\u0137\u012bdin\u0101t\u0101ju nesaturo\u0161u, novecojo\u0161u, elast\u012bgu akril\u0101ta l\u012bmi. Mazg\u0101jams un iztur\u012bgs pret daudziem mazg\u0101\u0161anas l\u012bdzek\u013ciem un \u0161\u0137\u012bdin\u0101t\u0101jiem.<\/p>\n<table style=\"width: 46.8473%;\">\n<tbody>\n<tr>\n<td style=\"width: 20.8955%; text-align: center;\">\n<p><strong>Kods<\/strong><\/p>\n<\/td>\n<td style=\"width: 52.2388%; text-align: center;\">\n<p><strong>Izm\u0113ri<\/strong><\/p>\n<\/td>\n<td style=\"width: 89.5205%; text-align: center;\">\n<p><strong>Daudzums<\/strong><\/p>\n<\/td>\n<\/tr>\n<tr>\n<td style=\"width: 20.8955%; text-align: center;\">\n<p>36593<\/p>\n<\/td>\n<td style=\"width: 52.2388%; text-align: center;\">\n<p>186\u00a0mm x 270\u00a0mm<\/p>\n<\/td>\n<td style=\"width: 89.5205%; text-align: center;\">\n<p>100 gab.<\/p>\n<\/td>\n<\/tr>\n<tr>\n<td style=\"width: 20.8955%; text-align: center;\">\n<p>36594<\/p>\n<\/td>\n<td style=\"width: 52.2388%; text-align: center;\">\n<p>204\u00a0mm x 310\u00a0mm<\/p>\n<\/td>\n<td style=\"width: 89.5205%; text-align: center;\">\n<p>100 gab.<\/p>\n<\/td>\n<\/tr>\n<tr>\n<td style=\"width: 20.8955%; text-align: center;\">\n<p>36596<\/p>\n<\/td>\n<td style=\"width: 52.2388%; text-align: center;\">\n<p>222\u00a0mm x 350\u00a0mm<\/p>\n<\/td>\n<td style=\"width: 89.5205%; text-align: center;\">\n<p>100 gab.<\/p>\n<\/td>\n<\/tr>\n<tr>\n<td style=\"width: 20.8955%; text-align: center;\">\n<p>36597<\/p>\n<\/td>\n<td style=\"width: 52.2388%; text-align: center;\">\n<p>258\u00a0mm x 410\u00a0mm<\/p>\n<\/td>\n<td style=\"width: 89.5205%; text-align: center;\">\n<p>100 gab.<\/p>\n<\/td>\n<\/tr>\n<tr>\n<td style=\"width: 20.8955%; text-align: center;\">\n<p>36598<\/p>\n<\/td>\n<td style=\"width: 52.2388%; text-align: center;\">\n<p>320\u00a0mm x 510\u00a0mm<\/p>\n<\/td>\n<td style=\"width: 89.5205%; text-align: center;\">\n<p>100 gab.<\/p>\n<\/td>\n<\/tr>\n<tr>\n<td style=\"width: 20.8955%; text-align: center;\">\n<p>36599<\/p>\n<\/td>\n<td style=\"width: 52.2388%; text-align: center;\">\n<p>186\u00a0mm x 270\u00a0mm<\/p>\n<\/td>\n<td style=\"width: 89.5205%; text-align: center;\">\n<p>100 gab.<\/p>\n<\/td>\n<\/tr>\n<tr>\n<td style=\"width: 20.8955%; text-align: center;\">\n<p>36600<\/p>\n<\/td>\n<td style=\"width: 52.2388%; text-align: center;\">\n<p>204\u00a0mm x 310\u00a0mm<\/p>\n<\/td>\n<td style=\"width: 89.5205%; text-align: center;\">\n<p>100 gab.<\/p>\n<\/td>\n<\/tr>\n<tr>\n<td style=\"width: 20.8955%; text-align: center;\">\n<p>36601<\/p>\n<\/td>\n<td style=\"width: 52.2388%; text-align: center;\">\n<p>222\u00a0mm x 350\u00a0mm<\/p>\n<\/td>\n<td style=\"width: 89.5205%; text-align: center;\">\n<p>100 gab.<\/p>\n<\/td>\n<\/tr>\n<tr>\n<td style=\"width: 20.8955%; text-align: center;\">\n<p>36602<\/p>\n<\/td>\n<td style=\"width: 52.2388%; text-align: center;\">\n<p>258\u00a0mm x 410\u00a0mm<\/p>\n<\/td>\n<td style=\"width: 89.5205%; text-align: center;\">\n<p>100 gab.<\/p>\n<\/td>\n<\/tr>\n<tr>\n<td style=\"width: 20.8955%; text-align: center;\">\n<p>36603<\/p>\n<\/td>\n<td style=\"width: 52.2388%; text-align: center;\">\n<p>320\u00a0mm x 510\u00a0mm<\/p>\n<\/td>\n<td style=\"width: 89.5205%; text-align: center;\">\n<p>100 gab.<\/p>\n<\/td>\n<\/tr>\n<\/tbody>\n<\/table>\n<div id=\"gtx-trans\" style=\"position: absolute; left: 79px; top: 37px;\">\n<div class=\"gtx-trans-icon\"><\/div>\n<\/div>","protected":false},"excerpt":{"rendered":"<p>Filmolux GR\u0100MATAS V\u0100KS<\/p>","protected":false},"featured_media":11398,"template":"","meta":[],"product_brand":[],"product_cat":[102,104],"product_tag":[],"class_list":{"0":"post-12470","1":"product","2":"type-product","3":"status-publish","4":"has-post-thumbnail","6":"product_cat-knygu-taisymas-ir-prieziura","7":"product_cat-knygu-virseliu-apsauga","9":"first","10":"outofstock","11":"product-type-simple"},"_links":{"self":[{"href":"https:\/\/tavieta.lt\/lv\/wp-json\/wp\/v2\/product\/12470","targetHints":{"allow":["GET"]}}],"collection":[{"href":"https:\/\/tavieta.lt\/lv\/wp-json\/wp\/v2\/product"}],"about":[{"href":"https:\/\/tavieta.lt\/lv\/wp-json\/wp\/v2\/types\/product"}],"wp:featuredmedia":[{"embeddable":true,"href":"https:\/\/tavieta.lt\/lv\/wp-json\/wp\/v2\/media\/11398"}],"wp:attachment":[{"href":"https:\/\/tavieta.lt\/lv\/wp-json\/wp\/v2\/media?parent=12470"}],"wp:term":[{"taxonomy":"product_brand","embeddable":true,"href":"https:\/\/tavieta.lt\/lv\/wp-json\/wp\/v2\/product_brand?post=12470"},{"taxonomy":"product_cat","embeddable":true,"href":"https:\/\/tavieta.lt\/lv\/wp-json\/wp\/v2\/product_cat?post=12470"},{"taxonomy":"product_tag","embeddable":true,"href":"https:\/\/tavieta.lt\/lv\/wp-json\/wp\/v2\/product_tag?post=12470"}],"curies":[{"name":"wp","href":"https:\/\/api.w.org\/{rel}","templated":true}]}}