{"id":12471,"date":"2024-02-07T08:31:55","date_gmt":"2024-02-07T08:31:55","guid":{"rendered":"http:\/\/tavieta.lt\/produktas\/sieninis-laikiklis-laikrasciams\/"},"modified":"2024-02-07T08:31:58","modified_gmt":"2024-02-07T08:31:58","slug":"sieninis-laikiklis-laikrasciams","status":"publish","type":"product","link":"https:\/\/tavieta.lt\/lv\/products\/sieninis-laikiklis-laikrasciams\/","title":{"rendered":"Sienas tur\u0113t\u0101js av\u012bz\u0113m"},"content":{"rendered":"<p>Pie sienas stiprin\u0101ms av\u012b\u017eu tur\u0113t\u0101js ar 5 A4 kabat\u0101m, izgatavots no baltas vai sudraba epoks\u012bda pulverkr\u0101sotas t\u0113rauda stieples<\/p>\n<table style=\"width: 66.2594%;\" cellspacing=\"0\" cellpadding=\"0\">\n<tbody>\n<tr>\n<td style=\"width: 17.7515%; text-align: center;\" valign=\"top\">\n<p><strong>Kods<\/strong><\/p>\n<\/td>\n<td style=\"width: 65.6805%; text-align: center;\" valign=\"top\">\n<p><strong>Apraksts<\/strong><\/p>\n<\/td>\n<td style=\"width: 95.2324%; text-align: center;\" valign=\"top\">\n<p><strong>Daudzums<\/strong><\/p>\n<\/td>\n<\/tr>\n<tr>\n<td style=\"width: 17.7515%; text-align: center;\" valign=\"top\">\n<p>DS0465<\/p>\n<\/td>\n<td style=\"width: 65.6805%; text-align: center;\" valign=\"top\">\n<p>Sienas tur\u0113t\u0101js av\u012bz\u0113m<\/p>\n<\/td>\n<td style=\"width: 95.2324%; text-align: center;\" valign=\"top\">\n<p>1 gab.<\/p>\n<\/td>\n<\/tr>\n<\/tbody>\n<\/table>\n<div id=\"gtx-trans\" style=\"position: absolute; left: 79px; top: 37px;\">\n<div class=\"gtx-trans-icon\"><\/div>\n<\/div>","protected":false},"excerpt":{"rendered":"<p>Sienas tur\u0113t\u0101js av\u012bz\u0113m<\/p>","protected":false},"featured_media":11400,"template":"","meta":[],"product_brand":[],"product_cat":[114],"product_tag":[],"class_list":{"0":"post-12471","1":"product","2":"type-product","3":"status-publish","4":"has-post-thumbnail","6":"product_cat-atramos-ir-stovai-knygoms","8":"first","9":"outofstock","10":"product-type-simple"},"_links":{"self":[{"href":"https:\/\/tavieta.lt\/lv\/wp-json\/wp\/v2\/product\/12471","targetHints":{"allow":["GET"]}}],"collection":[{"href":"https:\/\/tavieta.lt\/lv\/wp-json\/wp\/v2\/product"}],"about":[{"href":"https:\/\/tavieta.lt\/lv\/wp-json\/wp\/v2\/types\/product"}],"wp:featuredmedia":[{"embeddable":true,"href":"https:\/\/tavieta.lt\/lv\/wp-json\/wp\/v2\/media\/11400"}],"wp:attachment":[{"href":"https:\/\/tavieta.lt\/lv\/wp-json\/wp\/v2\/media?parent=12471"}],"wp:term":[{"taxonomy":"product_brand","embeddable":true,"href":"https:\/\/tavieta.lt\/lv\/wp-json\/wp\/v2\/product_brand?post=12471"},{"taxonomy":"product_cat","embeddable":true,"href":"https:\/\/tavieta.lt\/lv\/wp-json\/wp\/v2\/product_cat?post=12471"},{"taxonomy":"product_tag","embeddable":true,"href":"https:\/\/tavieta.lt\/lv\/wp-json\/wp\/v2\/product_tag?post=12471"}],"curies":[{"name":"wp","href":"https:\/\/api.w.org\/{rel}","templated":true}]}}