{"id":12474,"date":"2024-02-07T08:31:55","date_gmt":"2024-02-07T08:31:55","guid":{"rendered":"http:\/\/tavieta.lt\/produktas\/vielinis-stovas-knygoms\/"},"modified":"2025-01-31T13:31:50","modified_gmt":"2025-01-31T13:31:50","slug":"vielinis-stovas-knygoms","status":"publish","type":"product","link":"https:\/\/tavieta.lt\/lv\/products\/vielinis-stovas-knygoms\/","title":{"rendered":"Stiep\u013cu plaukts gr\u0101mat\u0101m"},"content":{"rendered":"<p>Stiep\u013cu plaukts gr\u0101mat\u0101m<\/p>\n<p>Ekonomiski un funkcion\u0101li stiep\u013cu gr\u0101matu stat\u012bvi ir \u013coti piem\u0113roti gr\u0101matu izst\u0101d\u012b\u0161anai. Piln\u012bb\u0101 piel\u0101gojamais dizains ir lieliski piem\u0113rots tikko sa\u0146emto publik\u0101ciju, izk\u0101rt\u0146u, le\u013c\u013cu gr\u0101matu, pap\u012bra palikt\u0146u, video un pat audiogr\u0101matu kolekciju demonstr\u0113\u0161anai. M\u016bsu tr\u012bs popul\u0101r\u0101kie izm\u0113ri ir iztur\u012bga, ar plastmasu p\u0101rkl\u0101ta stieple. Tikai balts.<\/p>\n<table width=\"879\">\n<tbody>\n<tr>\n<td style=\"text-align: center;\" width=\"116\">D93693<\/td>\n<td style=\"text-align: center;\" rowspan=\"3\" width=\"313\">Stiep\u013cu plaukts gr\u0101mat\u0101m<\/td>\n<td style=\"text-align: center;\" width=\"273\">102 x 90 x 150 mm<\/td>\n<td style=\"text-align: center;\" width=\"177\">1 gab<\/td>\n<\/tr>\n<tr>\n<td style=\"text-align: center;\">D93694<\/td>\n<td style=\"text-align: center;\">152 x 127 x 200 mm<\/td>\n<td style=\"text-align: center;\">1 gab<\/td>\n<\/tr>\n<tr>\n<td style=\"text-align: center;\">D94927<\/td>\n<td style=\"text-align: center;\">190 x 200 x 200 mm<\/td>\n<td style=\"text-align: center;\">1 gab<\/td>\n<\/tr>\n<\/tbody>\n<\/table>","protected":false},"excerpt":{"rendered":"<p>Stiep\u013cu stat\u012bvs gr\u0101mat\u0101m. Ekonomiski un funkcion\u0101li stiep\u013cu gr\u0101matu stat\u012bvi ir \u013coti piem\u0113roti gr\u0101matu izst\u0101d\u012b\u0161anai. Piln\u012bb\u0101 piel\u0101gojamais dizains ir piem\u0113rots tikko sa\u0146emto publik\u0101ciju, izk\u0101rt\u0146u, le\u013c\u013cu gr\u0101matu, pap\u012bra palikt\u0146u, video un pat audiogr\u0101matu kolekciju demonstr\u0113\u0161anai. M\u016bsu tr\u012bs popul\u0101r\u0101kie izm\u0113ri ir iztur\u012bgi, izgatavoti no stieples ar plastmasas p\u0101rkl\u0101jumu. Tikai balts.<\/p>","protected":false},"featured_media":11406,"template":"","meta":[],"product_brand":[],"product_cat":[114],"product_tag":[],"class_list":{"0":"post-12474","1":"product","2":"type-product","3":"status-publish","4":"has-post-thumbnail","6":"product_cat-atramos-ir-stovai-knygoms","8":"first","9":"outofstock","10":"product-type-simple"},"_links":{"self":[{"href":"https:\/\/tavieta.lt\/lv\/wp-json\/wp\/v2\/product\/12474","targetHints":{"allow":["GET"]}}],"collection":[{"href":"https:\/\/tavieta.lt\/lv\/wp-json\/wp\/v2\/product"}],"about":[{"href":"https:\/\/tavieta.lt\/lv\/wp-json\/wp\/v2\/types\/product"}],"wp:featuredmedia":[{"embeddable":true,"href":"https:\/\/tavieta.lt\/lv\/wp-json\/wp\/v2\/media\/11406"}],"wp:attachment":[{"href":"https:\/\/tavieta.lt\/lv\/wp-json\/wp\/v2\/media?parent=12474"}],"wp:term":[{"taxonomy":"product_brand","embeddable":true,"href":"https:\/\/tavieta.lt\/lv\/wp-json\/wp\/v2\/product_brand?post=12474"},{"taxonomy":"product_cat","embeddable":true,"href":"https:\/\/tavieta.lt\/lv\/wp-json\/wp\/v2\/product_cat?post=12474"},{"taxonomy":"product_tag","embeddable":true,"href":"https:\/\/tavieta.lt\/lv\/wp-json\/wp\/v2\/product_tag?post=12474"}],"curies":[{"name":"wp","href":"https:\/\/api.w.org\/{rel}","templated":true}]}}