{"id":12475,"date":"2024-02-07T08:31:55","date_gmt":"2024-02-07T08:31:55","guid":{"rendered":"http:\/\/tavieta.lt\/produktas\/stovas-knygoms-double-decker\/"},"modified":"2024-02-07T08:32:01","modified_gmt":"2024-02-07T08:32:01","slug":"stovas-knygoms-double-decker","status":"publish","type":"product","link":"https:\/\/tavieta.lt\/lv\/products\/stovas-knygoms-double-decker\/","title":{"rendered":"Gr\u0101matu stends - Divst\u0101vu"},"content":{"rendered":"<p>Gr\u0101matu stat\u012bvs Double-Decker, izgatavots no 3 mm bieza, 800 mm plata, 400 mm dzi\u013ca PVC pl\u0101tnes.<\/p>\n<table style=\"width: 65.3068%;\" cellspacing=\"0\" cellpadding=\"0\">\n<tbody>\n<tr>\n<td style=\"width: 19.4245%;\" valign=\"top\">\n<p style=\"text-align: center;\"><strong>Kods<\/strong><\/p>\n<\/td>\n<td style=\"width: 60.7914%; text-align: center;\" valign=\"top\">\n<p><strong>Apraksts<\/strong><\/p>\n<\/td>\n<td style=\"width: 155.396%; text-align: center;\" valign=\"top\">\n<p><strong>Daudzums<\/strong><\/p>\n<\/td>\n<\/tr>\n<tr>\n<td style=\"width: 19.4245%;\" valign=\"top\">\n<p style=\"text-align: center;\">60014<\/p>\n<\/td>\n<td style=\"width: 60.7914%;\" valign=\"top\">\n<p style=\"text-align: center;\">Divst\u0101vu gr\u0101matu stat\u012bvs<\/p>\n<\/td>\n<td style=\"width: 155.396%;\" valign=\"top\">\n<p style=\"text-align: center;\">1 gab.<\/p>\n<\/td>\n<\/tr>\n<\/tbody>\n<\/table>\n<div id=\"gtx-trans\" style=\"position: absolute; left: 79px; top: 37px;\">\n<div class=\"gtx-trans-icon\"><\/div>\n<\/div>","protected":false},"excerpt":{"rendered":"<p>Double-Decker - gr\u0101matu stat\u012bvs<\/p>","protected":false},"featured_media":11408,"template":"","meta":[],"product_brand":[],"product_cat":[114],"product_tag":[],"class_list":{"0":"post-12475","1":"product","2":"type-product","3":"status-publish","4":"has-post-thumbnail","6":"product_cat-atramos-ir-stovai-knygoms","8":"first","9":"outofstock","10":"product-type-simple"},"_links":{"self":[{"href":"https:\/\/tavieta.lt\/lv\/wp-json\/wp\/v2\/product\/12475","targetHints":{"allow":["GET"]}}],"collection":[{"href":"https:\/\/tavieta.lt\/lv\/wp-json\/wp\/v2\/product"}],"about":[{"href":"https:\/\/tavieta.lt\/lv\/wp-json\/wp\/v2\/types\/product"}],"wp:featuredmedia":[{"embeddable":true,"href":"https:\/\/tavieta.lt\/lv\/wp-json\/wp\/v2\/media\/11408"}],"wp:attachment":[{"href":"https:\/\/tavieta.lt\/lv\/wp-json\/wp\/v2\/media?parent=12475"}],"wp:term":[{"taxonomy":"product_brand","embeddable":true,"href":"https:\/\/tavieta.lt\/lv\/wp-json\/wp\/v2\/product_brand?post=12475"},{"taxonomy":"product_cat","embeddable":true,"href":"https:\/\/tavieta.lt\/lv\/wp-json\/wp\/v2\/product_cat?post=12475"},{"taxonomy":"product_tag","embeddable":true,"href":"https:\/\/tavieta.lt\/lv\/wp-json\/wp\/v2\/product_tag?post=12475"}],"curies":[{"name":"wp","href":"https:\/\/api.w.org\/{rel}","templated":true}]}}