{"id":12476,"date":"2024-02-07T08:31:55","date_gmt":"2024-02-07T08:31:55","guid":{"rendered":"http:\/\/tavieta.lt\/produktas\/stovas-laikrasciams\/"},"modified":"2024-02-07T08:32:01","modified_gmt":"2024-02-07T08:32:01","slug":"stovas-laikrasciams","status":"publish","type":"product","link":"https:\/\/tavieta.lt\/lv\/products\/stovas-laikrasciams\/","title":{"rendered":"Av\u012b\u017eu stends"},"content":{"rendered":"<p>Av\u012b\u017eu un \u017eurn\u0101lu plaukts izgatavots no baltas vai sudraba epoks\u012bda pulverkr\u0101sotas t\u0113rauda stieples. Platums 330 mm, augstums 1300 mm.<\/p>\n<table style=\"width: 52.489%;\" cellspacing=\"0\" cellpadding=\"0\">\n<tbody>\n<tr>\n<td style=\"width: 24.0265%;\" valign=\"top\">\n<p style=\"text-align: center;\"><strong>Kods<\/strong><\/p>\n<\/td>\n<td style=\"width: 53.8805%; text-align: center;\" valign=\"top\">\n<p><strong>Apraksts<\/strong><\/p>\n<\/td>\n<td style=\"width: 120.93%; text-align: center;\" valign=\"top\">\n<p><strong>Daudzums<\/strong><\/p>\n<\/td>\n<\/tr>\n<tr>\n<td style=\"width: 24.0265%;\" valign=\"top\">\n<p style=\"text-align: center;\">DS0640<\/p>\n<\/td>\n<td style=\"width: 53.8805%;\" valign=\"top\">\n<p style=\"text-align: center;\">Av\u012b\u017eu stends<\/p>\n<\/td>\n<td style=\"width: 120.93%;\" valign=\"top\">\n<p style=\"text-align: center;\">1 gab.<\/p>\n<\/td>\n<\/tr>\n<\/tbody>\n<\/table>\n<div id=\"gtx-trans\" style=\"position: absolute; left: 79px; top: 37px;\">\n<div class=\"gtx-trans-icon\"><\/div>\n<\/div>","protected":false},"excerpt":{"rendered":"<p>Stat\u012bvi av\u012bz\u0113m<\/p>","protected":false},"featured_media":11410,"template":"","meta":[],"product_brand":[],"product_cat":[114],"product_tag":[],"class_list":{"0":"post-12476","1":"product","2":"type-product","3":"status-publish","4":"has-post-thumbnail","6":"product_cat-atramos-ir-stovai-knygoms","8":"first","9":"outofstock","10":"product-type-simple"},"_links":{"self":[{"href":"https:\/\/tavieta.lt\/lv\/wp-json\/wp\/v2\/product\/12476","targetHints":{"allow":["GET"]}}],"collection":[{"href":"https:\/\/tavieta.lt\/lv\/wp-json\/wp\/v2\/product"}],"about":[{"href":"https:\/\/tavieta.lt\/lv\/wp-json\/wp\/v2\/types\/product"}],"wp:featuredmedia":[{"embeddable":true,"href":"https:\/\/tavieta.lt\/lv\/wp-json\/wp\/v2\/media\/11410"}],"wp:attachment":[{"href":"https:\/\/tavieta.lt\/lv\/wp-json\/wp\/v2\/media?parent=12476"}],"wp:term":[{"taxonomy":"product_brand","embeddable":true,"href":"https:\/\/tavieta.lt\/lv\/wp-json\/wp\/v2\/product_brand?post=12476"},{"taxonomy":"product_cat","embeddable":true,"href":"https:\/\/tavieta.lt\/lv\/wp-json\/wp\/v2\/product_cat?post=12476"},{"taxonomy":"product_tag","embeddable":true,"href":"https:\/\/tavieta.lt\/lv\/wp-json\/wp\/v2\/product_tag?post=12476"}],"curies":[{"name":"wp","href":"https:\/\/api.w.org\/{rel}","templated":true}]}}