{"id":12477,"date":"2024-02-07T08:31:55","date_gmt":"2024-02-07T08:31:55","guid":{"rendered":"http:\/\/tavieta.lt\/produktas\/ant-grindu-statomas-stovas-a4\/"},"modified":"2024-02-07T08:32:02","modified_gmt":"2024-02-07T08:32:02","slug":"ant-grindu-statomas-stovas-a4","status":"publish","type":"product","link":"https:\/\/tavieta.lt\/lv\/products\/ant-grindu-statomas-stovas-a4\/","title":{"rendered":"Stat\u012bvs A4 ir novietots uz gr\u012bdas"},"content":{"rendered":"<p>Gr\u012bdas stat\u012bvs A4 ar 4, 5, 6, 8 vai 10 A4 kabat\u0101m, izgatavots no baltas vai sudraba epoks\u012bda pulverkr\u0101sotas t\u0113rauda stieples.<\/p>\n<p>&nbsp;<\/p>\n<table style=\"width: 56.8189%;\" cellspacing=\"0\" cellpadding=\"0\">\n<tbody>\n<tr>\n<td style=\"width: 29.2453%;\" valign=\"top\">\n<p style=\"text-align: center;\">Kods<\/p>\n<\/td>\n<td style=\"width: 48.1132%; text-align: center;\" valign=\"top\">\n<p>Apraksts<\/p>\n<\/td>\n<td style=\"width: 196.226%; text-align: center;\" valign=\"top\">\n<p>Daudzums<\/p>\n<\/td>\n<\/tr>\n<tr>\n<td style=\"width: 29.2453%; text-align: center;\" valign=\"top\">\n<p>D50570<\/p>\n<\/td>\n<td style=\"width: 48.1132%; text-align: center;\" valign=\"top\">4 kabatas<\/td>\n<td style=\"width: 196.226%; text-align: center;\" valign=\"top\">\n<p>1 gab.<\/p>\n<\/td>\n<\/tr>\n<tr>\n<td style=\"width: 29.2453%; text-align: center;\" valign=\"top\">\n<p>D50600<\/p>\n<\/td>\n<td style=\"width: 48.1132%; text-align: center;\" valign=\"top\">6 kabatas<\/td>\n<td style=\"width: 196.226%; text-align: center;\" valign=\"top\">\n<p>1 gab.<\/p>\n<\/td>\n<\/tr>\n<tr>\n<td style=\"width: 29.2453%; text-align: center;\" valign=\"top\">\n<p>D51000<\/p>\n<\/td>\n<td style=\"width: 48.1132%; text-align: center;\" valign=\"top\">10 kabatas<\/td>\n<td style=\"width: 196.226%; text-align: center;\" valign=\"top\">\n<p>1 gab.<\/p>\n<\/td>\n<\/tr>\n<tr>\n<td style=\"width: 29.2453%; text-align: center;\" valign=\"top\">\n<p>D50496<\/p>\n<\/td>\n<td style=\"width: 48.1132%; text-align: center;\" valign=\"top\">\n<p>4 kabatas<\/p>\n<\/td>\n<td style=\"width: 196.226%; text-align: center;\" valign=\"top\">\n<p>1 gab.<\/p>\n<\/td>\n<\/tr>\n<tr>\n<td style=\"width: 29.2453%; text-align: center;\" valign=\"top\">\n<p>D50896<\/p>\n<\/td>\n<td style=\"width: 48.1132%; text-align: center;\" valign=\"top\">\n<p>8 kabatas<\/p>\n<\/td>\n<td style=\"width: 196.226%; text-align: center;\" valign=\"top\">\n<p>1 gab.<\/p>\n<\/td>\n<\/tr>\n<\/tbody>\n<\/table>\n<div id=\"gtx-trans\" style=\"position: absolute; left: 79px; top: 37px;\">\n<div class=\"gtx-trans-icon\"><\/div>\n<\/div>","protected":false},"excerpt":{"rendered":"<p>Stat\u012bvs A3 ir novietots uz gr\u012bdas<\/p>","protected":false},"featured_media":11412,"template":"","meta":[],"product_brand":[],"product_cat":[114],"product_tag":[],"class_list":{"0":"post-12477","1":"product","2":"type-product","3":"status-publish","4":"has-post-thumbnail","6":"product_cat-atramos-ir-stovai-knygoms","8":"first","9":"outofstock","10":"product-type-simple"},"_links":{"self":[{"href":"https:\/\/tavieta.lt\/lv\/wp-json\/wp\/v2\/product\/12477","targetHints":{"allow":["GET"]}}],"collection":[{"href":"https:\/\/tavieta.lt\/lv\/wp-json\/wp\/v2\/product"}],"about":[{"href":"https:\/\/tavieta.lt\/lv\/wp-json\/wp\/v2\/types\/product"}],"wp:featuredmedia":[{"embeddable":true,"href":"https:\/\/tavieta.lt\/lv\/wp-json\/wp\/v2\/media\/11412"}],"wp:attachment":[{"href":"https:\/\/tavieta.lt\/lv\/wp-json\/wp\/v2\/media?parent=12477"}],"wp:term":[{"taxonomy":"product_brand","embeddable":true,"href":"https:\/\/tavieta.lt\/lv\/wp-json\/wp\/v2\/product_brand?post=12477"},{"taxonomy":"product_cat","embeddable":true,"href":"https:\/\/tavieta.lt\/lv\/wp-json\/wp\/v2\/product_cat?post=12477"},{"taxonomy":"product_tag","embeddable":true,"href":"https:\/\/tavieta.lt\/lv\/wp-json\/wp\/v2\/product_tag?post=12477"}],"curies":[{"name":"wp","href":"https:\/\/api.w.org\/{rel}","templated":true}]}}