{"id":12480,"date":"2024-02-07T08:31:55","date_gmt":"2024-02-07T08:31:55","guid":{"rendered":"http:\/\/tavieta.lt\/produktas\/ideal-svirtines-pjaustykles-popieriui\/"},"modified":"2024-02-07T08:32:04","modified_gmt":"2024-02-07T08:32:04","slug":"ideal-svirtines-pjaustykles-popieriui","status":"publish","type":"product","link":"https:\/\/tavieta.lt\/lv\/products\/ideal-svirtines-pjaustykles-popieriui\/","title":{"rendered":"Ide\u0101li piem\u0113rots pap\u012bra griez\u0113jiem"},"content":{"rendered":"<p>Ide\u0101li sviras griez\u0113ji pap\u012bram, piem\u0113roti pla\u0161am gr\u0101matu iesie\u0161anas kl\u0101stam, sp\u0113c\u012bgi un uzticami griez\u0113ji, kas nodro\u0161ina perfektu pap\u012bra lok\u0161\u0146u, folijas, kartona un citu materi\u0101lu grie\u0161anu.<\/p>\n<table style=\"width: 80.5574%; height: 672px;\" cellspacing=\"0\" cellpadding=\"0\">\n<tbody>\n<tr style=\"height: 56px;\">\n<td style=\"width: 21.3213%; height: 56px;\" valign=\"top\">\n<p style=\"text-align: center;\"><strong>Materi\u0101la kods<\/strong><\/p>\n<\/td>\n<td style=\"width: 35.8859%; text-align: center; height: 56px;\" valign=\"top\">\n<p><strong>Apraksts<\/strong><\/p>\n<\/td>\n<td style=\"width: 24.1742%; text-align: center; height: 56px;\" valign=\"top\">\n<p><strong>Darba platums\u00a0<\/strong><strong>mm<\/strong><\/p>\n<\/td>\n<td style=\"width: 8.10811%; text-align: center; height: 56px;\" valign=\"top\">\n<p><strong>Jauda<\/strong><\/p>\n<\/td>\n<td style=\"width: 30.4512%; text-align: center; height: 56px;\" valign=\"top\">\n<p><strong>Iepakojums<\/strong><\/p>\n<\/td>\n<\/tr>\n<tr style=\"height: 56px;\">\n<td style=\"width: 21.3213%; text-align: center; height: 56px;\" valign=\"top\">\n<p>40208<\/p>\n<\/td>\n<td style=\"width: 35.8859%; text-align: center; height: 56px;\" valign=\"top\">\n<p>IDEAL 1133 - rokas<\/p>\n<\/td>\n<td style=\"width: 24.1742%; text-align: center; height: 56px;\" valign=\"top\">330<\/td>\n<td style=\"width: 8.10811%; text-align: center; height: 56px;\" valign=\"top\">\n<p align=\"center\">15<\/p>\n<\/td>\n<td style=\"width: 30.4512%; text-align: center; height: 56px;\" valign=\"top\">\n<p style=\"text-align: left;\" align=\"right\">\u00a0 \u00a0 \u00a0 1 gab.<\/p>\n<\/td>\n<\/tr>\n<tr style=\"height: 56px;\">\n<td style=\"width: 21.3213%; text-align: center; height: 56px;\" valign=\"top\">\n<p>40209<\/p>\n<\/td>\n<td style=\"width: 35.8859%; text-align: center; height: 56px;\" valign=\"top\">\n<p>IDEAL 1134 - rokassomi\u0146a<\/p>\n<\/td>\n<td style=\"width: 24.1742%; text-align: center; height: 56px;\" valign=\"top\">350<\/td>\n<td style=\"width: 8.10811%; text-align: center; height: 56px;\" valign=\"top\">\n<p align=\"center\">25<\/p>\n<\/td>\n<td style=\"width: 30.4512%; height: 56px;\" valign=\"top\">\n<p style=\"text-align: center;\" align=\"right\">1 gab.<\/p>\n<\/td>\n<\/tr>\n<tr style=\"height: 56px;\">\n<td style=\"width: 21.3213%; text-align: center; height: 56px;\" valign=\"top\">\n<p>40211<\/p>\n<\/td>\n<td style=\"width: 35.8859%; text-align: center; height: 56px;\" valign=\"top\">\n<p>IDEAL 1135 - autom\u0101ts<\/p>\n<\/td>\n<td style=\"width: 24.1742%; text-align: center; height: 56px;\" valign=\"top\">350<\/td>\n<td style=\"width: 8.10811%; text-align: center; height: 56px;\" valign=\"top\">\n<p align=\"center\">25<\/p>\n<\/td>\n<td style=\"width: 30.4512%; height: 56px;\" valign=\"top\">\n<p style=\"text-align: center;\" align=\"right\">1 gab.<\/p>\n<\/td>\n<\/tr>\n<tr style=\"height: 56px;\">\n<td style=\"width: 21.3213%; text-align: center; height: 56px;\" valign=\"top\">\n<p>40212<\/p>\n<\/td>\n<td style=\"width: 35.8859%; text-align: center; height: 56px;\" valign=\"top\">\n<p>IDEAL 1046 - autom\u0101ts<\/p>\n<\/td>\n<td style=\"width: 24.1742%; text-align: center; height: 56px;\" valign=\"top\">460<\/td>\n<td style=\"width: 8.10811%; text-align: center; height: 56px;\" valign=\"top\">\n<p align=\"center\">30<\/p>\n<\/td>\n<td style=\"width: 30.4512%; height: 56px;\" valign=\"top\">\n<p style=\"text-align: center;\" align=\"right\">1 gab.<\/p>\n<\/td>\n<\/tr>\n<tr style=\"height: 56px;\">\n<td style=\"width: 21.3213%; text-align: center; height: 56px;\" valign=\"top\">\n<p>40213<\/p>\n<\/td>\n<td style=\"width: 35.8859%; text-align: center; height: 56px;\" valign=\"top\">\n<p>IDEAL 1038 - rokassomi\u0146a<\/p>\n<\/td>\n<td style=\"width: 24.1742%; text-align: center; height: 56px;\" valign=\"top\">385<\/td>\n<td style=\"width: 8.10811%; height: 56px;\" valign=\"top\">\n<p align=\"center\">50<\/p>\n<\/td>\n<td style=\"width: 30.4512%; height: 56px;\" valign=\"top\">\n<p style=\"text-align: center;\" align=\"right\">1 gab.<\/p>\n<\/td>\n<\/tr>\n<tr style=\"height: 56px;\">\n<td style=\"width: 21.3213%; text-align: center; height: 56px;\" valign=\"top\">\n<p>40214<\/p>\n<\/td>\n<td style=\"width: 35.8859%; text-align: center; height: 56px;\" valign=\"top\">\n<p>IDEAL 1058 - rokassomi\u0146a<\/p>\n<\/td>\n<td style=\"width: 24.1742%; text-align: center; height: 56px;\" valign=\"top\">580<\/td>\n<td style=\"width: 8.10811%; text-align: center; height: 56px;\" valign=\"top\">\n<p align=\"center\">40<\/p>\n<\/td>\n<td style=\"width: 30.4512%; height: 56px;\" valign=\"top\">\n<p style=\"text-align: center;\" align=\"right\">1 gab.<\/p>\n<\/td>\n<\/tr>\n<tr style=\"height: 56px;\">\n<td style=\"width: 21.3213%; text-align: center; height: 56px;\" valign=\"top\">\n<p>40215<\/p>\n<\/td>\n<td style=\"width: 35.8859%; text-align: center; height: 56px;\" valign=\"top\">\n<p>IDEAL 1071 - rokassomi\u0146a<\/p>\n<\/td>\n<td style=\"width: 24.1742%; text-align: center; height: 56px;\" valign=\"top\">710<\/td>\n<td style=\"width: 8.10811%; text-align: center; height: 56px;\" valign=\"top\">\n<p align=\"center\">40<\/p>\n<\/td>\n<td style=\"width: 30.4512%; height: 56px;\" valign=\"top\">\n<p style=\"text-align: center;\" align=\"right\">1 gab.<\/p>\n<\/td>\n<\/tr>\n<tr style=\"height: 56px;\">\n<td style=\"width: 21.3213%; text-align: center; height: 56px;\" valign=\"top\">\n<p>40216<\/p>\n<\/td>\n<td style=\"width: 35.8859%; text-align: center; height: 56px;\" valign=\"top\">\n<p>IDEAL 1080 - k\u0101jas ped\u0101lis<\/p>\n<\/td>\n<td style=\"width: 24.1742%; text-align: center; height: 56px;\" valign=\"top\">800<\/td>\n<td style=\"width: 8.10811%; text-align: center; height: 56px;\" valign=\"top\">\n<p>4 mm<\/p>\n<\/td>\n<td style=\"width: 30.4512%; height: 56px;\" valign=\"top\">\n<p style=\"text-align: center;\" align=\"right\">1 gab.<\/p>\n<\/td>\n<\/tr>\n<tr style=\"height: 56px;\">\n<td style=\"width: 21.3213%; text-align: center; height: 56px;\" valign=\"top\">\n<p>40217<\/p>\n<\/td>\n<td style=\"width: 35.8859%; text-align: center; height: 56px;\" valign=\"top\">\n<p>IDEAL 1110 - k\u0101jas ped\u0101lis<\/p>\n<\/td>\n<td style=\"width: 24.1742%; text-align: center; height: 56px;\" valign=\"top\">1100<\/td>\n<td style=\"width: 8.10811%; text-align: center; height: 56px;\" valign=\"top\">\n<p>4 mm<\/p>\n<\/td>\n<td style=\"width: 30.4512%; height: 56px;\" valign=\"top\">\n<p style=\"text-align: center;\" align=\"right\">1 gab.<\/p>\n<\/td>\n<\/tr>\n<tr style=\"height: 56px;\">\n<td style=\"width: 21.3213%; text-align: center; height: 56px;\" valign=\"top\">\n<p>40218<\/p>\n<\/td>\n<td style=\"width: 35.8859%; text-align: center; height: 56px;\" valign=\"top\">\n<p>IDEAL 4305 - manu\u0101l\u0101 svira<\/p>\n<\/td>\n<td style=\"width: 24.1742%; text-align: center; height: 56px;\" valign=\"top\">430<\/td>\n<td style=\"width: 8.10811%; text-align: center; height: 56px;\" valign=\"top\">\n<p>40 mm<\/p>\n<\/td>\n<td style=\"width: 30.4512%; height: 56px;\" valign=\"top\">\n<p style=\"text-align: center;\" align=\"right\">1 gab.<\/p>\n<\/td>\n<\/tr>\n<tr style=\"height: 56px;\">\n<td style=\"width: 21.3213%; text-align: center; height: 56px;\" valign=\"top\">\n<p>40219<\/p>\n<\/td>\n<td style=\"width: 35.8859%; text-align: center; height: 56px;\" valign=\"top\">\n<p>IDEAL 4705 - skr\u016bvju prese<\/p>\n<\/td>\n<td style=\"width: 24.1742%; text-align: center; height: 56px;\" valign=\"top\">475<\/td>\n<td style=\"width: 8.10811%; text-align: center; height: 56px;\" valign=\"top\">\n<p>80 mm<\/p>\n<\/td>\n<td style=\"width: 30.4512%; height: 56px;\" valign=\"top\">\n<p style=\"text-align: center;\" align=\"right\">1 gab.<\/p>\n<\/td>\n<\/tr>\n<\/tbody>\n<\/table>\n<div id=\"gtx-trans\" style=\"position: absolute; left: 79px; top: 37px;\">\n<div class=\"gtx-trans-icon\"><\/div>\n<\/div>","protected":false},"excerpt":{"rendered":"<p>Ide\u0101li piem\u0113rots pap\u012bra griez\u0113jiem<\/p>","protected":false},"featured_media":11418,"template":"","meta":[],"product_brand":[],"product_cat":[118],"product_tag":[],"class_list":{"0":"post-12480","1":"product","2":"type-product","3":"status-publish","4":"has-post-thumbnail","6":"product_cat-svirtines-pjaustykles","8":"first","9":"outofstock","10":"product-type-simple"},"_links":{"self":[{"href":"https:\/\/tavieta.lt\/lv\/wp-json\/wp\/v2\/product\/12480","targetHints":{"allow":["GET"]}}],"collection":[{"href":"https:\/\/tavieta.lt\/lv\/wp-json\/wp\/v2\/product"}],"about":[{"href":"https:\/\/tavieta.lt\/lv\/wp-json\/wp\/v2\/types\/product"}],"wp:featuredmedia":[{"embeddable":true,"href":"https:\/\/tavieta.lt\/lv\/wp-json\/wp\/v2\/media\/11418"}],"wp:attachment":[{"href":"https:\/\/tavieta.lt\/lv\/wp-json\/wp\/v2\/media?parent=12480"}],"wp:term":[{"taxonomy":"product_brand","embeddable":true,"href":"https:\/\/tavieta.lt\/lv\/wp-json\/wp\/v2\/product_brand?post=12480"},{"taxonomy":"product_cat","embeddable":true,"href":"https:\/\/tavieta.lt\/lv\/wp-json\/wp\/v2\/product_cat?post=12480"},{"taxonomy":"product_tag","embeddable":true,"href":"https:\/\/tavieta.lt\/lv\/wp-json\/wp\/v2\/product_tag?post=12480"}],"curies":[{"name":"wp","href":"https:\/\/api.w.org\/{rel}","templated":true}]}}