{"id":12481,"date":"2024-02-07T08:31:55","date_gmt":"2024-02-07T08:31:55","guid":{"rendered":"http:\/\/tavieta.lt\/produktas\/bibliotekos-etiketes\/"},"modified":"2024-02-07T08:32:04","modified_gmt":"2024-02-07T08:32:04","slug":"bibliotekos-etiketes","status":"publish","type":"product","link":"https:\/\/tavieta.lt\/lv\/products\/bibliotekos-etiketes\/","title":{"rendered":"Bibliot\u0113kas eti\u0137etes"},"content":{"rendered":"<p>Bibliot\u0113kas eti\u0137etes - r\u016bp\u012bgi atlas\u012btas vienk\u0101r\u0161ai, l\u0113tai gr\u0101matu un citu datu nes\u0113ju klasifik\u0101cijai. Iepakojum\u0101 ir 1000 gab. M\u0113s pied\u0101v\u0101jam 10 kr\u0101sas: balta, zila, za\u013ca, sarkana, dzeltena, zila, roz\u0101, zelta, sudraba un oran\u017ea.<\/p>\n<table style=\"width: 37.9957%;\" cellspacing=\"0\" cellpadding=\"0\">\n<tbody>\n<tr>\n<td style=\"width: 35.2727%; text-align: center;\" valign=\"top\">\n<p>Kods<\/p>\n<\/td>\n<td style=\"width: 37.8182%; text-align: center;\" valign=\"top\">\n<p>Apraksts<\/p>\n<\/td>\n<td style=\"width: 98.4698%; text-align: center;\" valign=\"top\">\n<p>Daudzums\u00a0<\/p>\n<\/td>\n<\/tr>\n<tr>\n<td style=\"width: 35.2727%; text-align: center;\" valign=\"top\">\n<p>GR91676201<\/p>\n<\/td>\n<td style=\"width: 37.8182%; text-align: center;\" valign=\"top\">\n<p>Balts<\/p>\n<\/td>\n<td style=\"width: 98.4698%; text-align: center;\" valign=\"top\">\n<p>1000 gab.<\/p>\n<\/td>\n<\/tr>\n<tr>\n<td style=\"width: 35.2727%; text-align: center;\" valign=\"top\">\n<p>GR91676202<\/p>\n<p>GR91676203<\/p>\n<\/td>\n<td style=\"width: 37.8182%; text-align: center;\" valign=\"top\">\n<p>Zils<\/p>\n<p>Za\u013c\u0161<\/p>\n<\/td>\n<td style=\"width: 98.4698%; text-align: center;\" valign=\"top\">\n<p>1000 gab.<\/p>\n<p>1000 gab.<\/p>\n<\/td>\n<\/tr>\n<tr>\n<td style=\"width: 35.2727%; text-align: center;\" valign=\"top\">\n<p>GR91676204<\/p>\n<\/td>\n<td style=\"width: 37.8182%; text-align: center;\" valign=\"top\">\n<p>Sarkans<\/p>\n<\/td>\n<td style=\"width: 98.4698%; text-align: center;\" valign=\"top\">\n<p>1000 gab.<\/p>\n<\/td>\n<\/tr>\n<tr>\n<td style=\"width: 35.2727%; text-align: center;\" valign=\"top\">\n<p>GR91676205<\/p>\n<\/td>\n<td style=\"width: 37.8182%; text-align: center;\" valign=\"top\">\n<p>Dzeltens<\/p>\n<\/td>\n<td style=\"width: 98.4698%; text-align: center;\" valign=\"top\">\n<p>1000 gab.<\/p>\n<\/td>\n<\/tr>\n<tr>\n<td style=\"width: 35.2727%; text-align: center;\" valign=\"top\">\n<p>GR91676207<\/p>\n<p>GR91676208<\/p>\n<\/td>\n<td style=\"width: 37.8182%; text-align: center;\" valign=\"top\">\n<p>Violeta<\/p>\n<p>Roz\u0101<\/p>\n<\/td>\n<td style=\"width: 98.4698%; text-align: center;\" valign=\"top\">\n<p>1000 gab.<\/p>\n<p>1000 gab.<\/p>\n<\/td>\n<\/tr>\n<tr>\n<td style=\"width: 35.2727%; text-align: center;\" valign=\"top\">\n<p>GR91676209<\/p>\n<\/td>\n<td style=\"width: 37.8182%; text-align: center;\" valign=\"top\">\n<p>Austi\u0146a<\/p>\n<\/td>\n<td style=\"width: 98.4698%; text-align: center;\" valign=\"top\">\n<p>1000 gab.<\/p>\n<\/td>\n<\/tr>\n<tr>\n<td style=\"width: 35.2727%; text-align: center;\" valign=\"top\">\n<p>GR91676210<\/p>\n<\/td>\n<td style=\"width: 37.8182%; text-align: center;\" valign=\"top\">\n<p>Sudrabs<\/p>\n<\/td>\n<td style=\"width: 98.4698%; text-align: center;\" valign=\"top\">\n<p>1000 gab.<\/p>\n<\/td>\n<\/tr>\n<tr>\n<td style=\"width: 35.2727%; text-align: center;\" valign=\"top\">\n<p>GR91676211<\/p>\n<\/td>\n<td style=\"width: 37.8182%; text-align: center;\" valign=\"top\">\n<p>Oran\u017es<\/p>\n<\/td>\n<td style=\"width: 98.4698%; text-align: center;\" valign=\"top\">\n<p>1000 gab.<\/p>\n<\/td>\n<\/tr>\n<\/tbody>\n<\/table>\n<div id=\"gtx-trans\" style=\"position: absolute; left: 79px; top: 37px;\">\n<div class=\"gtx-trans-icon\"><\/div>\n<\/div>","protected":false},"excerpt":{"rendered":"<p>Bibliot\u0113kas eti\u0137etes<\/p>","protected":false},"featured_media":11420,"template":"","meta":[],"product_brand":[],"product_cat":[47],"product_tag":[],"class_list":{"0":"post-12481","1":"product","2":"type-product","3":"status-publish","4":"has-post-thumbnail","6":"product_cat-lentynu-zenklinimas","8":"first","9":"outofstock","10":"product-type-simple"},"_links":{"self":[{"href":"https:\/\/tavieta.lt\/lv\/wp-json\/wp\/v2\/product\/12481","targetHints":{"allow":["GET"]}}],"collection":[{"href":"https:\/\/tavieta.lt\/lv\/wp-json\/wp\/v2\/product"}],"about":[{"href":"https:\/\/tavieta.lt\/lv\/wp-json\/wp\/v2\/types\/product"}],"wp:featuredmedia":[{"embeddable":true,"href":"https:\/\/tavieta.lt\/lv\/wp-json\/wp\/v2\/media\/11420"}],"wp:attachment":[{"href":"https:\/\/tavieta.lt\/lv\/wp-json\/wp\/v2\/media?parent=12481"}],"wp:term":[{"taxonomy":"product_brand","embeddable":true,"href":"https:\/\/tavieta.lt\/lv\/wp-json\/wp\/v2\/product_brand?post=12481"},{"taxonomy":"product_cat","embeddable":true,"href":"https:\/\/tavieta.lt\/lv\/wp-json\/wp\/v2\/product_cat?post=12481"},{"taxonomy":"product_tag","embeddable":true,"href":"https:\/\/tavieta.lt\/lv\/wp-json\/wp\/v2\/product_tag?post=12481"}],"curies":[{"name":"wp","href":"https:\/\/api.w.org\/{rel}","templated":true}]}}