{"id":12483,"date":"2024-02-07T08:31:55","date_gmt":"2024-02-07T08:31:55","guid":{"rendered":"http:\/\/tavieta.lt\/produktas\/etikeciu-laikiklis\/"},"modified":"2024-02-07T08:32:05","modified_gmt":"2024-02-07T08:32:05","slug":"etikeciu-laikiklis","status":"publish","type":"product","link":"https:\/\/tavieta.lt\/lv\/products\/etikeciu-laikiklis\/","title":{"rendered":"Eti\u0137etes tur\u0113t\u0101js"},"content":{"rendered":"<p>L\u012bm\u0113jams plauktu eti\u0137etes tur\u0113t\u0101js.<\/p>\n<p>Izm\u0113ri: 860mm x 19mm. Izm\u0113rus var main\u012bt p\u0113c piepras\u012bjuma.<\/p>\n<p>Daudzums 10 gab. Materi\u0101ls: plastmasa, polietil\u0113ntereftal\u0101ts\u00a0<\/p>\n<p>(PET). Vien\u012bbas: 1 gab.<\/p>\n<table style=\"width: 33.649%;\" cellspacing=\"0\" cellpadding=\"0\">\n<tbody>\n<tr>\n<td style=\"width: 23.3871%; text-align: center;\" valign=\"top\">\n<p><strong>Kods<\/strong><\/p>\n<\/td>\n<td style=\"width: 53.629%; text-align: center;\" valign=\"top\">\n<p><strong>\u00a0\u00a0 \u00a0 \u00a0 Izm\u0113ri\u00a0<\/strong><\/p>\n<\/td>\n<td style=\"width: 106.855%; text-align: center;\" valign=\"top\">\n<p><strong>Daudzums<\/strong><\/p>\n<\/td>\n<\/tr>\n<tr>\n<td style=\"width: 23.3871%; text-align: center;\" valign=\"top\">\n<p>EB3310<\/p>\n<\/td>\n<td style=\"width: 53.629%; text-align: center;\" valign=\"top\">\n<p>\u00a0860\u00a0mm x 19\u00a0mm<\/p>\n<\/td>\n<td style=\"width: 106.855%; text-align: center;\" valign=\"top\">\n<p>10 gab.<\/p>\n<\/td>\n<\/tr>\n<\/tbody>\n<\/table>\n<div id=\"gtx-trans\" style=\"position: absolute; left: 79px; top: 37px;\">\n<div class=\"gtx-trans-icon\"><\/div>\n<\/div>","protected":false},"excerpt":{"rendered":"<p>Eti\u0137etes tur\u0113t\u0101js<\/p>","protected":false},"featured_media":11424,"template":"","meta":[],"product_brand":[],"product_cat":[47],"product_tag":[],"class_list":{"0":"post-12483","1":"product","2":"type-product","3":"status-publish","4":"has-post-thumbnail","6":"product_cat-lentynu-zenklinimas","8":"first","9":"outofstock","10":"product-type-simple"},"_links":{"self":[{"href":"https:\/\/tavieta.lt\/lv\/wp-json\/wp\/v2\/product\/12483","targetHints":{"allow":["GET"]}}],"collection":[{"href":"https:\/\/tavieta.lt\/lv\/wp-json\/wp\/v2\/product"}],"about":[{"href":"https:\/\/tavieta.lt\/lv\/wp-json\/wp\/v2\/types\/product"}],"wp:featuredmedia":[{"embeddable":true,"href":"https:\/\/tavieta.lt\/lv\/wp-json\/wp\/v2\/media\/11424"}],"wp:attachment":[{"href":"https:\/\/tavieta.lt\/lv\/wp-json\/wp\/v2\/media?parent=12483"}],"wp:term":[{"taxonomy":"product_brand","embeddable":true,"href":"https:\/\/tavieta.lt\/lv\/wp-json\/wp\/v2\/product_brand?post=12483"},{"taxonomy":"product_cat","embeddable":true,"href":"https:\/\/tavieta.lt\/lv\/wp-json\/wp\/v2\/product_cat?post=12483"},{"taxonomy":"product_tag","embeddable":true,"href":"https:\/\/tavieta.lt\/lv\/wp-json\/wp\/v2\/product_tag?post=12483"}],"curies":[{"name":"wp","href":"https:\/\/api.w.org\/{rel}","templated":true}]}}