{"id":12484,"date":"2024-02-07T08:31:55","date_gmt":"2024-02-07T08:31:55","guid":{"rendered":"http:\/\/tavieta.lt\/produktas\/lentynu-zymeklis-alfa\/"},"modified":"2024-02-07T08:32:06","modified_gmt":"2024-02-07T08:32:06","slug":"lentynu-zymeklis-alfa","status":"publish","type":"product","link":"https:\/\/tavieta.lt\/lv\/products\/lentynu-zymeklis-alfa\/","title":{"rendered":"Plauktu mar\u0137ieris alfa"},"content":{"rendered":"<p>Plauktu mar\u0137ieris alfa, izgatavots no baltas plastmasas, z\u012bmes apdruk\u0101tas ar UV tinti. J\u016bs varat izv\u0113l\u0113ties vajadz\u012bg\u0101s kr\u0101sas un z\u012bmes.<\/p>\n<table style=\"width: 46.9997%;\" cellspacing=\"0\" cellpadding=\"0\">\n<tbody>\n<tr>\n<td style=\"width: 25.4545%; text-align: center;\" valign=\"top\">\n<p><strong>Kods<\/strong><\/p>\n<\/td>\n<td style=\"width: 53.8182%; text-align: center;\" valign=\"top\">\n<p><strong>\u00a0\u00a0 \u00a0 \u00a0 Apraksts<\/strong><\/p>\n<\/td>\n<td style=\"width: 127.849%; text-align: center;\" valign=\"top\">\n<p><strong>Daudzums<\/strong><\/p>\n<\/td>\n<\/tr>\n<tr>\n<td style=\"width: 25.4545%; text-align: center;\" valign=\"top\">\n<p>TK561-1<\/p>\n<p>TK561-12<\/p>\n<p>TK561-13<\/p>\n<p>TK561-14<\/p>\n<\/td>\n<td style=\"width: 53.8182%; text-align: center;\" valign=\"top\">\n<p>Melns<\/p>\n<p>Sarkans<\/p>\n<p>Zils<\/p>\n<p>Za\u013c\u0161<\/p>\n<\/td>\n<td style=\"width: 127.849%; text-align: center;\" valign=\"top\">\n<p>31 gab.<\/p>\n<p>31 gab.<\/p>\n<p>31 gab.<\/p>\n<p>31 gab.<\/p>\n<\/td>\n<\/tr>\n<\/tbody>\n<\/table>\n<div id=\"gtx-trans\" style=\"position: absolute; left: 79px; top: 37px;\">\n<div class=\"gtx-trans-icon\"><\/div>\n<\/div>","protected":false},"excerpt":{"rendered":"<p>Plauktu mar\u0137ieris<\/p>","protected":false},"featured_media":11426,"template":"","meta":[],"product_brand":[],"product_cat":[47],"product_tag":[],"class_list":{"0":"post-12484","1":"product","2":"type-product","3":"status-publish","4":"has-post-thumbnail","6":"product_cat-lentynu-zenklinimas","8":"first","9":"outofstock","10":"product-type-simple"},"_links":{"self":[{"href":"https:\/\/tavieta.lt\/lv\/wp-json\/wp\/v2\/product\/12484","targetHints":{"allow":["GET"]}}],"collection":[{"href":"https:\/\/tavieta.lt\/lv\/wp-json\/wp\/v2\/product"}],"about":[{"href":"https:\/\/tavieta.lt\/lv\/wp-json\/wp\/v2\/types\/product"}],"wp:featuredmedia":[{"embeddable":true,"href":"https:\/\/tavieta.lt\/lv\/wp-json\/wp\/v2\/media\/11426"}],"wp:attachment":[{"href":"https:\/\/tavieta.lt\/lv\/wp-json\/wp\/v2\/media?parent=12484"}],"wp:term":[{"taxonomy":"product_brand","embeddable":true,"href":"https:\/\/tavieta.lt\/lv\/wp-json\/wp\/v2\/product_brand?post=12484"},{"taxonomy":"product_cat","embeddable":true,"href":"https:\/\/tavieta.lt\/lv\/wp-json\/wp\/v2\/product_cat?post=12484"},{"taxonomy":"product_tag","embeddable":true,"href":"https:\/\/tavieta.lt\/lv\/wp-json\/wp\/v2\/product_tag?post=12484"}],"curies":[{"name":"wp","href":"https:\/\/api.w.org\/{rel}","templated":true}]}}