{"id":12486,"date":"2024-02-07T08:32:10","date_gmt":"2024-02-07T08:32:10","guid":{"rendered":"http:\/\/tavieta.lt\/produktas\/zymejimo-ratukai\/"},"modified":"2024-02-07T08:32:11","modified_gmt":"2024-02-07T08:32:11","slug":"zymejimo-ratukai","status":"publish","type":"product","link":"https:\/\/tavieta.lt\/lv\/products\/zymejimo-ratukai\/","title":{"rendered":"Mar\u0137\u0113\u0161anas rite\u0146i"},"content":{"rendered":"<p>Kr\u0101su kod\u0113\u0161anas punkti \u2013 mar\u0137\u0113\u0161anas riten\u012b\u0161i, spilgtas kr\u0101sas, \u013cauj \u0101tri atpaz\u012bt gr\u0101matas, \u017eurn\u0101lus, s\u0113jma\u0161\u012bnas, medijus. Ilgsto\u0161a, spiedienjut\u012bga, lip\u012bga. 1000 uzl\u012bmes punktu rull\u012b. Pied\u0101v\u0101jam da\u017e\u0101das kr\u0101sas. 19 mm rite\u0146i.<\/p>\n<table style=\"width: 42.2081%; height: 560px;\" cellspacing=\"0\" cellpadding=\"0\">\n<tbody>\n<tr style=\"height: 56px;\">\n<td style=\"width: 23.0769%; text-align: center; height: 56px;\" valign=\"top\">\n<p><strong>Kods<\/strong><\/p>\n<\/td>\n<td style=\"width: 50.8547%; text-align: center; height: 56px;\" valign=\"top\">\n<p><strong>Apraksts<\/strong><\/p>\n<\/td>\n<td style=\"width: 166.584%; text-align: center; height: 56px;\" valign=\"top\">\n<p><strong>Daudzums<\/strong><\/p>\n<\/td>\n<\/tr>\n<tr style=\"height: 56px;\">\n<td style=\"width: 23.0769%; text-align: center; height: 56px;\" valign=\"top\">\n<p>BR271102<\/p>\n<\/td>\n<td style=\"width: 50.8547%; text-align: center; height: 56px;\" valign=\"top\">\n<p>tum\u0161i zils<\/p>\n<\/td>\n<td style=\"width: 166.584%; text-align: center; height: 56px;\" valign=\"top\">\n<p>1000 gab.<\/p>\n<\/td>\n<\/tr>\n<tr style=\"height: 56px;\">\n<td style=\"width: 23.0769%; text-align: center; height: 56px;\" valign=\"top\">\n<p>BR271103<\/p>\n<\/td>\n<td style=\"width: 50.8547%; text-align: center; height: 56px;\" valign=\"top\">\n<p>za\u013c\u0161<\/p>\n<\/td>\n<td style=\"width: 166.584%; text-align: center; height: 56px;\" valign=\"top\">\n<p>1000 gab.<\/p>\n<\/td>\n<\/tr>\n<tr style=\"height: 56px;\">\n<td style=\"width: 23.0769%; text-align: center; height: 56px;\" valign=\"top\">\n<p>BR271104<\/p>\n<\/td>\n<td style=\"width: 50.8547%; text-align: center; height: 56px;\" valign=\"top\">\n<p>sarkans<\/p>\n<\/td>\n<td style=\"width: 166.584%; text-align: center; height: 56px;\" valign=\"top\">\n<p>1000 gab.<\/p>\n<\/td>\n<\/tr>\n<tr style=\"height: 56px;\">\n<td style=\"width: 23.0769%; text-align: center; height: 56px;\" valign=\"top\">\n<p>BR271105<\/p>\n<\/td>\n<td style=\"width: 50.8547%; text-align: center; height: 56px;\" valign=\"top\">\n<p>dzeltens<\/p>\n<\/td>\n<td style=\"width: 166.584%; text-align: center; height: 56px;\" valign=\"top\">\n<p>1000 gab.<\/p>\n<\/td>\n<\/tr>\n<tr style=\"height: 56px;\">\n<td class=\"param_value\" style=\"width: 23.0769%; height: 56px;\">\u00a0 \u00a0BR271106<\/td>\n<td style=\"width: 50.8547%; text-align: center; height: 56px;\" valign=\"top\">\n<p>oran\u017ea<\/p>\n<\/td>\n<td style=\"width: 166.584%; text-align: center; height: 56px;\" valign=\"top\">\n<p>1000 gab.<\/p>\n<\/td>\n<\/tr>\n<tr style=\"height: 56px;\">\n<td style=\"width: 23.0769%; text-align: center; height: 56px;\" valign=\"top\">\n<p>BR271009<\/p>\n<\/td>\n<td style=\"width: 50.8547%; text-align: center; height: 56px;\" valign=\"top\">\n<p>gai\u0161i zils<\/p>\n<\/td>\n<td style=\"width: 166.584%; text-align: center; height: 56px;\" valign=\"top\">\n<p>1000 gab.<\/p>\n<\/td>\n<\/tr>\n<tr style=\"height: 56px;\">\n<td style=\"width: 23.0769%; text-align: center; height: 56px;\" valign=\"top\">\n<p>BR271010<\/p>\n<\/td>\n<td style=\"width: 50.8547%; text-align: center; height: 56px;\" valign=\"top\">\n<p>roz\u0101<\/p>\n<\/td>\n<td style=\"width: 166.584%; text-align: center; height: 56px;\" valign=\"top\">\n<p>1000 gab.<\/p>\n<\/td>\n<\/tr>\n<tr style=\"height: 56px;\">\n<td style=\"width: 23.0769%; text-align: center; height: 56px;\" valign=\"top\">\n<p>BR271012<\/p>\n<\/td>\n<td style=\"width: 50.8547%; text-align: center; height: 56px;\" valign=\"top\">\n<p>\u00a0pel\u0113ks<\/p>\n<\/td>\n<td style=\"width: 166.584%; text-align: center; height: 56px;\" valign=\"top\">\n<p>1000 gab.<\/p>\n<\/td>\n<\/tr>\n<tr style=\"height: 56px;\">\n<td style=\"width: 23.0769%; text-align: center; height: 56px;\" valign=\"top\">\n<p>BR271017<\/p>\n<\/td>\n<td style=\"width: 50.8547%; text-align: center; height: 56px;\" valign=\"top\">\n<p>violeta<\/p>\n<\/td>\n<td style=\"width: 166.584%; text-align: center; height: 56px;\" valign=\"top\">\n<p>1000 gab.<\/p>\n<\/td>\n<\/tr>\n<tr>\n<td style=\"width: 23.0769%; text-align: center;\">\n<p>BR271018<\/p>\n<\/td>\n<td style=\"width: 50.8547%; text-align: center;\">\n<p>melns<\/p>\n<\/td>\n<td style=\"width: 166.584%; text-align: center;\">\n<p>1000 gab.<\/p>\n<\/td>\n<\/tr>\n<\/tbody>\n<\/table>\n<p>&nbsp;<\/p>\n<div id=\"gtx-trans\" style=\"position: absolute; left: 79px; top: 37px;\">\n<div class=\"gtx-trans-icon\"><\/div>\n<\/div>","protected":false},"excerpt":{"rendered":"<p>mar\u0137\u0113\u0161anas rite\u0146i<\/p>","protected":false},"featured_media":11430,"template":"","meta":[],"product_brand":[],"product_cat":[47],"product_tag":[],"class_list":{"0":"post-12486","1":"product","2":"type-product","3":"status-publish","4":"has-post-thumbnail","6":"product_cat-lentynu-zenklinimas","8":"first","9":"outofstock","10":"product-type-simple"},"_links":{"self":[{"href":"https:\/\/tavieta.lt\/lv\/wp-json\/wp\/v2\/product\/12486","targetHints":{"allow":["GET"]}}],"collection":[{"href":"https:\/\/tavieta.lt\/lv\/wp-json\/wp\/v2\/product"}],"about":[{"href":"https:\/\/tavieta.lt\/lv\/wp-json\/wp\/v2\/types\/product"}],"wp:featuredmedia":[{"embeddable":true,"href":"https:\/\/tavieta.lt\/lv\/wp-json\/wp\/v2\/media\/11430"}],"wp:attachment":[{"href":"https:\/\/tavieta.lt\/lv\/wp-json\/wp\/v2\/media?parent=12486"}],"wp:term":[{"taxonomy":"product_brand","embeddable":true,"href":"https:\/\/tavieta.lt\/lv\/wp-json\/wp\/v2\/product_brand?post=12486"},{"taxonomy":"product_cat","embeddable":true,"href":"https:\/\/tavieta.lt\/lv\/wp-json\/wp\/v2\/product_cat?post=12486"},{"taxonomy":"product_tag","embeddable":true,"href":"https:\/\/tavieta.lt\/lv\/wp-json\/wp\/v2\/product_tag?post=12486"}],"curies":[{"name":"wp","href":"https:\/\/api.w.org\/{rel}","templated":true}]}}