{"id":12487,"date":"2024-02-07T08:32:10","date_gmt":"2024-02-07T08:32:10","guid":{"rendered":"http:\/\/tavieta.lt\/produktas\/magnetine-juosta-tvirtinimui\/"},"modified":"2024-02-07T08:32:11","modified_gmt":"2024-02-07T08:32:11","slug":"magnetine-juosta-tvirtinimui","status":"publish","type":"product","link":"https:\/\/tavieta.lt\/lv\/products\/magnetine-juosta-tvirtinimui\/","title":{"rendered":"Magn\u0113tisk\u0101 lente stiprin\u0101\u0161anai"},"content":{"rendered":"<p>Pievienojiet eti\u0137etes, izk\u0101rtnes, piez\u012bmes vai plak\u0101tus met\u0101la gr\u0101matu rati\u0146iem, plauktiem, dokumentu skapjiem vai jebkurai met\u0101la virsmai. Lentes izm\u0113rs: 1,3 cm x 60 cm. Pieg\u0101d\u0101jam ar\u012b cita platuma lentes p\u0113c J\u016bsu piepras\u012bjuma, lentu var viegli p\u0101rgriezt un format\u0113t. Iepakojum\u0101 10 gab.<\/p>\n<table style=\"width: 50.6485%; height: 112px;\" cellspacing=\"0\" cellpadding=\"0\">\n<tbody>\n<tr style=\"height: 56px;\">\n<td style=\"width: 29.4355%; height: 56px; text-align: center;\" valign=\"top\">\n<p><strong>Kods<\/strong><\/p>\n<\/td>\n<td style=\"width: 47.9839%; height: 56px; text-align: center;\" valign=\"top\">\n<p><strong>Apraksts<\/strong><\/p>\n<\/td>\n<td style=\"width: 148.866%; height: 56px; text-align: center;\" valign=\"top\">\n<p><strong>Daudzums<\/strong><\/p>\n<\/td>\n<\/tr>\n<tr style=\"height: 56px;\">\n<td style=\"width: 29.4355%; height: 56px; text-align: center;\" valign=\"top\">\n<p>OST00114<\/p>\n<\/td>\n<td style=\"width: 47.9839%; height: 56px; text-align: center;\" valign=\"top\">\n<p>1,3 cm x 60 cm<\/p>\n<\/td>\n<td style=\"width: 148.866%; height: 56px; text-align: center;\" valign=\"top\">\n<p>10 gab.<\/p>\n<\/td>\n<\/tr>\n<\/tbody>\n<\/table>\n<div id=\"gtx-trans\" style=\"position: absolute; left: 79px; top: 37px;\">\n<div class=\"gtx-trans-icon\"><\/div>\n<\/div>","protected":false},"excerpt":{"rendered":"<p>Magn\u0113tisk\u0101 lente<\/p>","protected":false},"featured_media":11432,"template":"","meta":[],"product_brand":[],"product_cat":[47],"product_tag":[],"class_list":{"0":"post-12487","1":"product","2":"type-product","3":"status-publish","4":"has-post-thumbnail","6":"product_cat-lentynu-zenklinimas","8":"first","9":"outofstock","10":"product-type-simple"},"_links":{"self":[{"href":"https:\/\/tavieta.lt\/lv\/wp-json\/wp\/v2\/product\/12487","targetHints":{"allow":["GET"]}}],"collection":[{"href":"https:\/\/tavieta.lt\/lv\/wp-json\/wp\/v2\/product"}],"about":[{"href":"https:\/\/tavieta.lt\/lv\/wp-json\/wp\/v2\/types\/product"}],"wp:featuredmedia":[{"embeddable":true,"href":"https:\/\/tavieta.lt\/lv\/wp-json\/wp\/v2\/media\/11432"}],"wp:attachment":[{"href":"https:\/\/tavieta.lt\/lv\/wp-json\/wp\/v2\/media?parent=12487"}],"wp:term":[{"taxonomy":"product_brand","embeddable":true,"href":"https:\/\/tavieta.lt\/lv\/wp-json\/wp\/v2\/product_brand?post=12487"},{"taxonomy":"product_cat","embeddable":true,"href":"https:\/\/tavieta.lt\/lv\/wp-json\/wp\/v2\/product_cat?post=12487"},{"taxonomy":"product_tag","embeddable":true,"href":"https:\/\/tavieta.lt\/lv\/wp-json\/wp\/v2\/product_tag?post=12487"}],"curies":[{"name":"wp","href":"https:\/\/api.w.org\/{rel}","templated":true}]}}