{"id":12491,"date":"2024-02-07T08:32:10","date_gmt":"2024-02-07T08:32:10","guid":{"rendered":"http:\/\/tavieta.lt\/produktas\/h-bands-gumos-knygu-klijavimui\/"},"modified":"2025-01-30T13:01:23","modified_gmt":"2025-01-30T13:01:23","slug":"h-bands-gumos-knygu-klijavimui","status":"publish","type":"product","link":"https:\/\/tavieta.lt\/lv\/products\/h-bands-gumos-knygu-klijavimui\/","title":{"rendered":"H-Bands gumijas gr\u0101matu l\u012bm\u0113\u0161anai"},"content":{"rendered":"<p>H-Bands gr\u0101matu iesie\u0161anai \u2013 \u010detrvirzienu gumijas lentes konstrukcija gr\u0101matu iesie\u0161anai un l\u012bm\u0113\u0161anai. Vienm\u0113r\u012bgi nospie\u017e gr\u0101matas virsmu. Izmantojiet, ja v\u0113laties, lai l\u012bme pareizi piel\u012bp. 50 sloksnes iepakojum\u0101<\/p>\n<table style=\"width: 56.0784%;\" cellspacing=\"0\" cellpadding=\"0\">\n<tbody>\n<tr>\n<td style=\"width: 28.626%; text-align: center;\" valign=\"top\">\n<p><strong>Kods<\/strong><\/p>\n<\/td>\n<td style=\"width: 50%; text-align: center;\" valign=\"top\">\n<p><strong>Apraksts<\/strong><\/p>\n<\/td>\n<td style=\"width: 222.519%; text-align: center;\" valign=\"top\">\n<p><strong>Daudzums<\/strong><\/p>\n<\/td>\n<\/tr>\n<tr>\n<td style=\"width: 28.626%; text-align: center;\" valign=\"top\">\n<p>BR117002<\/p>\n<\/td>\n<td style=\"width: 50%; text-align: center;\" valign=\"top\">\n<p>H joslas, sarkanas\u00a0<\/p>\n<\/td>\n<td style=\"width: 222.519%; text-align: center;\" valign=\"top\">\n<p>50 gab.<\/p>\n<\/td>\n<\/tr>\n<\/tbody>\n<\/table>\n<div id=\"gtx-trans\" style=\"position: absolute; left: 79px; top: 37px;\">\n<div class=\"gtx-trans-icon\"><\/div>\n<\/div>","protected":false},"excerpt":{"rendered":"<p>H joslas<\/p>","protected":false},"featured_media":11439,"template":"","meta":[],"product_brand":[],"product_cat":[227],"product_tag":[],"class_list":{"0":"post-12491","1":"product","2":"type-product","3":"status-publish","4":"has-post-thumbnail","6":"product_cat-restauravimo-priemones","8":"first","9":"outofstock","10":"product-type-simple"},"_links":{"self":[{"href":"https:\/\/tavieta.lt\/lv\/wp-json\/wp\/v2\/product\/12491","targetHints":{"allow":["GET"]}}],"collection":[{"href":"https:\/\/tavieta.lt\/lv\/wp-json\/wp\/v2\/product"}],"about":[{"href":"https:\/\/tavieta.lt\/lv\/wp-json\/wp\/v2\/types\/product"}],"wp:featuredmedia":[{"embeddable":true,"href":"https:\/\/tavieta.lt\/lv\/wp-json\/wp\/v2\/media\/11439"}],"wp:attachment":[{"href":"https:\/\/tavieta.lt\/lv\/wp-json\/wp\/v2\/media?parent=12491"}],"wp:term":[{"taxonomy":"product_brand","embeddable":true,"href":"https:\/\/tavieta.lt\/lv\/wp-json\/wp\/v2\/product_brand?post=12491"},{"taxonomy":"product_cat","embeddable":true,"href":"https:\/\/tavieta.lt\/lv\/wp-json\/wp\/v2\/product_cat?post=12491"},{"taxonomy":"product_tag","embeddable":true,"href":"https:\/\/tavieta.lt\/lv\/wp-json\/wp\/v2\/product_tag?post=12491"}],"curies":[{"name":"wp","href":"https:\/\/api.w.org\/{rel}","templated":true}]}}