{"id":12492,"date":"2024-02-07T08:32:10","date_gmt":"2024-02-07T08:32:10","guid":{"rendered":"http:\/\/tavieta.lt\/produktas\/poliravimo-kauliukai-is-teflono\/"},"modified":"2025-01-30T13:01:24","modified_gmt":"2025-01-30T13:01:24","slug":"poliravimo-kauliukai-is-teflono","status":"publish","type":"product","link":"https:\/\/tavieta.lt\/lv\/products\/poliravimo-kauliukai-is-teflono\/","title":{"rendered":"Pul\u0113\u0161anas akme\u0146i no teflona"},"content":{"rendered":"<p>Pul\u0113\u0161anas akme\u0146i ir izgatavoti no va\u013ca vai teflona.<\/p>\n<table style=\"width: 57.8089%; height: 283px;\" cellspacing=\"0\" cellpadding=\"0\">\n<tbody>\n<tr style=\"height: 56px;\">\n<td style=\"width: 33.0211%; text-align: center; height: 56px;\" valign=\"top\">\n<p><strong>Materi\u0101la kods<\/strong><\/p>\n<\/td>\n<td style=\"width: 50.1171%; text-align: center; height: 56px;\" valign=\"top\">\n<p><strong>Apraksts<\/strong><\/p>\n<\/td>\n<td style=\"width: 101.731%; text-align: center; height: 56px;\" valign=\"top\">\n<p><strong>Iepakojums<\/strong><\/p>\n<\/td>\n<\/tr>\n<tr style=\"height: 56px;\">\n<td style=\"width: 33.0211%; text-align: center; height: 56px;\" valign=\"top\">\n<p>10533<\/p>\n<\/td>\n<td style=\"width: 50.1171%; text-align: center; height: 56px;\" valign=\"top\">\n<p>Gr\u0101matu iesie\u0161anas matrica, 15 cm<\/p>\n<\/td>\n<td style=\"width: 101.731%; height: 56px; text-align: center;\" valign=\"top\">\n<p align=\"right\">1 gab.<\/p>\n<\/td>\n<\/tr>\n<tr style=\"height: 59px;\">\n<td style=\"width: 33.0211%; text-align: center; height: 59px;\" valign=\"top\">\n<p>RT1210<\/p>\n<\/td>\n<td style=\"width: 50.1171%; text-align: center; height: 59px;\" valign=\"top\">\n<p>Teflona kubs 1, 14,5 cm<\/p>\n<\/td>\n<td style=\"width: 101.731%; height: 59px; text-align: center;\" valign=\"top\">\n<p align=\"right\">1 gab.<\/p>\n<\/td>\n<\/tr>\n<tr style=\"height: 56px;\">\n<td style=\"width: 33.0211%; height: 56px;\" valign=\"top\">\n<p style=\"text-align: center;\">RT1212<\/p>\n<\/td>\n<td style=\"width: 50.1171%; text-align: center; height: 56px;\" valign=\"top\">\n<p>Teflona kubs 2, 15 cm<\/p>\n<\/td>\n<td style=\"width: 101.731%; height: 56px; text-align: center;\" valign=\"top\">\n<p align=\"right\">1 gab.<\/p>\n<\/td>\n<\/tr>\n<tr style=\"height: 56px;\">\n<td style=\"width: 33.0211%; text-align: center; height: 56px;\" valign=\"top\">\n<p>RT1202<\/p>\n<\/td>\n<td style=\"width: 50.1171%; text-align: center; height: 56px;\" valign=\"top\">\n<p>Teflona kubs 3, 18,5 cm<\/p>\n<\/td>\n<td style=\"width: 101.731%; height: 56px; text-align: center;\" valign=\"top\">\n<p align=\"right\">1 gab<\/p>\n<\/td>\n<\/tr>\n<\/tbody>\n<\/table>\n<div id=\"gtx-trans\" style=\"position: absolute; left: 79px; top: 37px;\">\n<div class=\"gtx-trans-icon\"><\/div>\n<\/div>","protected":false},"excerpt":{"rendered":"<p>kaulu pul\u0113\u0161ana<\/p>","protected":false},"featured_media":11441,"template":"","meta":[],"product_brand":[],"product_cat":[227],"product_tag":[],"class_list":{"0":"post-12492","1":"product","2":"type-product","3":"status-publish","4":"has-post-thumbnail","6":"product_cat-restauravimo-priemones","8":"first","9":"outofstock","10":"product-type-simple"},"_links":{"self":[{"href":"https:\/\/tavieta.lt\/lv\/wp-json\/wp\/v2\/product\/12492","targetHints":{"allow":["GET"]}}],"collection":[{"href":"https:\/\/tavieta.lt\/lv\/wp-json\/wp\/v2\/product"}],"about":[{"href":"https:\/\/tavieta.lt\/lv\/wp-json\/wp\/v2\/types\/product"}],"wp:featuredmedia":[{"embeddable":true,"href":"https:\/\/tavieta.lt\/lv\/wp-json\/wp\/v2\/media\/11441"}],"wp:attachment":[{"href":"https:\/\/tavieta.lt\/lv\/wp-json\/wp\/v2\/media?parent=12492"}],"wp:term":[{"taxonomy":"product_brand","embeddable":true,"href":"https:\/\/tavieta.lt\/lv\/wp-json\/wp\/v2\/product_brand?post=12492"},{"taxonomy":"product_cat","embeddable":true,"href":"https:\/\/tavieta.lt\/lv\/wp-json\/wp\/v2\/product_cat?post=12492"},{"taxonomy":"product_tag","embeddable":true,"href":"https:\/\/tavieta.lt\/lv\/wp-json\/wp\/v2\/product_tag?post=12492"}],"curies":[{"name":"wp","href":"https:\/\/api.w.org\/{rel}","templated":true}]}}