{"id":12493,"date":"2024-02-07T08:32:10","date_gmt":"2024-02-07T08:32:10","guid":{"rendered":"http:\/\/tavieta.lt\/produktas\/archyvines-kokybes-rasikliai\/"},"modified":"2025-01-30T13:21:30","modified_gmt":"2025-01-30T13:21:30","slug":"archyvines-kokybes-rasikliai","status":"publish","type":"product","link":"https:\/\/tavieta.lt\/lv\/products\/archyvines-kokybes-rasikliai\/","title":{"rendered":"Arh\u012bva kvalit\u0101tes pildspalvas ar neitr\u0101lu pH l\u012bmeni"},"content":{"rendered":"<p>Arh\u012bva kvalit\u0101tes pildspalvas, \u016bdens un \u0137\u012bmiski iztur\u012bgas, pH neitr\u0101las. Ide\u0101li piem\u0113rots videi, kur\u0101 nav sk\u0101ba, ar izcilu arhiv\u0113\u0161anas tintes veiktsp\u0113ju. P\u0113c \u017e\u0101v\u0113\u0161anas neizsm\u0113r\u0113jas. Tr\u012bs melnu pildspalvu komplekt\u0101 ar 1 mm, 2 mm un 3 mm uzga\u013ciem. Pieejamas ar\u012b t\u0101da pa\u0161a biezuma pildspalvas.<\/p>\n<table style=\"width: 53.0248%;\" cellspacing=\"0\" cellpadding=\"0\">\n<tbody>\n<tr>\n<td style=\"width: 22.7273%; text-align: center;\" valign=\"top\">\n<p><strong>Kods<\/strong><\/p>\n<\/td>\n<td style=\"width: 60.303%; text-align: center;\" valign=\"top\">\n<p><strong>Apraksts<\/strong><\/p>\n<\/td>\n<td style=\"width: 136.401%; text-align: center;\" valign=\"top\">\n<p><strong>Daudzums<\/strong><\/p>\n<\/td>\n<\/tr>\n<tr>\n<td style=\"width: 22.7273%; text-align: center;\" valign=\"top\">\n<p>BR<span style=\"font-size: 16px;\">212101<\/span><\/p>\n<\/td>\n<td style=\"width: 60.303%; text-align: center;\" valign=\"top\">\n<p>Arh\u012bva kvalit\u0101tes pildspalvas<\/p>\n<\/td>\n<td style=\"width: 136.401%; text-align: center;\" valign=\"top\">\n<p>3 gab.<\/p>\n<\/td>\n<\/tr>\n<\/tbody>\n<\/table>\n<div id=\"gtx-trans\" style=\"position: absolute; left: 79px; top: 37px;\">\n<div class=\"gtx-trans-icon\"><\/div>\n<\/div>","protected":false},"excerpt":{"rendered":"<p>Arh\u012bva kvalit\u0101tes pildspalvas<\/p>","protected":false},"featured_media":11443,"template":"","meta":[],"product_brand":[],"product_cat":[227],"product_tag":[],"class_list":{"0":"post-12493","1":"product","2":"type-product","3":"status-publish","4":"has-post-thumbnail","6":"product_cat-restauravimo-priemones","8":"first","9":"outofstock","10":"product-type-simple"},"_links":{"self":[{"href":"https:\/\/tavieta.lt\/lv\/wp-json\/wp\/v2\/product\/12493","targetHints":{"allow":["GET"]}}],"collection":[{"href":"https:\/\/tavieta.lt\/lv\/wp-json\/wp\/v2\/product"}],"about":[{"href":"https:\/\/tavieta.lt\/lv\/wp-json\/wp\/v2\/types\/product"}],"wp:featuredmedia":[{"embeddable":true,"href":"https:\/\/tavieta.lt\/lv\/wp-json\/wp\/v2\/media\/11443"}],"wp:attachment":[{"href":"https:\/\/tavieta.lt\/lv\/wp-json\/wp\/v2\/media?parent=12493"}],"wp:term":[{"taxonomy":"product_brand","embeddable":true,"href":"https:\/\/tavieta.lt\/lv\/wp-json\/wp\/v2\/product_brand?post=12493"},{"taxonomy":"product_cat","embeddable":true,"href":"https:\/\/tavieta.lt\/lv\/wp-json\/wp\/v2\/product_cat?post=12493"},{"taxonomy":"product_tag","embeddable":true,"href":"https:\/\/tavieta.lt\/lv\/wp-json\/wp\/v2\/product_tag?post=12493"}],"curies":[{"name":"wp","href":"https:\/\/api.w.org\/{rel}","templated":true}]}}