{"id":12494,"date":"2024-02-07T08:32:10","date_gmt":"2024-02-07T08:32:10","guid":{"rendered":"http:\/\/tavieta.lt\/produktas\/knygu-aplankalu-valytuvas\/"},"modified":"2025-01-30T13:23:43","modified_gmt":"2025-01-30T13:23:43","slug":"knygu-aplankalu-valytuvas","status":"publish","type":"product","link":"https:\/\/tavieta.lt\/lv\/products\/knygu-aplankalu-valytuvas\/","title":{"rendered":"Gr\u0101matu v\u0101ku t\u012br\u012bt\u0101js"},"content":{"rendered":"<p>Gr\u0101matu v\u0101ku t\u012br\u012b\u0161anas l\u012bdzeklis - gludai l\u012bmpl\u0113vju uzkl\u0101\u0161anai bez burbu\u013ciem. Ar filca l\u0101psti\u0146u j\u016bs varat izl\u012bdzin\u0101t virsmu tie\u0161i, nerisk\u0113jot saskr\u0101p\u0113t.<\/p>\n<ul>\n<li>Izgatavots no koka ar \u013coti m\u012bkstu vilnu<\/li>\n<li>Platums: 16 cm.<\/li>\n<\/ul>\n<table style=\"width: 49.5933%;\" cellspacing=\"0\" cellpadding=\"0\">\n<tbody>\n<tr>\n<td style=\"width: 13.0751%; text-align: center;\" valign=\"top\">\n<p><strong>Kods<\/strong><\/p>\n<\/td>\n<td style=\"width: 73.3656%; text-align: center;\" valign=\"top\">\n<p><strong>Apraksts<\/strong><\/p>\n<\/td>\n<td style=\"width: 80.1453%; text-align: center;\" valign=\"top\">\n<p><strong>Daudzums<\/strong><\/p>\n<\/td>\n<\/tr>\n<tr>\n<td style=\"width: 13.0751%; text-align: center;\" valign=\"top\">\n<p>10388<\/p>\n<\/td>\n<td style=\"width: 73.3656%; text-align: center;\" valign=\"top\">\n<p>Gr\u0101matu t\u012br\u012bt\u0101js, 16 cm Koka ar filcu<\/p>\n<\/td>\n<td style=\"width: 80.1453%; text-align: center;\" valign=\"top\">\n<p>1 gab.<\/p>\n<\/td>\n<\/tr>\n<tr>\n<td style=\"width: 13.0751%; text-align: center;\" valign=\"top\">\n<p>10389<\/p>\n<\/td>\n<td style=\"width: 73.3656%; text-align: center;\" valign=\"top\">\n<p>Gr\u0101matu t\u012br\u012bt\u0101js, 27 cm Koka ar filcu<\/p>\n<\/td>\n<td style=\"width: 80.1453%; text-align: center;\" valign=\"top\">\n<p>1 gab.<\/p>\n<\/td>\n<\/tr>\n<\/tbody>\n<\/table>\n<div id=\"gtx-trans\" style=\"position: absolute; left: 79px; top: 37px;\">\n<div class=\"gtx-trans-icon\"><\/div>\n<\/div>","protected":false},"excerpt":{"rendered":"<p>t\u012br\u012bt\u0101js<\/p>","protected":false},"featured_media":11445,"template":"","meta":[],"product_brand":[],"product_cat":[110],"product_tag":[],"class_list":{"0":"post-12494","1":"product","2":"type-product","3":"status-publish","4":"has-post-thumbnail","6":"product_cat-knygu-valymo-priemones","8":"first","9":"outofstock","10":"product-type-simple"},"_links":{"self":[{"href":"https:\/\/tavieta.lt\/lv\/wp-json\/wp\/v2\/product\/12494","targetHints":{"allow":["GET"]}}],"collection":[{"href":"https:\/\/tavieta.lt\/lv\/wp-json\/wp\/v2\/product"}],"about":[{"href":"https:\/\/tavieta.lt\/lv\/wp-json\/wp\/v2\/types\/product"}],"wp:featuredmedia":[{"embeddable":true,"href":"https:\/\/tavieta.lt\/lv\/wp-json\/wp\/v2\/media\/11445"}],"wp:attachment":[{"href":"https:\/\/tavieta.lt\/lv\/wp-json\/wp\/v2\/media?parent=12494"}],"wp:term":[{"taxonomy":"product_brand","embeddable":true,"href":"https:\/\/tavieta.lt\/lv\/wp-json\/wp\/v2\/product_brand?post=12494"},{"taxonomy":"product_cat","embeddable":true,"href":"https:\/\/tavieta.lt\/lv\/wp-json\/wp\/v2\/product_cat?post=12494"},{"taxonomy":"product_tag","embeddable":true,"href":"https:\/\/tavieta.lt\/lv\/wp-json\/wp\/v2\/product_tag?post=12494"}],"curies":[{"name":"wp","href":"https:\/\/api.w.org\/{rel}","templated":true}]}}